{"id":72591,"date":"2022-12-01T09:24:31","date_gmt":"2022-12-01T09:24:31","guid":{"rendered":"https:\/\/logistiikkakeskus.net\/kauppa\/tuote\/huomiopilottitakki-hydrowear-stara-m\/"},"modified":"2026-01-20T09:17:30","modified_gmt":"2026-01-20T07:17:30","slug":"huomiopilottitakki-hydrowear-stara-m","status":"publish","type":"product","link":"https:\/\/logistiikkakeskus.net\/kauppa\/tuote\/huomiopilottitakki-hydrowear-stara-m\/","title":{"rendered":"Talvitakki Croston Hi-Vis Stara M"},"content":{"rendered":"<p>TILAUSTUOTE.TUOTTEELLA NORMAALIA PIDEMPI TOIMITUSAIKA.Croston-takki, Stara painatuksella sopii eritt\u00e4in hyvin ankariinty\u00f6olosuhteisiin, koska sill\u00e4 on hyv\u00e4 kulutuskest\u00e4vyys.T\u00e4ss\u00e4 k\u00e4yt\u00e4nn\u00f6llisess\u00e4 bomber-takissa on kyn\u00e4taskuvasemmassa k\u00e4sivarressa ja sek\u00e4 vy\u00f6t\u00e4r\u00f6\u00e4 ett\u00e4hihanp\u00e4it\u00e4 voidaan kaventaa. Mukavuuden vuoksit\u00e4ss\u00e4 takissa on my\u00f6s pidennetty selk\u00e4osa. Tikattuvuori on irrotettava ja huppu voidaan piilottaakaulukseen, joten voit s\u00e4\u00e4t\u00e4\u00e4 t\u00e4t\u00e4 takkia s\u00e4\u00e4n mukaan.Ominaisuudet:Suora kaulus, kaulukseen piilotettava huppu,vetoketju l\u00e4p\u00e4n alla, 1 rintatasku, 2 sis\u00e4taskua l\u00e4p\u00e4ll\u00e41 kyn\u00e4tasku, joustavat hihan suut, resori vy\u00f6t\u00e4r\u00f6ll\u00e4 ja kavennuksetpainonapeilla vy\u00f6t\u00e4r\u00f6n sivulla, pidennetty selk\u00e4osaHakusana: talvitakki, huomiotakki, toppatakki<\/p>\n","protected":false},"excerpt":{"rendered":"<p>TILAUSTUOTE.TUOTTEELLA NORMAALIA PIDEMPI TOIMITUSAIKA.Croston-takki, Stara painatuksella sopii eritt\u00e4in hyvin ankariinty\u00f6olosuhteisiin, koska sill\u00e4 on hyv\u00e4 kulutuskest\u00e4vyys.T\u00e4ss\u00e4 k\u00e4yt\u00e4nn\u00f6llisess\u00e4 bomber-takissa on kyn\u00e4taskuvasemmassa k\u00e4sivarressa ja sek\u00e4 vy\u00f6t\u00e4r\u00f6\u00e4 ett\u00e4hihanp\u00e4it\u00e4 voidaan kaventaa. Mukavuuden vuoksit\u00e4ss\u00e4 takissa on my\u00f6s pidennetty selk\u00e4osa. Tikattuvuori on irrotettava ja huppu voidaan piilottaakaulukseen, joten voit s\u00e4\u00e4t\u00e4\u00e4 t\u00e4t\u00e4 takkia s\u00e4\u00e4n mukaan.Ominaisuudet:Suora kaulus, kaulukseen piilotettava huppu,vetoketju l\u00e4p\u00e4n alla, 1 rintatasku, [&hellip;]<\/p>\n","protected":false},"featured_media":103122,"comment_status":"open","ping_status":"closed","template":"","meta":[],"product_brand":[],"product_cat":[3330],"product_tag":[],"class_list":{"0":"post-72591","1":"product","2":"type-product","3":"status-publish","4":"has-post-thumbnail","6":"product_cat-vaatteet-tyovaatteet-stara-talvivaatteet","8":"first","9":"instock","10":"shipping-taxable","11":"purchasable","12":"product-type-simple"},"_links":{"self":[{"href":"https:\/\/logistiikkakeskus.net\/kauppa\/wp-json\/wp\/v2\/product\/72591","targetHints":{"allow":["GET"]}}],"collection":[{"href":"https:\/\/logistiikkakeskus.net\/kauppa\/wp-json\/wp\/v2\/product"}],"about":[{"href":"https:\/\/logistiikkakeskus.net\/kauppa\/wp-json\/wp\/v2\/types\/product"}],"replies":[{"embeddable":true,"href":"https:\/\/logistiikkakeskus.net\/kauppa\/wp-json\/wp\/v2\/comments?post=72591"}],"wp:featuredmedia":[{"embeddable":true,"href":"https:\/\/logistiikkakeskus.net\/kauppa\/wp-json\/wp\/v2\/media\/103122"}],"wp:attachment":[{"href":"https:\/\/logistiikkakeskus.net\/kauppa\/wp-json\/wp\/v2\/media?parent=72591"}],"wp:term":[{"taxonomy":"product_brand","embeddable":true,"href":"https:\/\/logistiikkakeskus.net\/kauppa\/wp-json\/wp\/v2\/product_brand?post=72591"},{"taxonomy":"product_cat","embeddable":true,"href":"https:\/\/logistiikkakeskus.net\/kauppa\/wp-json\/wp\/v2\/product_cat?post=72591"},{"taxonomy":"product_tag","embeddable":true,"href":"https:\/\/logistiikkakeskus.net\/kauppa\/wp-json\/wp\/v2\/product_tag?post=72591"}],"curies":[{"name":"wp","href":"https:\/\/api.w.org\/{rel}","templated":true}]}}