{"id":72575,"date":"2022-12-01T09:24:24","date_gmt":"2022-12-01T09:24:24","guid":{"rendered":"https:\/\/logistiikkakeskus.net\/kauppa\/tuote\/sadetakki-huomio-kelt-belvill-sioen-xs\/"},"modified":"2026-01-20T09:17:29","modified_gmt":"2026-01-20T07:17:29","slug":"sadetakki-huomio-kelt-belvill-sioen-xs","status":"publish","type":"product","link":"https:\/\/logistiikkakeskus.net\/kauppa\/tuote\/sadetakki-huomio-kelt-belvill-sioen-xs\/","title":{"rendered":"Helsinki Sadetakki huomio kelt. XS"},"content":{"rendered":"<p>Helsinki Sadetakki huomio kelt.Helsinki Sadetakki huomio, Helsinki painatuksilla. on sek\u00e4 hengitt\u00e4v\u00e4,vedenpit\u00e4v\u00e4 ett\u00e4 optimaalisen n\u00e4kyvyyden sadetakki. Sis\u00e4ll\u00e4 olevakosteutta imev\u00e4 pinnoite ja kainalon ilmanvaihto est\u00e4v\u00e4t tahmeutta.Huppu voidaan piilottaa kaulukseen ja vetoketju on piilotettupainonepparein varustetun l\u00e4p\u00e4n alle. Veden- ja tuulenpit\u00e4v\u00e4ss\u00e4sadetakissa on kaksi taskua ja joustava hihat, jotka voidaan kaventaapainoneppareilla.Ominaisuudet: Piilotettava huppu kauluksessa,vetoketjusuljentanapillisella tuulilistalla,kaksi sis\u00e4taskua,joustavat hihansuut,kainaloissa ilmanvaihtoaukot,sis\u00e4ll\u00e4 verkkovuori ja polyamidia hihoissa.V\u00e4ri: kelta-navySertifioitu:EN ISO 20471 Class 3, EN 343, EN ISO 13688Materiaali 100 prosenttia polyesteria,100 prosenttinen PU pinnoiteella.Hakusana: Sadetakki,Helsinki<\/p>\n","protected":false},"excerpt":{"rendered":"<p>Helsinki Sadetakki huomio kelt.Helsinki Sadetakki huomio, Helsinki painatuksilla. on sek\u00e4 hengitt\u00e4v\u00e4,vedenpit\u00e4v\u00e4 ett\u00e4 optimaalisen n\u00e4kyvyyden sadetakki. Sis\u00e4ll\u00e4 olevakosteutta imev\u00e4 pinnoite ja kainalon ilmanvaihto est\u00e4v\u00e4t tahmeutta.Huppu voidaan piilottaa kaulukseen ja vetoketju on piilotettupainonepparein varustetun l\u00e4p\u00e4n alle. Veden- ja tuulenpit\u00e4v\u00e4ss\u00e4sadetakissa on kaksi taskua ja joustava hihat, jotka voidaan kaventaapainoneppareilla.Ominaisuudet: Piilotettava huppu kauluksessa,vetoketjusuljentanapillisella tuulilistalla,kaksi sis\u00e4taskua,joustavat hihansuut,kainaloissa ilmanvaihtoaukot,sis\u00e4ll\u00e4 verkkovuori ja [&hellip;]<\/p>\n","protected":false},"featured_media":103113,"comment_status":"open","ping_status":"closed","template":"","meta":[],"product_brand":[],"product_cat":[3410],"product_tag":[],"class_list":{"0":"post-72575","1":"product","2":"type-product","3":"status-publish","4":"has-post-thumbnail","6":"product_cat-vaatteet-tyovaatteet-stara-sadevaatteet","8":"first","9":"instock","10":"shipping-taxable","11":"purchasable","12":"product-type-simple"},"_links":{"self":[{"href":"https:\/\/logistiikkakeskus.net\/kauppa\/wp-json\/wp\/v2\/product\/72575","targetHints":{"allow":["GET"]}}],"collection":[{"href":"https:\/\/logistiikkakeskus.net\/kauppa\/wp-json\/wp\/v2\/product"}],"about":[{"href":"https:\/\/logistiikkakeskus.net\/kauppa\/wp-json\/wp\/v2\/types\/product"}],"replies":[{"embeddable":true,"href":"https:\/\/logistiikkakeskus.net\/kauppa\/wp-json\/wp\/v2\/comments?post=72575"}],"wp:featuredmedia":[{"embeddable":true,"href":"https:\/\/logistiikkakeskus.net\/kauppa\/wp-json\/wp\/v2\/media\/103113"}],"wp:attachment":[{"href":"https:\/\/logistiikkakeskus.net\/kauppa\/wp-json\/wp\/v2\/media?parent=72575"}],"wp:term":[{"taxonomy":"product_brand","embeddable":true,"href":"https:\/\/logistiikkakeskus.net\/kauppa\/wp-json\/wp\/v2\/product_brand?post=72575"},{"taxonomy":"product_cat","embeddable":true,"href":"https:\/\/logistiikkakeskus.net\/kauppa\/wp-json\/wp\/v2\/product_cat?post=72575"},{"taxonomy":"product_tag","embeddable":true,"href":"https:\/\/logistiikkakeskus.net\/kauppa\/wp-json\/wp\/v2\/product_tag?post=72575"}],"curies":[{"name":"wp","href":"https:\/\/api.w.org\/{rel}","templated":true}]}}