{"id":72573,"date":"2022-12-01T09:24:24","date_gmt":"2022-12-01T09:24:24","guid":{"rendered":"https:\/\/logistiikkakeskus.net\/kauppa\/tuote\/sadehousut-huomio-norvill-sion-xs\/"},"modified":"2026-01-20T09:17:28","modified_gmt":"2026-01-20T07:17:28","slug":"sadehousut-huomio-norvill-sion-xs","status":"publish","type":"product","link":"https:\/\/logistiikkakeskus.net\/kauppa\/tuote\/sadehousut-huomio-norvill-sion-xs\/","title":{"rendered":"Helsinki Sadehousut huomio XS"},"content":{"rendered":"<p>Helsinki Sadehousut huomioSadehousut Helsinki painatuksella huomiov\u00e4risten sadehousujen hengitt\u00e4v\u00e4ja vedenpit\u00e4v\u00e4 ulkoinen kangas pit\u00e4\u00e4 sinut t\u00e4ysin kuivana, kun taasfluoresoiva v\u00e4ri ja heijastinnauhat tekev\u00e4t sinusta n\u00e4kyv\u00e4n my\u00f6sheikossa valaistusolosuhteissa. Joustava vy\u00f6t\u00e4r\u00f6 lis\u00e4\u00e4 n\u00e4iden kevyidensadehousujen mukavuutta, samoin kuin alasp\u00e4in kapenevatlahkeet.Ominaisuudet:kapenevat lahkeet,nappikiristyksell\u00e4,joustovy\u00f6t\u00e4r\u00f6,sis\u00e4puoli polyamidivuorella.V\u00e4ri:kelta-navySertifioitu: EN ISO 20471 Class 1, EN 343, EN ISO 13688Materiaalit: 100 prosentista polyesteria, 100 prosentinen PUpinnoitteella.Hakusana: sadehousu, sadehousut, Helsinki<\/p>\n","protected":false},"excerpt":{"rendered":"<p>Helsinki Sadehousut huomioSadehousut Helsinki painatuksella huomiov\u00e4risten sadehousujen hengitt\u00e4v\u00e4ja vedenpit\u00e4v\u00e4 ulkoinen kangas pit\u00e4\u00e4 sinut t\u00e4ysin kuivana, kun taasfluoresoiva v\u00e4ri ja heijastinnauhat tekev\u00e4t sinusta n\u00e4kyv\u00e4n my\u00f6sheikossa valaistusolosuhteissa. Joustava vy\u00f6t\u00e4r\u00f6 lis\u00e4\u00e4 n\u00e4iden kevyidensadehousujen mukavuutta, samoin kuin alasp\u00e4in kapenevatlahkeet.Ominaisuudet:kapenevat lahkeet,nappikiristyksell\u00e4,joustovy\u00f6t\u00e4r\u00f6,sis\u00e4puoli polyamidivuorella.V\u00e4ri:kelta-navySertifioitu: EN ISO 20471 Class 1, EN 343, EN ISO 13688Materiaalit: 100 prosentista polyesteria, 100 prosentinen PUpinnoitteella.Hakusana: sadehousu, sadehousut, [&hellip;]<\/p>\n","protected":false},"featured_media":103105,"comment_status":"open","ping_status":"closed","template":"","meta":[],"product_brand":[],"product_cat":[3410],"product_tag":[],"class_list":{"0":"post-72573","1":"product","2":"type-product","3":"status-publish","4":"has-post-thumbnail","6":"product_cat-vaatteet-tyovaatteet-stara-sadevaatteet","8":"first","9":"instock","10":"shipping-taxable","11":"purchasable","12":"product-type-simple"},"_links":{"self":[{"href":"https:\/\/logistiikkakeskus.net\/kauppa\/wp-json\/wp\/v2\/product\/72573","targetHints":{"allow":["GET"]}}],"collection":[{"href":"https:\/\/logistiikkakeskus.net\/kauppa\/wp-json\/wp\/v2\/product"}],"about":[{"href":"https:\/\/logistiikkakeskus.net\/kauppa\/wp-json\/wp\/v2\/types\/product"}],"replies":[{"embeddable":true,"href":"https:\/\/logistiikkakeskus.net\/kauppa\/wp-json\/wp\/v2\/comments?post=72573"}],"wp:featuredmedia":[{"embeddable":true,"href":"https:\/\/logistiikkakeskus.net\/kauppa\/wp-json\/wp\/v2\/media\/103105"}],"wp:attachment":[{"href":"https:\/\/logistiikkakeskus.net\/kauppa\/wp-json\/wp\/v2\/media?parent=72573"}],"wp:term":[{"taxonomy":"product_brand","embeddable":true,"href":"https:\/\/logistiikkakeskus.net\/kauppa\/wp-json\/wp\/v2\/product_brand?post=72573"},{"taxonomy":"product_cat","embeddable":true,"href":"https:\/\/logistiikkakeskus.net\/kauppa\/wp-json\/wp\/v2\/product_cat?post=72573"},{"taxonomy":"product_tag","embeddable":true,"href":"https:\/\/logistiikkakeskus.net\/kauppa\/wp-json\/wp\/v2\/product_tag?post=72573"}],"curies":[{"name":"wp","href":"https:\/\/api.w.org\/{rel}","templated":true}]}}