{"id":72565,"date":"2022-12-01T09:24:21","date_gmt":"2022-12-01T09:24:21","guid":{"rendered":"https:\/\/logistiikkakeskus.net\/kauppa\/tuote\/huomiotakki-softshell-lk2-helsinki-4xl\/"},"modified":"2026-01-20T09:17:27","modified_gmt":"2026-01-20T07:17:27","slug":"huomiotakki-softshell-lk2-helsinki-4xl","status":"publish","type":"product","link":"https:\/\/logistiikkakeskus.net\/kauppa\/tuote\/huomiotakki-softshell-lk2-helsinki-4xl\/","title":{"rendered":"Helsinki Softshell takki huomio (M), 4XL"},"content":{"rendered":"<p>TILAUSTUOTE.TUOTTEELLA NORMAALIA PIDEMPI TOIMITUSAIKA.Helsinki Softshell takki huomio LK2, miestenVett\u00e4hylkiv\u00e4,joustava ja hengitt\u00e4v\u00e4,mutta samalla my\u00f6s loistavastituultapit\u00e4v\u00e4 softshell-takki,jossa l\u00e4mm\u00f6n takaa fleecevuori. Takkiedustaa t\u00e4m\u00e4n p\u00e4iv\u00e4n modernia muotoilua ja miellytt\u00e4v\u00e4\u00e4k\u00e4ytt\u00f6mukavuutta.Tuotteessa on useita erilaisia taskuja jayksityiskohtia.Ominaisuudet: Etuvetoketjun alla tuulisuojalista,vasemmalla nnassareilun kokoinen vetoketjullinen tasku,oikealla rinnassahenkil\u00f6korttitasku,vasemmassa hihassa tasku kynille taipienille ty\u00f6kaluille, edess\u00e4 reilun kokoiset sivutaskut vetoketjulla,sis\u00e4ll\u00e4 vasemmalla povitasku tarrakiinnityksell\u00e4 ja oikealla iso tasku,helmassa s\u00e4\u00e4dett\u00e4v\u00e4 kuminauhakiristys, hihoissa kuminauha jakiristystampit neppareilla.V\u00e4ri keltainen\/mustaSertifioitu:EN 20471 LK.2Hakusana:huomiotakki,softshell,takki,Helsinki<\/p>\n","protected":false},"excerpt":{"rendered":"<p>TILAUSTUOTE.TUOTTEELLA NORMAALIA PIDEMPI TOIMITUSAIKA.Helsinki Softshell takki huomio LK2, miestenVett\u00e4hylkiv\u00e4,joustava ja hengitt\u00e4v\u00e4,mutta samalla my\u00f6s loistavastituultapit\u00e4v\u00e4 softshell-takki,jossa l\u00e4mm\u00f6n takaa fleecevuori. Takkiedustaa t\u00e4m\u00e4n p\u00e4iv\u00e4n modernia muotoilua ja miellytt\u00e4v\u00e4\u00e4k\u00e4ytt\u00f6mukavuutta.Tuotteessa on useita erilaisia taskuja jayksityiskohtia.Ominaisuudet: Etuvetoketjun alla tuulisuojalista,vasemmalla nnassareilun kokoinen vetoketjullinen tasku,oikealla rinnassahenkil\u00f6korttitasku,vasemmassa hihassa tasku kynille taipienille ty\u00f6kaluille, edess\u00e4 reilun kokoiset sivutaskut vetoketjulla,sis\u00e4ll\u00e4 vasemmalla povitasku tarrakiinnityksell\u00e4 ja oikealla iso tasku,helmassa [&hellip;]<\/p>\n","protected":false},"featured_media":103091,"comment_status":"open","ping_status":"closed","template":"","meta":[],"product_brand":[],"product_cat":[3412],"product_tag":[],"class_list":{"0":"post-72565","1":"product","2":"type-product","3":"status-publish","4":"has-post-thumbnail","6":"product_cat-vaatteet-tyovaatteet-stara-kesavaatteet","8":"first","9":"instock","10":"shipping-taxable","11":"purchasable","12":"product-type-simple"},"_links":{"self":[{"href":"https:\/\/logistiikkakeskus.net\/kauppa\/wp-json\/wp\/v2\/product\/72565","targetHints":{"allow":["GET"]}}],"collection":[{"href":"https:\/\/logistiikkakeskus.net\/kauppa\/wp-json\/wp\/v2\/product"}],"about":[{"href":"https:\/\/logistiikkakeskus.net\/kauppa\/wp-json\/wp\/v2\/types\/product"}],"replies":[{"embeddable":true,"href":"https:\/\/logistiikkakeskus.net\/kauppa\/wp-json\/wp\/v2\/comments?post=72565"}],"wp:featuredmedia":[{"embeddable":true,"href":"https:\/\/logistiikkakeskus.net\/kauppa\/wp-json\/wp\/v2\/media\/103091"}],"wp:attachment":[{"href":"https:\/\/logistiikkakeskus.net\/kauppa\/wp-json\/wp\/v2\/media?parent=72565"}],"wp:term":[{"taxonomy":"product_brand","embeddable":true,"href":"https:\/\/logistiikkakeskus.net\/kauppa\/wp-json\/wp\/v2\/product_brand?post=72565"},{"taxonomy":"product_cat","embeddable":true,"href":"https:\/\/logistiikkakeskus.net\/kauppa\/wp-json\/wp\/v2\/product_cat?post=72565"},{"taxonomy":"product_tag","embeddable":true,"href":"https:\/\/logistiikkakeskus.net\/kauppa\/wp-json\/wp\/v2\/product_tag?post=72565"}],"curies":[{"name":"wp","href":"https:\/\/api.w.org\/{rel}","templated":true}]}}