{"id":72505,"date":"2022-12-01T09:23:58","date_gmt":"2022-12-01T09:23:58","guid":{"rendered":"https:\/\/logistiikkakeskus.net\/kauppa\/tuote\/sadehousut-huomio-norvill-sion-m\/"},"modified":"2026-01-20T09:17:24","modified_gmt":"2026-01-20T07:17:24","slug":"sadehousut-huomio-norvill-sion-m","status":"publish","type":"product","link":"https:\/\/logistiikkakeskus.net\/kauppa\/tuote\/sadehousut-huomio-norvill-sion-m\/","title":{"rendered":"Helsinki Sadehousut huomio M"},"content":{"rendered":"<p>Norvill 799 Sadehousut100 % vedenkest\u00e4v\u00e4t, tuulenpit\u00e4v\u00e4t huomiosadehousut. Mukavat ja kevyetp\u00e4\u00e4ll\u00e4. Lahkeissa kavennusmahdollisuus neppareilla. Vy\u00f6t\u00e4r\u00f6ll\u00e4kuminauha. Teipatut saumat. 100% polesteria, PU-pinnoite.EN ISO 20471:2013 LK 1EN 343:2003+A1:2007<\/p>\n","protected":false},"excerpt":{"rendered":"<p>Norvill 799 Sadehousut100 % vedenkest\u00e4v\u00e4t, tuulenpit\u00e4v\u00e4t huomiosadehousut. Mukavat ja kevyetp\u00e4\u00e4ll\u00e4. Lahkeissa kavennusmahdollisuus neppareilla. Vy\u00f6t\u00e4r\u00f6ll\u00e4kuminauha. Teipatut saumat. 100% polesteria, PU-pinnoite.EN ISO 20471:2013 LK 1EN 343:2003+A1:2007<\/p>\n","protected":false},"featured_media":103066,"comment_status":"open","ping_status":"closed","template":"","meta":[],"product_brand":[],"product_cat":[3410],"product_tag":[],"class_list":{"0":"post-72505","1":"product","2":"type-product","3":"status-publish","4":"has-post-thumbnail","6":"product_cat-vaatteet-tyovaatteet-stara-sadevaatteet","8":"first","9":"instock","10":"shipping-taxable","11":"purchasable","12":"product-type-simple"},"_links":{"self":[{"href":"https:\/\/logistiikkakeskus.net\/kauppa\/wp-json\/wp\/v2\/product\/72505","targetHints":{"allow":["GET"]}}],"collection":[{"href":"https:\/\/logistiikkakeskus.net\/kauppa\/wp-json\/wp\/v2\/product"}],"about":[{"href":"https:\/\/logistiikkakeskus.net\/kauppa\/wp-json\/wp\/v2\/types\/product"}],"replies":[{"embeddable":true,"href":"https:\/\/logistiikkakeskus.net\/kauppa\/wp-json\/wp\/v2\/comments?post=72505"}],"wp:featuredmedia":[{"embeddable":true,"href":"https:\/\/logistiikkakeskus.net\/kauppa\/wp-json\/wp\/v2\/media\/103066"}],"wp:attachment":[{"href":"https:\/\/logistiikkakeskus.net\/kauppa\/wp-json\/wp\/v2\/media?parent=72505"}],"wp:term":[{"taxonomy":"product_brand","embeddable":true,"href":"https:\/\/logistiikkakeskus.net\/kauppa\/wp-json\/wp\/v2\/product_brand?post=72505"},{"taxonomy":"product_cat","embeddable":true,"href":"https:\/\/logistiikkakeskus.net\/kauppa\/wp-json\/wp\/v2\/product_cat?post=72505"},{"taxonomy":"product_tag","embeddable":true,"href":"https:\/\/logistiikkakeskus.net\/kauppa\/wp-json\/wp\/v2\/product_tag?post=72505"}],"curies":[{"name":"wp","href":"https:\/\/api.w.org\/{rel}","templated":true}]}}