{"id":72429,"date":"2022-12-01T09:23:31","date_gmt":"2022-12-01T09:23:31","guid":{"rendered":"https:\/\/logistiikkakeskus.net\/kauppa\/tuote\/yhd-suodatin-sr-297-abek1-puolinaamari\/"},"modified":"2026-01-20T09:17:21","modified_gmt":"2026-01-20T07:17:21","slug":"yhd-suodatin-sr-297-abek1-puolinaamari","status":"publish","type":"product","link":"https:\/\/logistiikkakeskus.net\/kauppa\/tuote\/yhd-suodatin-sr-297-abek1-puolinaamari\/","title":{"rendered":"X Yhd.suodatin SR 297 ABEK1 puolinaamari"},"content":{"rendered":"<p>Sopii suodatinadapterilla 280-3:lla varustettuihin kokonaamareihin sek\u00e4Sundstr\u00f6min puolinaamareihin. Suodatin SR 297 ABEK1 suojautumiseenorgaanisilta yhdisteilt\u00e4, joiden kiehumispiste on yli 65 C,ep\u00e4orgaanisilta yhdisteilt\u00e4 ja happamilta kaasuilta\/h\u00f6yryilt\u00e4 sek\u00e4ammoniakilta. Kaasusuodattimen kanssa voidaan k\u00e4ytt\u00e4\u00e4 hiukkassuodatinta,joka painetaan kiinni kaasusuodattimen p\u00e4\u00e4lle. Vastaa EN 141:1990vaatimuksia. Myyntier\u00e4 1 kpl (4 kpl\/rasia). HUOM: Ei k\u00e4ymoottorimaskiin.<\/p>\n","protected":false},"excerpt":{"rendered":"<p>Sopii suodatinadapterilla 280-3:lla varustettuihin kokonaamareihin sek\u00e4Sundstr\u00f6min puolinaamareihin. Suodatin SR 297 ABEK1 suojautumiseenorgaanisilta yhdisteilt\u00e4, joiden kiehumispiste on yli 65 C,ep\u00e4orgaanisilta yhdisteilt\u00e4 ja happamilta kaasuilta\/h\u00f6yryilt\u00e4 sek\u00e4ammoniakilta. Kaasusuodattimen kanssa voidaan k\u00e4ytt\u00e4\u00e4 hiukkassuodatinta,joka painetaan kiinni kaasusuodattimen p\u00e4\u00e4lle. Vastaa EN 141:1990vaatimuksia. Myyntier\u00e4 1 kpl (4 kpl\/rasia). HUOM: Ei k\u00e4ymoottorimaskiin.<\/p>\n","protected":false},"featured_media":103030,"comment_status":"open","ping_status":"closed","template":"","meta":[],"product_brand":[],"product_cat":[3399],"product_tag":[],"class_list":{"0":"post-72429","1":"product","2":"type-product","3":"status-publish","4":"has-post-thumbnail","6":"product_cat-henkilonsuojaimet-ja-tyoturvallisuus-henkilonsuojaimet-hengityssuojaimet","8":"first","9":"instock","10":"shipping-taxable","11":"purchasable","12":"product-type-simple"},"_links":{"self":[{"href":"https:\/\/logistiikkakeskus.net\/kauppa\/wp-json\/wp\/v2\/product\/72429","targetHints":{"allow":["GET"]}}],"collection":[{"href":"https:\/\/logistiikkakeskus.net\/kauppa\/wp-json\/wp\/v2\/product"}],"about":[{"href":"https:\/\/logistiikkakeskus.net\/kauppa\/wp-json\/wp\/v2\/types\/product"}],"replies":[{"embeddable":true,"href":"https:\/\/logistiikkakeskus.net\/kauppa\/wp-json\/wp\/v2\/comments?post=72429"}],"wp:featuredmedia":[{"embeddable":true,"href":"https:\/\/logistiikkakeskus.net\/kauppa\/wp-json\/wp\/v2\/media\/103030"}],"wp:attachment":[{"href":"https:\/\/logistiikkakeskus.net\/kauppa\/wp-json\/wp\/v2\/media?parent=72429"}],"wp:term":[{"taxonomy":"product_brand","embeddable":true,"href":"https:\/\/logistiikkakeskus.net\/kauppa\/wp-json\/wp\/v2\/product_brand?post=72429"},{"taxonomy":"product_cat","embeddable":true,"href":"https:\/\/logistiikkakeskus.net\/kauppa\/wp-json\/wp\/v2\/product_cat?post=72429"},{"taxonomy":"product_tag","embeddable":true,"href":"https:\/\/logistiikkakeskus.net\/kauppa\/wp-json\/wp\/v2\/product_tag?post=72429"}],"curies":[{"name":"wp","href":"https:\/\/api.w.org\/{rel}","templated":true}]}}