{"id":72417,"date":"2022-12-01T09:23:25","date_gmt":"2022-12-01T09:23:25","guid":{"rendered":"https:\/\/logistiikkakeskus.net\/kauppa\/tuote\/puolinaamari-sundstrom-sr-900-koko-m\/"},"modified":"2026-01-20T09:17:20","modified_gmt":"2026-01-20T07:17:20","slug":"puolinaamari-sundstrom-sr-900-koko-m","status":"publish","type":"product","link":"https:\/\/logistiikkakeskus.net\/kauppa\/tuote\/puolinaamari-sundstrom-sr-900-koko-m\/","title":{"rendered":"Puolinaamari Sundstr\u00f6m SR 900, koko M"},"content":{"rendered":"<p>TPE\/PP:st\u00e4 valmistettu puolinaamari. Kahden uloshengitysventtiilinansiosta hengitysvastus on eritt\u00e4in pieniPeitekannet suojaavat uloshengityskalvoa tehokkaasti p\u00f6ly- jamaalihiukkasilta. Naamarin runkomateriaaleilla ja v\u00e4riaineilla on FDA:nelintarvikehyv\u00e4ksynt\u00e4, joten kosketusallergioiden riski on hyvin pieni.Helposti s\u00e4\u00e4dett\u00e4v\u00e4 p\u00e4\u00e4panta kuminauhaa, V-mallinen nauha ja suurimuotoiltu p\u00e4\u00e4lakilevy. Pannan ansiosta maski tiivistyy hyvin kasvojavasten. Hyv\u00e4ksynn\u00e4t: EN 140:1998. Suodattimet P3 (410540) ja ABEK(404890), k\u00e4ytett\u00e4v\u00e4 yhdess\u00e4!<\/p>\n","protected":false},"excerpt":{"rendered":"<p>TPE\/PP:st\u00e4 valmistettu puolinaamari. Kahden uloshengitysventtiilinansiosta hengitysvastus on eritt\u00e4in pieniPeitekannet suojaavat uloshengityskalvoa tehokkaasti p\u00f6ly- jamaalihiukkasilta. Naamarin runkomateriaaleilla ja v\u00e4riaineilla on FDA:nelintarvikehyv\u00e4ksynt\u00e4, joten kosketusallergioiden riski on hyvin pieni.Helposti s\u00e4\u00e4dett\u00e4v\u00e4 p\u00e4\u00e4panta kuminauhaa, V-mallinen nauha ja suurimuotoiltu p\u00e4\u00e4lakilevy. Pannan ansiosta maski tiivistyy hyvin kasvojavasten. Hyv\u00e4ksynn\u00e4t: EN 140:1998. Suodattimet P3 (410540) ja ABEK(404890), k\u00e4ytett\u00e4v\u00e4 yhdess\u00e4!<\/p>\n","protected":false},"featured_media":103025,"comment_status":"open","ping_status":"closed","template":"","meta":[],"product_brand":[],"product_cat":[3399],"product_tag":[],"class_list":{"0":"post-72417","1":"product","2":"type-product","3":"status-publish","4":"has-post-thumbnail","6":"product_cat-henkilonsuojaimet-ja-tyoturvallisuus-henkilonsuojaimet-hengityssuojaimet","8":"first","9":"instock","10":"shipping-taxable","11":"purchasable","12":"product-type-simple"},"_links":{"self":[{"href":"https:\/\/logistiikkakeskus.net\/kauppa\/wp-json\/wp\/v2\/product\/72417","targetHints":{"allow":["GET"]}}],"collection":[{"href":"https:\/\/logistiikkakeskus.net\/kauppa\/wp-json\/wp\/v2\/product"}],"about":[{"href":"https:\/\/logistiikkakeskus.net\/kauppa\/wp-json\/wp\/v2\/types\/product"}],"replies":[{"embeddable":true,"href":"https:\/\/logistiikkakeskus.net\/kauppa\/wp-json\/wp\/v2\/comments?post=72417"}],"wp:featuredmedia":[{"embeddable":true,"href":"https:\/\/logistiikkakeskus.net\/kauppa\/wp-json\/wp\/v2\/media\/103025"}],"wp:attachment":[{"href":"https:\/\/logistiikkakeskus.net\/kauppa\/wp-json\/wp\/v2\/media?parent=72417"}],"wp:term":[{"taxonomy":"product_brand","embeddable":true,"href":"https:\/\/logistiikkakeskus.net\/kauppa\/wp-json\/wp\/v2\/product_brand?post=72417"},{"taxonomy":"product_cat","embeddable":true,"href":"https:\/\/logistiikkakeskus.net\/kauppa\/wp-json\/wp\/v2\/product_cat?post=72417"},{"taxonomy":"product_tag","embeddable":true,"href":"https:\/\/logistiikkakeskus.net\/kauppa\/wp-json\/wp\/v2\/product_tag?post=72417"}],"curies":[{"name":"wp","href":"https:\/\/api.w.org\/{rel}","templated":true}]}}