{"id":72411,"date":"2022-12-01T09:23:21","date_gmt":"2022-12-01T09:23:21","guid":{"rendered":"https:\/\/logistiikkakeskus.net\/kauppa\/tuote\/dell-universal-telakka\/"},"modified":"2026-01-20T09:17:20","modified_gmt":"2026-01-20T07:17:20","slug":"dell-universal-telakka","status":"publish","type":"product","link":"https:\/\/logistiikkakeskus.net\/kauppa\/tuote\/dell-universal-telakka\/","title":{"rendered":"Dell Universal telakka"},"content":{"rendered":"<p>DELL UNIVERSAL DOCK D6000S &#8211; EULiit\u00e4nn\u00e4t: 1 x USB-C, 1 x kuulokkeet \/ kaiuttimet, 1 x n\u00e4ytt\u00f6 \/ video -HDMI, 1 x SuperSpeed USB 3.0, 1 x SuperSpeed USB 3.0 with PowerShare, 1x USB-C ja PowerShare, 1 x USB-is\u00e4nt\u00e4, 1 x verkko, 2 x n\u00e4ytt\u00f6 \/ video -DisplayPort, 3 x SuperSpeed USB 3.0Sis\u00e4ltyv\u00e4t kaapelit: 1 x USB sovitin, 1 x USB-C-kaapeli<\/p>\n","protected":false},"excerpt":{"rendered":"<p>DELL UNIVERSAL DOCK D6000S &#8211; EULiit\u00e4nn\u00e4t: 1 x USB-C, 1 x kuulokkeet \/ kaiuttimet, 1 x n\u00e4ytt\u00f6 \/ video -HDMI, 1 x SuperSpeed USB 3.0, 1 x SuperSpeed USB 3.0 with PowerShare, 1x USB-C ja PowerShare, 1 x USB-is\u00e4nt\u00e4, 1 x verkko, 2 x n\u00e4ytt\u00f6 \/ video -DisplayPort, 3 x SuperSpeed USB 3.0Sis\u00e4ltyv\u00e4t kaapelit: 1 [&hellip;]<\/p>\n","protected":false},"featured_media":103022,"comment_status":"open","ping_status":"closed","template":"","meta":[],"product_brand":[],"product_cat":[3247],"product_tag":[],"class_list":{"0":"post-72411","1":"product","2":"type-product","3":"status-publish","4":"has-post-thumbnail","6":"product_cat-it-toimisto-sahkolaitteet-ja-tarv-it-tarvikkeet-muut-it-tarvikkeet","8":"first","9":"instock","10":"shipping-taxable","11":"purchasable","12":"product-type-simple"},"_links":{"self":[{"href":"https:\/\/logistiikkakeskus.net\/kauppa\/wp-json\/wp\/v2\/product\/72411","targetHints":{"allow":["GET"]}}],"collection":[{"href":"https:\/\/logistiikkakeskus.net\/kauppa\/wp-json\/wp\/v2\/product"}],"about":[{"href":"https:\/\/logistiikkakeskus.net\/kauppa\/wp-json\/wp\/v2\/types\/product"}],"replies":[{"embeddable":true,"href":"https:\/\/logistiikkakeskus.net\/kauppa\/wp-json\/wp\/v2\/comments?post=72411"}],"wp:featuredmedia":[{"embeddable":true,"href":"https:\/\/logistiikkakeskus.net\/kauppa\/wp-json\/wp\/v2\/media\/103022"}],"wp:attachment":[{"href":"https:\/\/logistiikkakeskus.net\/kauppa\/wp-json\/wp\/v2\/media?parent=72411"}],"wp:term":[{"taxonomy":"product_brand","embeddable":true,"href":"https:\/\/logistiikkakeskus.net\/kauppa\/wp-json\/wp\/v2\/product_brand?post=72411"},{"taxonomy":"product_cat","embeddable":true,"href":"https:\/\/logistiikkakeskus.net\/kauppa\/wp-json\/wp\/v2\/product_cat?post=72411"},{"taxonomy":"product_tag","embeddable":true,"href":"https:\/\/logistiikkakeskus.net\/kauppa\/wp-json\/wp\/v2\/product_tag?post=72411"}],"curies":[{"name":"wp","href":"https:\/\/api.w.org\/{rel}","templated":true}]}}