{"id":72406,"date":"2022-12-01T09:23:19","date_gmt":"2022-12-01T09:23:19","guid":{"rendered":"https:\/\/logistiikkakeskus.net\/kauppa\/tuote\/bluetooth-kuuloke-wave-bt-135\/"},"modified":"2026-01-20T09:17:20","modified_gmt":"2026-01-20T07:17:20","slug":"bluetooth-kuuloke-wave-bt-135","status":"publish","type":"product","link":"https:\/\/logistiikkakeskus.net\/kauppa\/tuote\/bluetooth-kuuloke-wave-bt-135\/","title":{"rendered":"Bluetooth-kuuloke Insmat BT-V41"},"content":{"rendered":"<h2>Insmat BT-V41 handsfree<\/h2>\n<p>Erinomainen \u00e4\u00e4nenlaatu ( Bluetooth Piirisarja CSR8615)Toimintamatka10m Tukee Bluetooth HSP, HFP, AVRCP, A2DP Codec koodi SBC Pitk\u00e4akunkesto n.6.5 tuntia (50% volumella) Valmiusaika n.85 tuntiaLatausaika 2.5 tuntia Akun kapasiteetti 85mAh\/3.7V Netto paino 9.6gMitat 53.5x51x22.5mm, Paketissa mukana: Bluetoot Kuuloke, micro-USBlatauskaapeli, musta ja l\u00e4pin\u00e4kyv\u00e4 sanka korvantaakse, S\/M\/L-koonkorvatutit ja k\u00e4ytt\u00f6ohje.<\/p>\n","protected":false},"excerpt":{"rendered":"<p>Insmat BT-V41 handsfree Erinomainen \u00e4\u00e4nenlaatu ( Bluetooth Piirisarja CSR8615)Toimintamatka10m Tukee Bluetooth HSP, HFP, AVRCP, A2DP Codec koodi SBC Pitk\u00e4akunkesto n.6.5 tuntia (50% volumella) Valmiusaika n.85 tuntiaLatausaika 2.5 tuntia Akun kapasiteetti 85mAh\/3.7V Netto paino 9.6gMitat 53.5x51x22.5mm, Paketissa mukana: Bluetoot Kuuloke, micro-USBlatauskaapeli, musta ja l\u00e4pin\u00e4kyv\u00e4 sanka korvantaakse, S\/M\/L-koonkorvatutit ja k\u00e4ytt\u00f6ohje.<\/p>\n","protected":false},"featured_media":103020,"comment_status":"open","ping_status":"closed","template":"","meta":[],"product_brand":[],"product_cat":[3247],"product_tag":[],"class_list":{"0":"post-72406","1":"product","2":"type-product","3":"status-publish","4":"has-post-thumbnail","6":"product_cat-it-toimisto-sahkolaitteet-ja-tarv-it-tarvikkeet-muut-it-tarvikkeet","8":"first","9":"instock","10":"shipping-taxable","11":"purchasable","12":"product-type-simple"},"_links":{"self":[{"href":"https:\/\/logistiikkakeskus.net\/kauppa\/wp-json\/wp\/v2\/product\/72406","targetHints":{"allow":["GET"]}}],"collection":[{"href":"https:\/\/logistiikkakeskus.net\/kauppa\/wp-json\/wp\/v2\/product"}],"about":[{"href":"https:\/\/logistiikkakeskus.net\/kauppa\/wp-json\/wp\/v2\/types\/product"}],"replies":[{"embeddable":true,"href":"https:\/\/logistiikkakeskus.net\/kauppa\/wp-json\/wp\/v2\/comments?post=72406"}],"wp:featuredmedia":[{"embeddable":true,"href":"https:\/\/logistiikkakeskus.net\/kauppa\/wp-json\/wp\/v2\/media\/103020"}],"wp:attachment":[{"href":"https:\/\/logistiikkakeskus.net\/kauppa\/wp-json\/wp\/v2\/media?parent=72406"}],"wp:term":[{"taxonomy":"product_brand","embeddable":true,"href":"https:\/\/logistiikkakeskus.net\/kauppa\/wp-json\/wp\/v2\/product_brand?post=72406"},{"taxonomy":"product_cat","embeddable":true,"href":"https:\/\/logistiikkakeskus.net\/kauppa\/wp-json\/wp\/v2\/product_cat?post=72406"},{"taxonomy":"product_tag","embeddable":true,"href":"https:\/\/logistiikkakeskus.net\/kauppa\/wp-json\/wp\/v2\/product_tag?post=72406"}],"curies":[{"name":"wp","href":"https:\/\/api.w.org\/{rel}","templated":true}]}}