{"id":72380,"date":"2022-12-01T09:23:10","date_gmt":"2022-12-01T09:23:10","guid":{"rendered":"https:\/\/logistiikkakeskus.net\/kauppa\/tuote\/sangalliset-korvatulpat-ear-caboflex\/"},"modified":"2026-01-20T09:17:19","modified_gmt":"2026-01-20T07:17:19","slug":"sangalliset-korvatulpat-ear-caboflex","status":"publish","type":"product","link":"https:\/\/logistiikkakeskus.net\/kauppa\/tuote\/sangalliset-korvatulpat-ear-caboflex\/","title":{"rendered":"X Sangalliset korvatulpat EAR Caboflex"},"content":{"rendered":"<h2>Sangalliset korvatulpat EAR Caboflex<\/h2>\n<p>Joustava &#8211; kevyt &#8211; mukava. Torjuu tehokkaasti vahingollisia\u00e4\u00e4ni\u00e4.Sangan voi mukavasti pit\u00e4\u00e4 joko niskassa tai leuan alla. Voidaanongelmitta k\u00e4ytt\u00e4\u00e4 suojakyp\u00e4r\u00e4n, hitsauskyp\u00e4r\u00e4n, kasvonsuojan taisuojalasien kanssa. Ei johda s\u00e4hk\u00f6\u00e4.<\/p>\n<ul>\n<li>Vaihdettavat tulpat\n<li>Vastaa EN 352 vaatimuksia<\/ul>\n<p>Vaimennusarvot:<\/p>\n<ul>\n<li>H = 25\n<li>M = 17\n<li>L = 15\n<li>SNR = 21<\/ul>\n<p>hakusanat: kuulonsuojain, kuulosuojain, kuulonsuojaus, korvatulppa<\/p>\n","protected":false},"excerpt":{"rendered":"<p>Sangalliset korvatulpat EAR Caboflex Joustava &#8211; kevyt &#8211; mukava. Torjuu tehokkaasti vahingollisia\u00e4\u00e4ni\u00e4.Sangan voi mukavasti pit\u00e4\u00e4 joko niskassa tai leuan alla. Voidaanongelmitta k\u00e4ytt\u00e4\u00e4 suojakyp\u00e4r\u00e4n, hitsauskyp\u00e4r\u00e4n, kasvonsuojan taisuojalasien kanssa. Ei johda s\u00e4hk\u00f6\u00e4. Vaihdettavat tulpat Vastaa EN 352 vaatimuksia Vaimennusarvot: H = 25 M = 17 L = 15 SNR = 21 hakusanat: kuulonsuojain, kuulosuojain, kuulonsuojaus, korvatulppa<\/p>\n","protected":false},"featured_media":103009,"comment_status":"open","ping_status":"closed","template":"","meta":[],"product_brand":[],"product_cat":[3280],"product_tag":[],"class_list":{"0":"post-72380","1":"product","2":"type-product","3":"status-publish","4":"has-post-thumbnail","6":"product_cat-henkilonsuojaimet-ja-tyoturvallisuus-henkilonsuojaimet-kuulosuojaimet","8":"first","9":"instock","10":"shipping-taxable","11":"purchasable","12":"product-type-simple"},"_links":{"self":[{"href":"https:\/\/logistiikkakeskus.net\/kauppa\/wp-json\/wp\/v2\/product\/72380","targetHints":{"allow":["GET"]}}],"collection":[{"href":"https:\/\/logistiikkakeskus.net\/kauppa\/wp-json\/wp\/v2\/product"}],"about":[{"href":"https:\/\/logistiikkakeskus.net\/kauppa\/wp-json\/wp\/v2\/types\/product"}],"replies":[{"embeddable":true,"href":"https:\/\/logistiikkakeskus.net\/kauppa\/wp-json\/wp\/v2\/comments?post=72380"}],"wp:featuredmedia":[{"embeddable":true,"href":"https:\/\/logistiikkakeskus.net\/kauppa\/wp-json\/wp\/v2\/media\/103009"}],"wp:attachment":[{"href":"https:\/\/logistiikkakeskus.net\/kauppa\/wp-json\/wp\/v2\/media?parent=72380"}],"wp:term":[{"taxonomy":"product_brand","embeddable":true,"href":"https:\/\/logistiikkakeskus.net\/kauppa\/wp-json\/wp\/v2\/product_brand?post=72380"},{"taxonomy":"product_cat","embeddable":true,"href":"https:\/\/logistiikkakeskus.net\/kauppa\/wp-json\/wp\/v2\/product_cat?post=72380"},{"taxonomy":"product_tag","embeddable":true,"href":"https:\/\/logistiikkakeskus.net\/kauppa\/wp-json\/wp\/v2\/product_tag?post=72380"}],"curies":[{"name":"wp","href":"https:\/\/api.w.org\/{rel}","templated":true}]}}