{"id":72374,"date":"2022-12-01T09:23:08","date_gmt":"2022-12-01T09:23:08","guid":{"rendered":"https:\/\/logistiikkakeskus.net\/kauppa\/tuote\/puhdistuspyyhe-black-box-kasille-150-kpl\/"},"modified":"2026-01-20T09:17:19","modified_gmt":"2026-01-20T07:17:19","slug":"puhdistuspyyhe-black-box-kasille-150-kpl","status":"publish","type":"product","link":"https:\/\/logistiikkakeskus.net\/kauppa\/tuote\/puhdistuspyyhe-black-box-kasille-150-kpl\/","title":{"rendered":"Puhdistuspyyhe Black Box k\u00e4sille 150 kpl"},"content":{"rendered":"<p>Suuria kosteuspyyhkeit\u00e4 puhdistavalla nesteell\u00e4. Kosteuttaa ihoa k\u00e4yt\u00f6nj\u00e4lkeen. Toimitetaan k\u00e4tev\u00e4ss\u00e4 pakkauksessa. Hajustettu. Soveltuuty\u00f6paikoille, joissa puute vedest\u00e4. Esimerkiksi huoltoteknikot,kuljettajat, maalarit, lattiaurakoitsijat. Puhdistaa \u00f6ljyn, rasvan,maalin, liimapinnoitetun polyesterin, epoksin ja tervan. Hakusanat:k\u00e4sien puhdistus, puhdistusliina, swarfega<\/p>\n","protected":false},"excerpt":{"rendered":"<p>Suuria kosteuspyyhkeit\u00e4 puhdistavalla nesteell\u00e4. Kosteuttaa ihoa k\u00e4yt\u00f6nj\u00e4lkeen. Toimitetaan k\u00e4tev\u00e4ss\u00e4 pakkauksessa. Hajustettu. Soveltuuty\u00f6paikoille, joissa puute vedest\u00e4. Esimerkiksi huoltoteknikot,kuljettajat, maalarit, lattiaurakoitsijat. Puhdistaa \u00f6ljyn, rasvan,maalin, liimapinnoitetun polyesterin, epoksin ja tervan. Hakusanat:k\u00e4sien puhdistus, puhdistusliina, swarfega<\/p>\n","protected":false},"featured_media":103006,"comment_status":"open","ping_status":"closed","template":"","meta":[],"product_brand":[],"product_cat":[3397],"product_tag":[],"class_list":{"0":"post-72374","1":"product","2":"type-product","3":"status-publish","4":"has-post-thumbnail","6":"product_cat-kemikaalit-poltto-ja-voiteluaineet-tarvikkeet","8":"first","9":"instock","10":"shipping-taxable","11":"purchasable","12":"product-type-simple"},"_links":{"self":[{"href":"https:\/\/logistiikkakeskus.net\/kauppa\/wp-json\/wp\/v2\/product\/72374","targetHints":{"allow":["GET"]}}],"collection":[{"href":"https:\/\/logistiikkakeskus.net\/kauppa\/wp-json\/wp\/v2\/product"}],"about":[{"href":"https:\/\/logistiikkakeskus.net\/kauppa\/wp-json\/wp\/v2\/types\/product"}],"replies":[{"embeddable":true,"href":"https:\/\/logistiikkakeskus.net\/kauppa\/wp-json\/wp\/v2\/comments?post=72374"}],"wp:featuredmedia":[{"embeddable":true,"href":"https:\/\/logistiikkakeskus.net\/kauppa\/wp-json\/wp\/v2\/media\/103006"}],"wp:attachment":[{"href":"https:\/\/logistiikkakeskus.net\/kauppa\/wp-json\/wp\/v2\/media?parent=72374"}],"wp:term":[{"taxonomy":"product_brand","embeddable":true,"href":"https:\/\/logistiikkakeskus.net\/kauppa\/wp-json\/wp\/v2\/product_brand?post=72374"},{"taxonomy":"product_cat","embeddable":true,"href":"https:\/\/logistiikkakeskus.net\/kauppa\/wp-json\/wp\/v2\/product_cat?post=72374"},{"taxonomy":"product_tag","embeddable":true,"href":"https:\/\/logistiikkakeskus.net\/kauppa\/wp-json\/wp\/v2\/product_tag?post=72374"}],"curies":[{"name":"wp","href":"https:\/\/api.w.org\/{rel}","templated":true}]}}