{"id":72360,"date":"2022-12-01T09:23:04","date_gmt":"2022-12-01T09:23:04","guid":{"rendered":"https:\/\/logistiikkakeskus.net\/kauppa\/tuote\/huomioliivi-keltainen-xl-vierailija\/"},"modified":"2026-01-20T09:17:18","modified_gmt":"2026-01-20T07:17:18","slug":"huomioliivi-keltainen-xl-vierailija","status":"publish","type":"product","link":"https:\/\/logistiikkakeskus.net\/kauppa\/tuote\/huomioliivi-keltainen-xl-vierailija\/","title":{"rendered":"Huomioliivi keltainen (XL) &#8221;VIERAILIJA&#8221;"},"content":{"rendered":"<p>Huomioliivi yhden koon keltainen (XL) VIERAILIJAHuomioliivi kahdella heijastimella. Tarrakiinnitys.Koko XL toimii hyvin nk. yhdenkoon liivin\u00e4 esim. vierailijoille taimuuhun lyhytaikaiseen k\u00e4ytt\u00f6\u00f6n.Sel\u00e4ss\u00e4 &#8221;VIERAILIJA&#8221; -painatus<\/p>\n","protected":false},"excerpt":{"rendered":"<p>Huomioliivi yhden koon keltainen (XL) VIERAILIJAHuomioliivi kahdella heijastimella. Tarrakiinnitys.Koko XL toimii hyvin nk. yhdenkoon liivin\u00e4 esim. vierailijoille taimuuhun lyhytaikaiseen k\u00e4ytt\u00f6\u00f6n.Sel\u00e4ss\u00e4 &#8221;VIERAILIJA&#8221; -painatus<\/p>\n","protected":false},"featured_media":103000,"comment_status":"open","ping_status":"closed","template":"","meta":[],"product_brand":[],"product_cat":[3402],"product_tag":[],"class_list":{"0":"post-72360","1":"product","2":"type-product","3":"status-publish","4":"has-post-thumbnail","6":"product_cat-vaatteet-tyovaatteet-stara-suoja-asut","8":"first","9":"instock","10":"shipping-taxable","11":"purchasable","12":"product-type-simple"},"_links":{"self":[{"href":"https:\/\/logistiikkakeskus.net\/kauppa\/wp-json\/wp\/v2\/product\/72360","targetHints":{"allow":["GET"]}}],"collection":[{"href":"https:\/\/logistiikkakeskus.net\/kauppa\/wp-json\/wp\/v2\/product"}],"about":[{"href":"https:\/\/logistiikkakeskus.net\/kauppa\/wp-json\/wp\/v2\/types\/product"}],"replies":[{"embeddable":true,"href":"https:\/\/logistiikkakeskus.net\/kauppa\/wp-json\/wp\/v2\/comments?post=72360"}],"wp:featuredmedia":[{"embeddable":true,"href":"https:\/\/logistiikkakeskus.net\/kauppa\/wp-json\/wp\/v2\/media\/103000"}],"wp:attachment":[{"href":"https:\/\/logistiikkakeskus.net\/kauppa\/wp-json\/wp\/v2\/media?parent=72360"}],"wp:term":[{"taxonomy":"product_brand","embeddable":true,"href":"https:\/\/logistiikkakeskus.net\/kauppa\/wp-json\/wp\/v2\/product_brand?post=72360"},{"taxonomy":"product_cat","embeddable":true,"href":"https:\/\/logistiikkakeskus.net\/kauppa\/wp-json\/wp\/v2\/product_cat?post=72360"},{"taxonomy":"product_tag","embeddable":true,"href":"https:\/\/logistiikkakeskus.net\/kauppa\/wp-json\/wp\/v2\/product_tag?post=72360"}],"curies":[{"name":"wp","href":"https:\/\/api.w.org\/{rel}","templated":true}]}}