{"id":72354,"date":"2022-12-01T09:23:01","date_gmt":"2022-12-01T09:23:01","guid":{"rendered":"https:\/\/logistiikkakeskus.net\/kauppa\/tuote\/suojakypara-kask-plasma-aq-valkoinen\/"},"modified":"2025-03-25T14:40:48","modified_gmt":"2025-03-25T12:40:48","slug":"suojakypara-kask-plasma-aq-valkoinen","status":"publish","type":"product","link":"https:\/\/logistiikkakeskus.net\/kauppa\/tuote\/suojakypara-kask-plasma-aq-valkoinen\/","title":{"rendered":"Suojakyp\u00e4r\u00e4 Superplasma AQ valkoinen"},"content":{"rendered":"<p>Suojakyp\u00e4r\u00e4 Kask Plasma AQ valkoinenUlkokuori polypropyleeni\u00e4 (PP)Sis\u00e4kuori HD-polystyreeni\u00e4P\u00e4\u00e4panta pehme\u00e4\u00e4 nailonia (PA)Paino 390 g (ilman visiiri\u00e4 ja kuulonsuojaimia)Koon s\u00e4\u00e4t\u00f6 51-63 cmMukana leukahihna 4-pistekiinnityksell\u00e4754000001, SOVITE BAJONET WAC00003, tarvitaan kuulonsuojainkupujenasennukseenHyv\u00e4ksynn\u00e4t: EN 397<\/p>\n","protected":false},"excerpt":{"rendered":"<p>Suojakyp\u00e4r\u00e4 Kask Plasma AQ valkoinenUlkokuori polypropyleeni\u00e4 (PP)Sis\u00e4kuori HD-polystyreeni\u00e4P\u00e4\u00e4panta pehme\u00e4\u00e4 nailonia (PA)Paino 390 g (ilman visiiri\u00e4 ja kuulonsuojaimia)Koon s\u00e4\u00e4t\u00f6 51-63 cmMukana leukahihna 4-pistekiinnityksell\u00e4754000001, SOVITE BAJONET WAC00003, tarvitaan kuulonsuojainkupujenasennukseenHyv\u00e4ksynn\u00e4t: EN 397<\/p>\n","protected":false},"featured_media":0,"comment_status":"open","ping_status":"closed","template":"","meta":[],"product_brand":[],"product_cat":[3373],"product_tag":[],"class_list":{"0":"post-72354","1":"product","2":"type-product","3":"status-publish","5":"product_cat-henkilonsuojaimet-ja-tyoturvallisuus-henkilonsuojaimet-kyparat-ja-tarvikkeet","7":"first","8":"instock","9":"shipping-taxable","10":"purchasable","11":"product-type-simple"},"_links":{"self":[{"href":"https:\/\/logistiikkakeskus.net\/kauppa\/wp-json\/wp\/v2\/product\/72354","targetHints":{"allow":["GET"]}}],"collection":[{"href":"https:\/\/logistiikkakeskus.net\/kauppa\/wp-json\/wp\/v2\/product"}],"about":[{"href":"https:\/\/logistiikkakeskus.net\/kauppa\/wp-json\/wp\/v2\/types\/product"}],"replies":[{"embeddable":true,"href":"https:\/\/logistiikkakeskus.net\/kauppa\/wp-json\/wp\/v2\/comments?post=72354"}],"wp:attachment":[{"href":"https:\/\/logistiikkakeskus.net\/kauppa\/wp-json\/wp\/v2\/media?parent=72354"}],"wp:term":[{"taxonomy":"product_brand","embeddable":true,"href":"https:\/\/logistiikkakeskus.net\/kauppa\/wp-json\/wp\/v2\/product_brand?post=72354"},{"taxonomy":"product_cat","embeddable":true,"href":"https:\/\/logistiikkakeskus.net\/kauppa\/wp-json\/wp\/v2\/product_cat?post=72354"},{"taxonomy":"product_tag","embeddable":true,"href":"https:\/\/logistiikkakeskus.net\/kauppa\/wp-json\/wp\/v2\/product_tag?post=72354"}],"curies":[{"name":"wp","href":"https:\/\/api.w.org\/{rel}","templated":true}]}}