{"id":72234,"date":"2022-12-01T09:22:24","date_gmt":"2022-12-01T09:22:24","guid":{"rendered":"https:\/\/logistiikkakeskus.net\/kauppa\/tuote\/aaltopahvi-3h-150-cm-x-100-m\/"},"modified":"2026-01-20T09:17:14","modified_gmt":"2026-01-20T07:17:14","slug":"aaltopahvi-3h-150-cm-x-100-m","status":"publish","type":"product","link":"https:\/\/logistiikkakeskus.net\/kauppa\/tuote\/aaltopahvi-3h-150-cm-x-100-m\/","title":{"rendered":"Aaltopahvi 3H 150 cm x 100 m"},"content":{"rendered":"<p>Aaltopahvi on hyv\u00e4 ja huokea suojausmateriaali moneen tarkoitukseen. Sesopii erityisesti sellaisten tuotteiden pakkaamiseen, joissa onep\u00e4s\u00e4\u00e4nn\u00f6llisi\u00e4 muotoja tai ter\u00e4vi\u00e4 kulmia. Aaltopahvin muodostavatsile\u00e4 ja aallotettu paperikerros. korkeus 150 cm, pituus 100 m.<\/p>\n","protected":false},"excerpt":{"rendered":"<p>Aaltopahvi on hyv\u00e4 ja huokea suojausmateriaali moneen tarkoitukseen. Sesopii erityisesti sellaisten tuotteiden pakkaamiseen, joissa onep\u00e4s\u00e4\u00e4nn\u00f6llisi\u00e4 muotoja tai ter\u00e4vi\u00e4 kulmia. Aaltopahvin muodostavatsile\u00e4 ja aallotettu paperikerros. korkeus 150 cm, pituus 100 m.<\/p>\n","protected":false},"featured_media":102963,"comment_status":"open","ping_status":"closed","template":"","meta":[],"product_brand":[],"product_cat":[3356],"product_tag":[],"class_list":{"0":"post-72234","1":"product","2":"type-product","3":"status-publish","4":"has-post-thumbnail","6":"product_cat-rakennustarvikkeet-pienrauta-ja-kiiinnikkeet-rak-paperit-ja-muovit","8":"first","9":"instock","10":"shipping-taxable","11":"purchasable","12":"product-type-simple"},"_links":{"self":[{"href":"https:\/\/logistiikkakeskus.net\/kauppa\/wp-json\/wp\/v2\/product\/72234","targetHints":{"allow":["GET"]}}],"collection":[{"href":"https:\/\/logistiikkakeskus.net\/kauppa\/wp-json\/wp\/v2\/product"}],"about":[{"href":"https:\/\/logistiikkakeskus.net\/kauppa\/wp-json\/wp\/v2\/types\/product"}],"replies":[{"embeddable":true,"href":"https:\/\/logistiikkakeskus.net\/kauppa\/wp-json\/wp\/v2\/comments?post=72234"}],"wp:featuredmedia":[{"embeddable":true,"href":"https:\/\/logistiikkakeskus.net\/kauppa\/wp-json\/wp\/v2\/media\/102963"}],"wp:attachment":[{"href":"https:\/\/logistiikkakeskus.net\/kauppa\/wp-json\/wp\/v2\/media?parent=72234"}],"wp:term":[{"taxonomy":"product_brand","embeddable":true,"href":"https:\/\/logistiikkakeskus.net\/kauppa\/wp-json\/wp\/v2\/product_brand?post=72234"},{"taxonomy":"product_cat","embeddable":true,"href":"https:\/\/logistiikkakeskus.net\/kauppa\/wp-json\/wp\/v2\/product_cat?post=72234"},{"taxonomy":"product_tag","embeddable":true,"href":"https:\/\/logistiikkakeskus.net\/kauppa\/wp-json\/wp\/v2\/product_tag?post=72234"}],"curies":[{"name":"wp","href":"https:\/\/api.w.org\/{rel}","templated":true}]}}