{"id":72228,"date":"2022-12-01T09:22:22","date_gmt":"2022-12-01T09:22:22","guid":{"rendered":"https:\/\/logistiikkakeskus.net\/kauppa\/tuote\/vetoketjuovi-raxan-c-malli-120x220-cm\/"},"modified":"2026-01-20T09:17:14","modified_gmt":"2026-01-20T07:17:14","slug":"vetoketjuovi-raxan-c-malli-120x220-cm","status":"publish","type":"product","link":"https:\/\/logistiikkakeskus.net\/kauppa\/tuote\/vetoketjuovi-raxan-c-malli-120x220-cm\/","title":{"rendered":"Vetoketjuovi Raxan C-malli 120&#215;220 cm"},"content":{"rendered":"<p>Vetoketjuovi C-malli 137&#215;230 cmP\u00f6lylt\u00e4 suojaava PE-muoviovi, 150 \u00b5m.Kaksipuolinen vetoketju, uudelleen k\u00e4ytett\u00e4v\u00e4.Paketti ei sis\u00e4ll\u00e4 asennusteippi\u00e4.<\/p>\n","protected":false},"excerpt":{"rendered":"<p>Vetoketjuovi C-malli 137&#215;230 cmP\u00f6lylt\u00e4 suojaava PE-muoviovi, 150 \u00b5m.Kaksipuolinen vetoketju, uudelleen k\u00e4ytett\u00e4v\u00e4.Paketti ei sis\u00e4ll\u00e4 asennusteippi\u00e4.<\/p>\n","protected":false},"featured_media":102960,"comment_status":"open","ping_status":"closed","template":"","meta":[],"product_brand":[],"product_cat":[3356],"product_tag":[],"class_list":{"0":"post-72228","1":"product","2":"type-product","3":"status-publish","4":"has-post-thumbnail","6":"product_cat-rakennustarvikkeet-pienrauta-ja-kiiinnikkeet-rak-paperit-ja-muovit","8":"first","9":"instock","10":"shipping-taxable","11":"purchasable","12":"product-type-simple"},"_links":{"self":[{"href":"https:\/\/logistiikkakeskus.net\/kauppa\/wp-json\/wp\/v2\/product\/72228","targetHints":{"allow":["GET"]}}],"collection":[{"href":"https:\/\/logistiikkakeskus.net\/kauppa\/wp-json\/wp\/v2\/product"}],"about":[{"href":"https:\/\/logistiikkakeskus.net\/kauppa\/wp-json\/wp\/v2\/types\/product"}],"replies":[{"embeddable":true,"href":"https:\/\/logistiikkakeskus.net\/kauppa\/wp-json\/wp\/v2\/comments?post=72228"}],"wp:featuredmedia":[{"embeddable":true,"href":"https:\/\/logistiikkakeskus.net\/kauppa\/wp-json\/wp\/v2\/media\/102960"}],"wp:attachment":[{"href":"https:\/\/logistiikkakeskus.net\/kauppa\/wp-json\/wp\/v2\/media?parent=72228"}],"wp:term":[{"taxonomy":"product_brand","embeddable":true,"href":"https:\/\/logistiikkakeskus.net\/kauppa\/wp-json\/wp\/v2\/product_brand?post=72228"},{"taxonomy":"product_cat","embeddable":true,"href":"https:\/\/logistiikkakeskus.net\/kauppa\/wp-json\/wp\/v2\/product_cat?post=72228"},{"taxonomy":"product_tag","embeddable":true,"href":"https:\/\/logistiikkakeskus.net\/kauppa\/wp-json\/wp\/v2\/product_tag?post=72228"}],"curies":[{"name":"wp","href":"https:\/\/api.w.org\/{rel}","templated":true}]}}