{"id":72150,"date":"2022-12-01T09:21:58","date_gmt":"2022-12-01T09:21:58","guid":{"rendered":"https:\/\/logistiikkakeskus.net\/kauppa\/tuote\/merkintakyna-pica-reikatussi-punainen\/"},"modified":"2026-01-20T09:17:12","modified_gmt":"2026-01-20T07:17:12","slug":"merkintakyna-pica-reikatussi-punainen","status":"publish","type":"product","link":"https:\/\/logistiikkakeskus.net\/kauppa\/tuote\/merkintakyna-pica-reikatussi-punainen\/","title":{"rendered":"Merkint\u00e4kyn\u00e4 Pica reik\u00e4tussi punainen"},"content":{"rendered":"<p>Pitk\u00e4k\u00e4rkinen merkkaustussi hankalien kohteiden merkkaukseen.Soveltuu kaikille kuiville pinnoille.hakusanat: reik\u00e4kyn\u00e4, pitk\u00e4k\u00e4rkinen tussi<\/p>\n","protected":false},"excerpt":{"rendered":"<p>Pitk\u00e4k\u00e4rkinen merkkaustussi hankalien kohteiden merkkaukseen.Soveltuu kaikille kuiville pinnoille.hakusanat: reik\u00e4kyn\u00e4, pitk\u00e4k\u00e4rkinen tussi<\/p>\n","protected":false},"featured_media":102936,"comment_status":"open","ping_status":"closed","template":"","meta":[],"product_brand":[],"product_cat":[3322],"product_tag":[],"class_list":{"0":"post-72150","1":"product","2":"type-product","3":"status-publish","4":"has-post-thumbnail","6":"product_cat-tyokalut-kasityokalut-muut","8":"first","9":"instock","10":"shipping-taxable","11":"purchasable","12":"product-type-simple"},"_links":{"self":[{"href":"https:\/\/logistiikkakeskus.net\/kauppa\/wp-json\/wp\/v2\/product\/72150","targetHints":{"allow":["GET"]}}],"collection":[{"href":"https:\/\/logistiikkakeskus.net\/kauppa\/wp-json\/wp\/v2\/product"}],"about":[{"href":"https:\/\/logistiikkakeskus.net\/kauppa\/wp-json\/wp\/v2\/types\/product"}],"replies":[{"embeddable":true,"href":"https:\/\/logistiikkakeskus.net\/kauppa\/wp-json\/wp\/v2\/comments?post=72150"}],"wp:featuredmedia":[{"embeddable":true,"href":"https:\/\/logistiikkakeskus.net\/kauppa\/wp-json\/wp\/v2\/media\/102936"}],"wp:attachment":[{"href":"https:\/\/logistiikkakeskus.net\/kauppa\/wp-json\/wp\/v2\/media?parent=72150"}],"wp:term":[{"taxonomy":"product_brand","embeddable":true,"href":"https:\/\/logistiikkakeskus.net\/kauppa\/wp-json\/wp\/v2\/product_brand?post=72150"},{"taxonomy":"product_cat","embeddable":true,"href":"https:\/\/logistiikkakeskus.net\/kauppa\/wp-json\/wp\/v2\/product_cat?post=72150"},{"taxonomy":"product_tag","embeddable":true,"href":"https:\/\/logistiikkakeskus.net\/kauppa\/wp-json\/wp\/v2\/product_tag?post=72150"}],"curies":[{"name":"wp","href":"https:\/\/api.w.org\/{rel}","templated":true}]}}