{"id":72112,"date":"2022-12-01T09:21:45","date_gmt":"2022-12-01T09:21:45","guid":{"rendered":"https:\/\/logistiikkakeskus.net\/kauppa\/tuote\/metsurinkyparapaketti-peltor-g3000\/"},"modified":"2026-01-20T09:17:10","modified_gmt":"2026-01-20T07:17:10","slug":"metsurinkyparapaketti-peltor-g3000","status":"publish","type":"product","link":"https:\/\/logistiikkakeskus.net\/kauppa\/tuote\/metsurinkyparapaketti-peltor-g3000\/","title":{"rendered":"Metsurinkyp\u00e4r\u00e4paketti FORESTIER 3"},"content":{"rendered":"<p>3M\u2122 integroitu metsurin p\u00e4\u00e4hinepaketti G3000CUVFORESTC1 suojaa p\u00e4\u00e4n,kuulon ja kasvot. Yksi tuote riitt\u00e4\u00e4, kun ty\u00f6skentelet mets\u00e4-,maisemointi- tai puutarhat\u00f6iden parissa. 3M\u2122-suojakyp\u00e4r\u00e4 suojaaputoavilta esineilt\u00e4. Oranssissa kyp\u00e4r\u00e4ss\u00e4 on pinlock-p\u00e4\u00e4nauha sek\u00e4muovinen hikinauha. Laajalle alueelle jaetut ilmastointiaukotvarmistavat ilman l\u00e4pivirtauksen ja lis\u00e4\u00e4v\u00e4t k\u00e4ytt\u00f6mukavuutta. 3M\u2122Uvicator\u2122 \u2011indikaattori ilmoittaa, kun kyp\u00e4r\u00e4 on altistunut liianpitk\u00e4\u00e4n ultraviolettis\u00e4teilylle ja se on vaihdettava. Ter\u00e4sverkostavalmistettu kasvosuojus pit\u00e4\u00e4 lent\u00e4v\u00e4t roskat poissa. Integroidutkuulonsuojaimet v\u00e4hent\u00e4v\u00e4t melua 26 dB (SNR). Sarja sis\u00e4lt\u00e4\u00e4 oranssinG3000CUV-kyp\u00e4r\u00e4n, oranssit H510P3E-kuulonsuojaimet ja ter\u00e4sverkostavalmistetun V4G-kasvosuojan.<\/p>\n","protected":false},"excerpt":{"rendered":"<p>3M\u2122 integroitu metsurin p\u00e4\u00e4hinepaketti G3000CUVFORESTC1 suojaa p\u00e4\u00e4n,kuulon ja kasvot. Yksi tuote riitt\u00e4\u00e4, kun ty\u00f6skentelet mets\u00e4-,maisemointi- tai puutarhat\u00f6iden parissa. 3M\u2122-suojakyp\u00e4r\u00e4 suojaaputoavilta esineilt\u00e4. Oranssissa kyp\u00e4r\u00e4ss\u00e4 on pinlock-p\u00e4\u00e4nauha sek\u00e4muovinen hikinauha. Laajalle alueelle jaetut ilmastointiaukotvarmistavat ilman l\u00e4pivirtauksen ja lis\u00e4\u00e4v\u00e4t k\u00e4ytt\u00f6mukavuutta. 3M\u2122Uvicator\u2122 \u2011indikaattori ilmoittaa, kun kyp\u00e4r\u00e4 on altistunut liianpitk\u00e4\u00e4n ultraviolettis\u00e4teilylle ja se on vaihdettava. Ter\u00e4sverkostavalmistettu kasvosuojus pit\u00e4\u00e4 lent\u00e4v\u00e4t roskat poissa. [&hellip;]<\/p>\n","protected":false},"featured_media":102927,"comment_status":"open","ping_status":"closed","template":"","meta":[],"product_brand":[],"product_cat":[3373],"product_tag":[],"class_list":{"0":"post-72112","1":"product","2":"type-product","3":"status-publish","4":"has-post-thumbnail","6":"product_cat-henkilonsuojaimet-ja-tyoturvallisuus-henkilonsuojaimet-kyparat-ja-tarvikkeet","8":"first","9":"instock","10":"shipping-taxable","11":"purchasable","12":"product-type-simple"},"_links":{"self":[{"href":"https:\/\/logistiikkakeskus.net\/kauppa\/wp-json\/wp\/v2\/product\/72112","targetHints":{"allow":["GET"]}}],"collection":[{"href":"https:\/\/logistiikkakeskus.net\/kauppa\/wp-json\/wp\/v2\/product"}],"about":[{"href":"https:\/\/logistiikkakeskus.net\/kauppa\/wp-json\/wp\/v2\/types\/product"}],"replies":[{"embeddable":true,"href":"https:\/\/logistiikkakeskus.net\/kauppa\/wp-json\/wp\/v2\/comments?post=72112"}],"wp:featuredmedia":[{"embeddable":true,"href":"https:\/\/logistiikkakeskus.net\/kauppa\/wp-json\/wp\/v2\/media\/102927"}],"wp:attachment":[{"href":"https:\/\/logistiikkakeskus.net\/kauppa\/wp-json\/wp\/v2\/media?parent=72112"}],"wp:term":[{"taxonomy":"product_brand","embeddable":true,"href":"https:\/\/logistiikkakeskus.net\/kauppa\/wp-json\/wp\/v2\/product_brand?post=72112"},{"taxonomy":"product_cat","embeddable":true,"href":"https:\/\/logistiikkakeskus.net\/kauppa\/wp-json\/wp\/v2\/product_cat?post=72112"},{"taxonomy":"product_tag","embeddable":true,"href":"https:\/\/logistiikkakeskus.net\/kauppa\/wp-json\/wp\/v2\/product_tag?post=72112"}],"curies":[{"name":"wp","href":"https:\/\/api.w.org\/{rel}","templated":true}]}}