{"id":72104,"date":"2022-12-01T09:21:42","date_gmt":"2022-12-01T09:21:42","guid":{"rendered":"https:\/\/logistiikkakeskus.net\/kauppa\/tuote\/kuulonsuojain-sanka-cerva-fm-2\/"},"modified":"2026-01-20T09:17:10","modified_gmt":"2026-01-20T07:17:10","slug":"kuulonsuojain-sanka-cerva-fm-2","status":"publish","type":"product","link":"https:\/\/logistiikkakeskus.net\/kauppa\/tuote\/kuulonsuojain-sanka-cerva-fm-2\/","title":{"rendered":"Kuulonsuojain sanka PW73-HV"},"content":{"rendered":"<p>Portwest PW73 HV Extreme Medium kuulonsuojaimet ovat osa premium-v\u00e4rikoodattua HV Extreme kuulosuojainmallistoa. PU-pehmustettu p\u00e4\u00e4pantatakaa vertaansa vailla olevan k\u00e4ytt\u00f6mukavuuden my\u00f6s pidempienk\u00e4ytt\u00f6j\u00e4ksojen aikana. Molemmilta puolilta tuetut s\u00e4\u00e4dett\u00e4v\u00e4t kupittakaavat turvallisen istuvuuden erikokoiseille k\u00e4ytt\u00e4jille, kun taaserinomainen vaimennusteho tarjoaa maksimaalisen suojan keskitasonhaitallisia \u00e4\u00e4ni\u00e4 vastaan. Heijastava pehmustettu p\u00e4\u00e4panta parantaak\u00e4ytt\u00e4j\u00e4n n\u00e4kyvyytt\u00e4, joten se on t\u00e4ydellinen valinta my\u00f6s h\u00e4m\u00e4r\u00e4ss\u00e4ty\u00f6skenteleville.<\/p>\n<p>Hakusanat: kuulonsuojain, kuulonsuojaus, korvatulppa,kuulosuojain<\/p>\n","protected":false},"excerpt":{"rendered":"<p>Portwest PW73 HV Extreme Medium kuulonsuojaimet ovat osa premium-v\u00e4rikoodattua HV Extreme kuulosuojainmallistoa. PU-pehmustettu p\u00e4\u00e4pantatakaa vertaansa vailla olevan k\u00e4ytt\u00f6mukavuuden my\u00f6s pidempienk\u00e4ytt\u00f6j\u00e4ksojen aikana. Molemmilta puolilta tuetut s\u00e4\u00e4dett\u00e4v\u00e4t kupittakaavat turvallisen istuvuuden erikokoiseille k\u00e4ytt\u00e4jille, kun taaserinomainen vaimennusteho tarjoaa maksimaalisen suojan keskitasonhaitallisia \u00e4\u00e4ni\u00e4 vastaan. Heijastava pehmustettu p\u00e4\u00e4panta parantaak\u00e4ytt\u00e4j\u00e4n n\u00e4kyvyytt\u00e4, joten se on t\u00e4ydellinen valinta my\u00f6s h\u00e4m\u00e4r\u00e4ss\u00e4ty\u00f6skenteleville. Hakusanat: kuulonsuojain, kuulonsuojaus, korvatulppa,kuulosuojain<\/p>\n","protected":false},"featured_media":102924,"comment_status":"open","ping_status":"closed","template":"","meta":[],"product_brand":[],"product_cat":[3280],"product_tag":[],"class_list":{"0":"post-72104","1":"product","2":"type-product","3":"status-publish","4":"has-post-thumbnail","6":"product_cat-henkilonsuojaimet-ja-tyoturvallisuus-henkilonsuojaimet-kuulosuojaimet","8":"first","9":"instock","10":"shipping-taxable","11":"purchasable","12":"product-type-simple"},"_links":{"self":[{"href":"https:\/\/logistiikkakeskus.net\/kauppa\/wp-json\/wp\/v2\/product\/72104","targetHints":{"allow":["GET"]}}],"collection":[{"href":"https:\/\/logistiikkakeskus.net\/kauppa\/wp-json\/wp\/v2\/product"}],"about":[{"href":"https:\/\/logistiikkakeskus.net\/kauppa\/wp-json\/wp\/v2\/types\/product"}],"replies":[{"embeddable":true,"href":"https:\/\/logistiikkakeskus.net\/kauppa\/wp-json\/wp\/v2\/comments?post=72104"}],"wp:featuredmedia":[{"embeddable":true,"href":"https:\/\/logistiikkakeskus.net\/kauppa\/wp-json\/wp\/v2\/media\/102924"}],"wp:attachment":[{"href":"https:\/\/logistiikkakeskus.net\/kauppa\/wp-json\/wp\/v2\/media?parent=72104"}],"wp:term":[{"taxonomy":"product_brand","embeddable":true,"href":"https:\/\/logistiikkakeskus.net\/kauppa\/wp-json\/wp\/v2\/product_brand?post=72104"},{"taxonomy":"product_cat","embeddable":true,"href":"https:\/\/logistiikkakeskus.net\/kauppa\/wp-json\/wp\/v2\/product_cat?post=72104"},{"taxonomy":"product_tag","embeddable":true,"href":"https:\/\/logistiikkakeskus.net\/kauppa\/wp-json\/wp\/v2\/product_tag?post=72104"}],"curies":[{"name":"wp","href":"https:\/\/api.w.org\/{rel}","templated":true}]}}