{"id":72102,"date":"2022-12-01T09:21:42","date_gmt":"2022-12-01T09:21:42","guid":{"rendered":"https:\/\/logistiikkakeskus.net\/kauppa\/tuote\/kuulonsuojain-sanka-cerva-fm-3\/"},"modified":"2026-01-20T09:17:10","modified_gmt":"2026-01-20T07:17:10","slug":"kuulonsuojain-sanka-cerva-fm-3","status":"publish","type":"product","link":"https:\/\/logistiikkakeskus.net\/kauppa\/tuote\/kuulonsuojain-sanka-cerva-fm-3\/","title":{"rendered":"Kuulonsuojain sanka CERVA FM-3"},"content":{"rendered":"<p>Kuulonsuojaimet kest\u00e4v\u00e4ll\u00e4 ja helposti s\u00e4\u00e4dett\u00e4v\u00e4ll\u00e4 p\u00e4\u00e4pannalla javaahtot\u00e4ytteill\u00e4. Kevyt ja mukava p\u00e4\u00e4panta tarjoaa v\u00e4h\u00e4n paineita my\u00f6spitk\u00e4\u00e4n k\u00e4ytett\u00e4ess\u00e4. Paino: 289 grammaa. Standardointi EN 352-1. H: 35dB; M: 31 dB; :: 25 dB:hakusanat: kuulonsuojain, kuulonsuojaus, korvatulppa, kuulosuojain<\/p>\n","protected":false},"excerpt":{"rendered":"<p>Kuulonsuojaimet kest\u00e4v\u00e4ll\u00e4 ja helposti s\u00e4\u00e4dett\u00e4v\u00e4ll\u00e4 p\u00e4\u00e4pannalla javaahtot\u00e4ytteill\u00e4. Kevyt ja mukava p\u00e4\u00e4panta tarjoaa v\u00e4h\u00e4n paineita my\u00f6spitk\u00e4\u00e4n k\u00e4ytett\u00e4ess\u00e4. Paino: 289 grammaa. Standardointi EN 352-1. H: 35dB; M: 31 dB; :: 25 dB:hakusanat: kuulonsuojain, kuulonsuojaus, korvatulppa, kuulosuojain<\/p>\n","protected":false},"featured_media":102923,"comment_status":"open","ping_status":"closed","template":"","meta":[],"product_brand":[],"product_cat":[3280],"product_tag":[],"class_list":{"0":"post-72102","1":"product","2":"type-product","3":"status-publish","4":"has-post-thumbnail","6":"product_cat-henkilonsuojaimet-ja-tyoturvallisuus-henkilonsuojaimet-kuulosuojaimet","8":"first","9":"instock","10":"shipping-taxable","11":"purchasable","12":"product-type-simple"},"_links":{"self":[{"href":"https:\/\/logistiikkakeskus.net\/kauppa\/wp-json\/wp\/v2\/product\/72102","targetHints":{"allow":["GET"]}}],"collection":[{"href":"https:\/\/logistiikkakeskus.net\/kauppa\/wp-json\/wp\/v2\/product"}],"about":[{"href":"https:\/\/logistiikkakeskus.net\/kauppa\/wp-json\/wp\/v2\/types\/product"}],"replies":[{"embeddable":true,"href":"https:\/\/logistiikkakeskus.net\/kauppa\/wp-json\/wp\/v2\/comments?post=72102"}],"wp:featuredmedia":[{"embeddable":true,"href":"https:\/\/logistiikkakeskus.net\/kauppa\/wp-json\/wp\/v2\/media\/102923"}],"wp:attachment":[{"href":"https:\/\/logistiikkakeskus.net\/kauppa\/wp-json\/wp\/v2\/media?parent=72102"}],"wp:term":[{"taxonomy":"product_brand","embeddable":true,"href":"https:\/\/logistiikkakeskus.net\/kauppa\/wp-json\/wp\/v2\/product_brand?post=72102"},{"taxonomy":"product_cat","embeddable":true,"href":"https:\/\/logistiikkakeskus.net\/kauppa\/wp-json\/wp\/v2\/product_cat?post=72102"},{"taxonomy":"product_tag","embeddable":true,"href":"https:\/\/logistiikkakeskus.net\/kauppa\/wp-json\/wp\/v2\/product_tag?post=72102"}],"curies":[{"name":"wp","href":"https:\/\/api.w.org\/{rel}","templated":true}]}}