{"id":72096,"date":"2022-12-01T09:21:40","date_gmt":"2022-12-01T09:21:40","guid":{"rendered":"https:\/\/logistiikkakeskus.net\/kauppa\/tuote\/paineruisku-gloria-405t-5-l\/"},"modified":"2026-01-20T09:17:10","modified_gmt":"2026-01-20T07:17:10","slug":"paineruisku-gloria-405t-5-l","status":"publish","type":"product","link":"https:\/\/logistiikkakeskus.net\/kauppa\/tuote\/paineruisku-gloria-405t-5-l\/","title":{"rendered":"Paineruisku Gloria 405T 5 L"},"content":{"rendered":"<p>\u00d6ljynkest\u00e4v\u00e4 5 litran paineruisku ammattik\u00e4ytt\u00f6\u00f6n.Kantoj\u00e4rjestelm\u00e4: pehmustettu kantohihnaMax. k\u00e4ytt\u00f6paine: 6 barPaineent\u00e4ytt\u00f6venttiili: eiPainemittari: onSpiraaliletku: eiS\u00e4ili\u00f6n materiaali: sinkitty\u00e4 ter\u00e4st\u00e4, muovinen sis\u00e4pinnoiteVaro- ja paineenpoistoventtiili: on\u00d6ljynkest\u00e4v\u00e4: kyll\u00e4 (viton tiivisteet)Hakusana: painesumutin, s\u00e4ili\u00f6ruisku, puutarharuisku<\/p>\n","protected":false},"excerpt":{"rendered":"<p>\u00d6ljynkest\u00e4v\u00e4 5 litran paineruisku ammattik\u00e4ytt\u00f6\u00f6n.Kantoj\u00e4rjestelm\u00e4: pehmustettu kantohihnaMax. k\u00e4ytt\u00f6paine: 6 barPaineent\u00e4ytt\u00f6venttiili: eiPainemittari: onSpiraaliletku: eiS\u00e4ili\u00f6n materiaali: sinkitty\u00e4 ter\u00e4st\u00e4, muovinen sis\u00e4pinnoiteVaro- ja paineenpoistoventtiili: on\u00d6ljynkest\u00e4v\u00e4: kyll\u00e4 (viton tiivisteet)Hakusana: painesumutin, s\u00e4ili\u00f6ruisku, puutarharuisku<\/p>\n","protected":false},"featured_media":102920,"comment_status":"open","ping_status":"closed","template":"","meta":[],"product_brand":[],"product_cat":[3362],"product_tag":[],"class_list":{"0":"post-72096","1":"product","2":"type-product","3":"status-publish","4":"has-post-thumbnail","6":"product_cat-tyokalut-puutarhatyokalut-muut-puutarhatyokalut","8":"first","9":"instock","10":"shipping-taxable","11":"purchasable","12":"product-type-simple"},"_links":{"self":[{"href":"https:\/\/logistiikkakeskus.net\/kauppa\/wp-json\/wp\/v2\/product\/72096","targetHints":{"allow":["GET"]}}],"collection":[{"href":"https:\/\/logistiikkakeskus.net\/kauppa\/wp-json\/wp\/v2\/product"}],"about":[{"href":"https:\/\/logistiikkakeskus.net\/kauppa\/wp-json\/wp\/v2\/types\/product"}],"replies":[{"embeddable":true,"href":"https:\/\/logistiikkakeskus.net\/kauppa\/wp-json\/wp\/v2\/comments?post=72096"}],"wp:featuredmedia":[{"embeddable":true,"href":"https:\/\/logistiikkakeskus.net\/kauppa\/wp-json\/wp\/v2\/media\/102920"}],"wp:attachment":[{"href":"https:\/\/logistiikkakeskus.net\/kauppa\/wp-json\/wp\/v2\/media?parent=72096"}],"wp:term":[{"taxonomy":"product_brand","embeddable":true,"href":"https:\/\/logistiikkakeskus.net\/kauppa\/wp-json\/wp\/v2\/product_brand?post=72096"},{"taxonomy":"product_cat","embeddable":true,"href":"https:\/\/logistiikkakeskus.net\/kauppa\/wp-json\/wp\/v2\/product_cat?post=72096"},{"taxonomy":"product_tag","embeddable":true,"href":"https:\/\/logistiikkakeskus.net\/kauppa\/wp-json\/wp\/v2\/product_tag?post=72096"}],"curies":[{"name":"wp","href":"https:\/\/api.w.org\/{rel}","templated":true}]}}