{"id":72075,"date":"2022-12-01T09:21:33","date_gmt":"2022-12-01T09:21:33","guid":{"rendered":"https:\/\/logistiikkakeskus.net\/kauppa\/tuote\/hengityssuojain-venttiililla-ffp3-10-kpl\/"},"modified":"2026-01-20T09:17:09","modified_gmt":"2026-01-20T07:17:09","slug":"hengityssuojain-venttiililla-ffp3-10-kpl","status":"publish","type":"product","link":"https:\/\/logistiikkakeskus.net\/kauppa\/tuote\/hengityssuojain-venttiililla-ffp3-10-kpl\/","title":{"rendered":"Hengityssuojain venttiilill\u00e4 FFP3 10 kpl"},"content":{"rendered":"<p>Worksafe CE-merkitty FFP3 R D hengityssuojain uloshengitysventtiilill\u00e4.K\u00e4ytt\u00f6alueet: Yleinen kunnossapito, terveydenhuolto, siivous, hionta,materiaalien k\u00e4sittely sek\u00e4 rakennusalan ty\u00f6t. Naamari on valmistettukorkealaatuisesta suodatinmateriaalista, joka pys\u00e4ytt\u00e4\u00e4 ja sitoohiukkaset tehokkaasti. FFP3 -luokan suojaimet ovat suojaimien korkeinsuojaluokka, ja ne suodattaa jopa 99 % ep\u00e4puhtauksista. Suojaahomeiti\u00f6ilt\u00e4, bakteereilta seka viruksilta. FFP3-luokka tarjoaa my\u00f6ssuojan pienitehoisia ja \u00e4rsytt\u00e4vi\u00e4 p\u00f6lyj\u00e4 vastaan. Myyntier\u00e4 10 kpl\/pkt.<\/p>\n","protected":false},"excerpt":{"rendered":"<p>Worksafe CE-merkitty FFP3 R D hengityssuojain uloshengitysventtiilill\u00e4.K\u00e4ytt\u00f6alueet: Yleinen kunnossapito, terveydenhuolto, siivous, hionta,materiaalien k\u00e4sittely sek\u00e4 rakennusalan ty\u00f6t. Naamari on valmistettukorkealaatuisesta suodatinmateriaalista, joka pys\u00e4ytt\u00e4\u00e4 ja sitoohiukkaset tehokkaasti. FFP3 -luokan suojaimet ovat suojaimien korkeinsuojaluokka, ja ne suodattaa jopa 99 % ep\u00e4puhtauksista. Suojaahomeiti\u00f6ilt\u00e4, bakteereilta seka viruksilta. FFP3-luokka tarjoaa my\u00f6ssuojan pienitehoisia ja \u00e4rsytt\u00e4vi\u00e4 p\u00f6lyj\u00e4 vastaan. Myyntier\u00e4 10 kpl\/pkt.<\/p>\n","protected":false},"featured_media":102910,"comment_status":"open","ping_status":"closed","template":"","meta":[],"product_brand":[],"product_cat":[3399],"product_tag":[],"class_list":{"0":"post-72075","1":"product","2":"type-product","3":"status-publish","4":"has-post-thumbnail","6":"product_cat-henkilonsuojaimet-ja-tyoturvallisuus-henkilonsuojaimet-hengityssuojaimet","8":"first","9":"instock","10":"shipping-taxable","11":"purchasable","12":"product-type-simple"},"_links":{"self":[{"href":"https:\/\/logistiikkakeskus.net\/kauppa\/wp-json\/wp\/v2\/product\/72075","targetHints":{"allow":["GET"]}}],"collection":[{"href":"https:\/\/logistiikkakeskus.net\/kauppa\/wp-json\/wp\/v2\/product"}],"about":[{"href":"https:\/\/logistiikkakeskus.net\/kauppa\/wp-json\/wp\/v2\/types\/product"}],"replies":[{"embeddable":true,"href":"https:\/\/logistiikkakeskus.net\/kauppa\/wp-json\/wp\/v2\/comments?post=72075"}],"wp:featuredmedia":[{"embeddable":true,"href":"https:\/\/logistiikkakeskus.net\/kauppa\/wp-json\/wp\/v2\/media\/102910"}],"wp:attachment":[{"href":"https:\/\/logistiikkakeskus.net\/kauppa\/wp-json\/wp\/v2\/media?parent=72075"}],"wp:term":[{"taxonomy":"product_brand","embeddable":true,"href":"https:\/\/logistiikkakeskus.net\/kauppa\/wp-json\/wp\/v2\/product_brand?post=72075"},{"taxonomy":"product_cat","embeddable":true,"href":"https:\/\/logistiikkakeskus.net\/kauppa\/wp-json\/wp\/v2\/product_cat?post=72075"},{"taxonomy":"product_tag","embeddable":true,"href":"https:\/\/logistiikkakeskus.net\/kauppa\/wp-json\/wp\/v2\/product_tag?post=72075"}],"curies":[{"name":"wp","href":"https:\/\/api.w.org\/{rel}","templated":true}]}}