{"id":72047,"date":"2022-12-01T09:21:24","date_gmt":"2022-12-01T09:21:24","guid":{"rendered":"https:\/\/logistiikkakeskus.net\/kauppa\/tuote\/kasienpuhdistusaine-swarfega-orange-05l\/"},"modified":"2026-01-20T09:17:08","modified_gmt":"2026-01-20T07:17:08","slug":"kasienpuhdistusaine-swarfega-orange-05l","status":"publish","type":"product","link":"https:\/\/logistiikkakeskus.net\/kauppa\/tuote\/kasienpuhdistusaine-swarfega-orange-05l\/","title":{"rendered":"K\u00e4sienpuhdistusaine Swarfega Orange 0,5L"},"content":{"rendered":"<p>K\u00e4sienpuhdistusaine ei sis\u00e4ll\u00e4 liuotinaineita. Sis\u00e4lt\u00e4\u00e4 puhdistaviamikropolykuulia, jotka puhdistavat tehokkaasti. Kosteuttaa ihoa. Sopii\u00f6ljyn, rasvan, sek\u00e4 vaikean lian poistoon. 0,5 L pumppupullo. Hakusanat:k\u00e4sienpesuaine, k\u00e4sienpuhdistusvoide.<\/p>\n","protected":false},"excerpt":{"rendered":"<p>K\u00e4sienpuhdistusaine ei sis\u00e4ll\u00e4 liuotinaineita. Sis\u00e4lt\u00e4\u00e4 puhdistaviamikropolykuulia, jotka puhdistavat tehokkaasti. Kosteuttaa ihoa. Sopii\u00f6ljyn, rasvan, sek\u00e4 vaikean lian poistoon. 0,5 L pumppupullo. Hakusanat:k\u00e4sienpesuaine, k\u00e4sienpuhdistusvoide.<\/p>\n","protected":false},"featured_media":102901,"comment_status":"open","ping_status":"closed","template":"","meta":[],"product_brand":[],"product_cat":[3397],"product_tag":[],"class_list":{"0":"post-72047","1":"product","2":"type-product","3":"status-publish","4":"has-post-thumbnail","6":"product_cat-kemikaalit-poltto-ja-voiteluaineet-tarvikkeet","8":"first","9":"instock","10":"shipping-taxable","11":"purchasable","12":"product-type-simple"},"_links":{"self":[{"href":"https:\/\/logistiikkakeskus.net\/kauppa\/wp-json\/wp\/v2\/product\/72047","targetHints":{"allow":["GET"]}}],"collection":[{"href":"https:\/\/logistiikkakeskus.net\/kauppa\/wp-json\/wp\/v2\/product"}],"about":[{"href":"https:\/\/logistiikkakeskus.net\/kauppa\/wp-json\/wp\/v2\/types\/product"}],"replies":[{"embeddable":true,"href":"https:\/\/logistiikkakeskus.net\/kauppa\/wp-json\/wp\/v2\/comments?post=72047"}],"wp:featuredmedia":[{"embeddable":true,"href":"https:\/\/logistiikkakeskus.net\/kauppa\/wp-json\/wp\/v2\/media\/102901"}],"wp:attachment":[{"href":"https:\/\/logistiikkakeskus.net\/kauppa\/wp-json\/wp\/v2\/media?parent=72047"}],"wp:term":[{"taxonomy":"product_brand","embeddable":true,"href":"https:\/\/logistiikkakeskus.net\/kauppa\/wp-json\/wp\/v2\/product_brand?post=72047"},{"taxonomy":"product_cat","embeddable":true,"href":"https:\/\/logistiikkakeskus.net\/kauppa\/wp-json\/wp\/v2\/product_cat?post=72047"},{"taxonomy":"product_tag","embeddable":true,"href":"https:\/\/logistiikkakeskus.net\/kauppa\/wp-json\/wp\/v2\/product_tag?post=72047"}],"curies":[{"name":"wp","href":"https:\/\/api.w.org\/{rel}","templated":true}]}}