{"id":72043,"date":"2022-12-01T09:21:23","date_gmt":"2022-12-01T09:21:23","guid":{"rendered":"https:\/\/logistiikkakeskus.net\/kauppa\/tuote\/aurinkosuojavoide-stoko-sun-uv30-100-ml\/"},"modified":"2026-01-20T09:17:08","modified_gmt":"2026-01-20T07:17:08","slug":"aurinkosuojavoide-stoko-sun-uv30-100-ml","status":"publish","type":"product","link":"https:\/\/logistiikkakeskus.net\/kauppa\/tuote\/aurinkosuojavoide-stoko-sun-uv30-100-ml\/","title":{"rendered":"Aurinkovoide LV UV30 150 ml"},"content":{"rendered":"<p>UVA-UVB-UVC aurinkosuojavoide. Ammattik\u00e4ytt\u00f6\u00f6n tarkoitettu aurinkosuoja,jossa on UVB 30 ja UVA 5-t\u00e4htinen ultrasuojaus. UVC35-suojauskeinotekoisilta UVC-s\u00e4teilt\u00e4, jotka syntyv\u00e4t teollisuusprosesseissaesim. hitsauksessa. Vedenkest\u00e4v\u00e4. Hajusteeton ja v\u00e4riaineeton.<\/p>\n","protected":false},"excerpt":{"rendered":"<p>UVA-UVB-UVC aurinkosuojavoide. Ammattik\u00e4ytt\u00f6\u00f6n tarkoitettu aurinkosuoja,jossa on UVB 30 ja UVA 5-t\u00e4htinen ultrasuojaus. UVC35-suojauskeinotekoisilta UVC-s\u00e4teilt\u00e4, jotka syntyv\u00e4t teollisuusprosesseissaesim. hitsauksessa. Vedenkest\u00e4v\u00e4. Hajusteeton ja v\u00e4riaineeton.<\/p>\n","protected":false},"featured_media":102900,"comment_status":"open","ping_status":"closed","template":"","meta":[],"product_brand":[],"product_cat":[3279],"product_tag":[],"class_list":{"0":"post-72043","1":"product","2":"type-product","3":"status-publish","4":"has-post-thumbnail","6":"product_cat-hoitotarvikkeet-henkilokohtainen-hygienia-hygieniatarvikkeet","8":"first","9":"instock","10":"shipping-taxable","11":"purchasable","12":"product-type-simple"},"_links":{"self":[{"href":"https:\/\/logistiikkakeskus.net\/kauppa\/wp-json\/wp\/v2\/product\/72043","targetHints":{"allow":["GET"]}}],"collection":[{"href":"https:\/\/logistiikkakeskus.net\/kauppa\/wp-json\/wp\/v2\/product"}],"about":[{"href":"https:\/\/logistiikkakeskus.net\/kauppa\/wp-json\/wp\/v2\/types\/product"}],"replies":[{"embeddable":true,"href":"https:\/\/logistiikkakeskus.net\/kauppa\/wp-json\/wp\/v2\/comments?post=72043"}],"wp:featuredmedia":[{"embeddable":true,"href":"https:\/\/logistiikkakeskus.net\/kauppa\/wp-json\/wp\/v2\/media\/102900"}],"wp:attachment":[{"href":"https:\/\/logistiikkakeskus.net\/kauppa\/wp-json\/wp\/v2\/media?parent=72043"}],"wp:term":[{"taxonomy":"product_brand","embeddable":true,"href":"https:\/\/logistiikkakeskus.net\/kauppa\/wp-json\/wp\/v2\/product_brand?post=72043"},{"taxonomy":"product_cat","embeddable":true,"href":"https:\/\/logistiikkakeskus.net\/kauppa\/wp-json\/wp\/v2\/product_cat?post=72043"},{"taxonomy":"product_tag","embeddable":true,"href":"https:\/\/logistiikkakeskus.net\/kauppa\/wp-json\/wp\/v2\/product_tag?post=72043"}],"curies":[{"name":"wp","href":"https:\/\/api.w.org\/{rel}","templated":true}]}}