{"id":72033,"date":"2022-12-01T09:21:20","date_gmt":"2022-12-01T09:21:20","guid":{"rendered":"https:\/\/logistiikkakeskus.net\/kauppa\/tuote\/voikukkarauta-shw-rex-lyhyt-varsi\/"},"modified":"2026-01-20T09:17:08","modified_gmt":"2026-01-20T07:17:08","slug":"voikukkarauta-shw-rex-lyhyt-varsi","status":"publish","type":"product","link":"https:\/\/logistiikkakeskus.net\/kauppa\/tuote\/voikukkarauta-shw-rex-lyhyt-varsi\/","title":{"rendered":"Voikukkarauta SHW Rex , lyhyt varsi"},"content":{"rendered":"<p>TILAUSTUOTE.TUOTTEELLA NORMAALIA PIDEMPI TOIMITUSAIKA.Lyhyt voikukkarauta. Ter\u00e4n pituus 220 mm, paino 200 g. Kokonaispituus380 mm. hakusanat: k\u00e4sikitkin, rikkaruoho, kitkent\u00e4, puutarha<\/p>\n","protected":false},"excerpt":{"rendered":"<p>TILAUSTUOTE.TUOTTEELLA NORMAALIA PIDEMPI TOIMITUSAIKA.Lyhyt voikukkarauta. Ter\u00e4n pituus 220 mm, paino 200 g. Kokonaispituus380 mm. hakusanat: k\u00e4sikitkin, rikkaruoho, kitkent\u00e4, puutarha<\/p>\n","protected":false},"featured_media":102897,"comment_status":"open","ping_status":"closed","template":"","meta":[],"product_brand":[],"product_cat":[3362],"product_tag":[],"class_list":{"0":"post-72033","1":"product","2":"type-product","3":"status-publish","4":"has-post-thumbnail","6":"product_cat-tyokalut-puutarhatyokalut-muut-puutarhatyokalut","8":"first","9":"instock","10":"shipping-taxable","11":"purchasable","12":"product-type-simple"},"_links":{"self":[{"href":"https:\/\/logistiikkakeskus.net\/kauppa\/wp-json\/wp\/v2\/product\/72033","targetHints":{"allow":["GET"]}}],"collection":[{"href":"https:\/\/logistiikkakeskus.net\/kauppa\/wp-json\/wp\/v2\/product"}],"about":[{"href":"https:\/\/logistiikkakeskus.net\/kauppa\/wp-json\/wp\/v2\/types\/product"}],"replies":[{"embeddable":true,"href":"https:\/\/logistiikkakeskus.net\/kauppa\/wp-json\/wp\/v2\/comments?post=72033"}],"wp:featuredmedia":[{"embeddable":true,"href":"https:\/\/logistiikkakeskus.net\/kauppa\/wp-json\/wp\/v2\/media\/102897"}],"wp:attachment":[{"href":"https:\/\/logistiikkakeskus.net\/kauppa\/wp-json\/wp\/v2\/media?parent=72033"}],"wp:term":[{"taxonomy":"product_brand","embeddable":true,"href":"https:\/\/logistiikkakeskus.net\/kauppa\/wp-json\/wp\/v2\/product_brand?post=72033"},{"taxonomy":"product_cat","embeddable":true,"href":"https:\/\/logistiikkakeskus.net\/kauppa\/wp-json\/wp\/v2\/product_cat?post=72033"},{"taxonomy":"product_tag","embeddable":true,"href":"https:\/\/logistiikkakeskus.net\/kauppa\/wp-json\/wp\/v2\/product_tag?post=72033"}],"curies":[{"name":"wp","href":"https:\/\/api.w.org\/{rel}","templated":true}]}}