{"id":71982,"date":"2022-12-01T09:21:02","date_gmt":"2022-12-01T09:21:02","guid":{"rendered":"https:\/\/logistiikkakeskus.net\/kauppa\/tuote\/huopapohjallinen-nk-comfort-36-47\/"},"modified":"2025-01-14T11:03:42","modified_gmt":"2025-01-14T09:03:42","slug":"huopapohjallinen-nk-comfort-36-47","status":"publish","type":"product","link":"https:\/\/logistiikkakeskus.net\/kauppa\/tuote\/huopapohjallinen-nk-comfort-36-47\/","title":{"rendered":"Huopapohjallinen NK comfort, 36-47"},"content":{"rendered":"<p>Huopapohjallinen NK comfort tuo lis\u00e4mukavuutta saappaisiin ja imee hyvinkosteutta.Soveltuu ymp\u00e4rivuotiseen k\u00e4ytt\u00f6\u00f6n.Kokoon leikattava.Hakusana: pohjalliset<\/p>\n","protected":false},"excerpt":{"rendered":"<p>Huopapohjallinen NK comfort tuo lis\u00e4mukavuutta saappaisiin ja imee hyvinkosteutta.Soveltuu ymp\u00e4rivuotiseen k\u00e4ytt\u00f6\u00f6n.Kokoon leikattava.Hakusana: pohjalliset<\/p>\n","protected":false},"featured_media":0,"comment_status":"open","ping_status":"closed","template":"","meta":[],"product_brand":[],"product_cat":[3391],"product_tag":[],"class_list":{"0":"post-71982","1":"product","2":"type-product","3":"status-publish","5":"product_cat-vaatteet-jalkineet-pohjalliset-ja-syylinkit","7":"first","8":"instock","9":"shipping-taxable","10":"purchasable","11":"product-type-simple"},"_links":{"self":[{"href":"https:\/\/logistiikkakeskus.net\/kauppa\/wp-json\/wp\/v2\/product\/71982","targetHints":{"allow":["GET"]}}],"collection":[{"href":"https:\/\/logistiikkakeskus.net\/kauppa\/wp-json\/wp\/v2\/product"}],"about":[{"href":"https:\/\/logistiikkakeskus.net\/kauppa\/wp-json\/wp\/v2\/types\/product"}],"replies":[{"embeddable":true,"href":"https:\/\/logistiikkakeskus.net\/kauppa\/wp-json\/wp\/v2\/comments?post=71982"}],"wp:attachment":[{"href":"https:\/\/logistiikkakeskus.net\/kauppa\/wp-json\/wp\/v2\/media?parent=71982"}],"wp:term":[{"taxonomy":"product_brand","embeddable":true,"href":"https:\/\/logistiikkakeskus.net\/kauppa\/wp-json\/wp\/v2\/product_brand?post=71982"},{"taxonomy":"product_cat","embeddable":true,"href":"https:\/\/logistiikkakeskus.net\/kauppa\/wp-json\/wp\/v2\/product_cat?post=71982"},{"taxonomy":"product_tag","embeddable":true,"href":"https:\/\/logistiikkakeskus.net\/kauppa\/wp-json\/wp\/v2\/product_tag?post=71982"}],"curies":[{"name":"wp","href":"https:\/\/api.w.org\/{rel}","templated":true}]}}