{"id":71972,"date":"2022-12-01T09:20:59","date_gmt":"2022-12-01T09:20:59","guid":{"rendered":"https:\/\/logistiikkakeskus.net\/kauppa\/tuote\/avainketju-jojo-201\/"},"modified":"2026-01-20T09:17:06","modified_gmt":"2026-01-20T07:17:06","slug":"avainketju-jojo-201","status":"publish","type":"product","link":"https:\/\/logistiikkakeskus.net\/kauppa\/tuote\/avainketju-jojo-201\/","title":{"rendered":"Avainketju Jojo 201"},"content":{"rendered":"<p>Avaintenpidike, jonka voit kiinnitt\u00e4\u00e4 housuihisi koukulla &#8211; ved\u00e4 sittenavain ulos hihnan avulla avataksesi kaiken lukituksen. Jojo-toiminnonavulla avain vet\u00e4ytyy helposti takaisin pidikkeeseen. T\u00e4ll\u00e4 tavallaavainketju on aina turvallisessa pidikkeess\u00e4 ja sinulla on avaimetk\u00e4dess\u00e4si, kun tarvitset niit\u00e4. V\u00e4ri: musta ja hopea. Materiaali: ABS +ruostumaton ter\u00e4s. haksusanat: roskiksen avain, roska-astia<\/p>\n","protected":false},"excerpt":{"rendered":"<p>Avaintenpidike, jonka voit kiinnitt\u00e4\u00e4 housuihisi koukulla &#8211; ved\u00e4 sittenavain ulos hihnan avulla avataksesi kaiken lukituksen. Jojo-toiminnonavulla avain vet\u00e4ytyy helposti takaisin pidikkeeseen. T\u00e4ll\u00e4 tavallaavainketju on aina turvallisessa pidikkeess\u00e4 ja sinulla on avaimetk\u00e4dess\u00e4si, kun tarvitset niit\u00e4. V\u00e4ri: musta ja hopea. Materiaali: ABS +ruostumaton ter\u00e4s. haksusanat: roskiksen avain, roska-astia<\/p>\n","protected":false},"featured_media":102882,"comment_status":"open","ping_status":"closed","template":"","meta":[],"product_brand":[],"product_cat":[3323],"product_tag":[],"class_list":{"0":"post-71972","1":"product","2":"type-product","3":"status-publish","4":"has-post-thumbnail","6":"product_cat-kiinteistotarvikkeet-muut-tuotteet-kiinteistotuotteet","8":"first","9":"instock","10":"shipping-taxable","11":"purchasable","12":"product-type-simple"},"_links":{"self":[{"href":"https:\/\/logistiikkakeskus.net\/kauppa\/wp-json\/wp\/v2\/product\/71972","targetHints":{"allow":["GET"]}}],"collection":[{"href":"https:\/\/logistiikkakeskus.net\/kauppa\/wp-json\/wp\/v2\/product"}],"about":[{"href":"https:\/\/logistiikkakeskus.net\/kauppa\/wp-json\/wp\/v2\/types\/product"}],"replies":[{"embeddable":true,"href":"https:\/\/logistiikkakeskus.net\/kauppa\/wp-json\/wp\/v2\/comments?post=71972"}],"wp:featuredmedia":[{"embeddable":true,"href":"https:\/\/logistiikkakeskus.net\/kauppa\/wp-json\/wp\/v2\/media\/102882"}],"wp:attachment":[{"href":"https:\/\/logistiikkakeskus.net\/kauppa\/wp-json\/wp\/v2\/media?parent=71972"}],"wp:term":[{"taxonomy":"product_brand","embeddable":true,"href":"https:\/\/logistiikkakeskus.net\/kauppa\/wp-json\/wp\/v2\/product_brand?post=71972"},{"taxonomy":"product_cat","embeddable":true,"href":"https:\/\/logistiikkakeskus.net\/kauppa\/wp-json\/wp\/v2\/product_cat?post=71972"},{"taxonomy":"product_tag","embeddable":true,"href":"https:\/\/logistiikkakeskus.net\/kauppa\/wp-json\/wp\/v2\/product_tag?post=71972"}],"curies":[{"name":"wp","href":"https:\/\/api.w.org\/{rel}","templated":true}]}}