{"id":71966,"date":"2022-12-01T09:20:57","date_gmt":"2022-12-01T09:20:57","guid":{"rendered":"https:\/\/logistiikkakeskus.net\/kauppa\/tuote\/ajastinkellokytkin-sisak-theben-24h\/"},"modified":"2026-01-20T09:17:06","modified_gmt":"2026-01-20T07:17:06","slug":"ajastinkellokytkin-sisak-theben-24h","status":"publish","type":"product","link":"https:\/\/logistiikkakeskus.net\/kauppa\/tuote\/ajastinkellokytkin-sisak-theben-24h\/","title":{"rendered":"Ajastin\/kellokytkin sis\u00e4k. Theben 24h"},"content":{"rendered":"<p>Ajastin\/kellokytkin sis\u00e4k. Theben 24hV\u00e4likellokytkin pistorasiaan. Timer-segmentti, kosketin 16A,pakkaskest\u00e4vyys -40\u00b0C, synkronimoottori, suojausluokka IP 20,lapsisuojat. Lyhin aika-asetus 15 min.<\/p>\n","protected":false},"excerpt":{"rendered":"<p>Ajastin\/kellokytkin sis\u00e4k. Theben 24hV\u00e4likellokytkin pistorasiaan. Timer-segmentti, kosketin 16A,pakkaskest\u00e4vyys -40\u00b0C, synkronimoottori, suojausluokka IP 20,lapsisuojat. Lyhin aika-asetus 15 min.<\/p>\n","protected":false},"featured_media":102880,"comment_status":"open","ping_status":"closed","template":"","meta":[],"product_brand":[],"product_cat":[3389],"product_tag":[],"class_list":{"0":"post-71966","1":"product","2":"type-product","3":"status-publish","4":"has-post-thumbnail","6":"product_cat-tyokalut-sahkotarvikkeet-ajastimet","8":"first","9":"instock","10":"shipping-taxable","11":"purchasable","12":"product-type-simple"},"_links":{"self":[{"href":"https:\/\/logistiikkakeskus.net\/kauppa\/wp-json\/wp\/v2\/product\/71966","targetHints":{"allow":["GET"]}}],"collection":[{"href":"https:\/\/logistiikkakeskus.net\/kauppa\/wp-json\/wp\/v2\/product"}],"about":[{"href":"https:\/\/logistiikkakeskus.net\/kauppa\/wp-json\/wp\/v2\/types\/product"}],"replies":[{"embeddable":true,"href":"https:\/\/logistiikkakeskus.net\/kauppa\/wp-json\/wp\/v2\/comments?post=71966"}],"wp:featuredmedia":[{"embeddable":true,"href":"https:\/\/logistiikkakeskus.net\/kauppa\/wp-json\/wp\/v2\/media\/102880"}],"wp:attachment":[{"href":"https:\/\/logistiikkakeskus.net\/kauppa\/wp-json\/wp\/v2\/media?parent=71966"}],"wp:term":[{"taxonomy":"product_brand","embeddable":true,"href":"https:\/\/logistiikkakeskus.net\/kauppa\/wp-json\/wp\/v2\/product_brand?post=71966"},{"taxonomy":"product_cat","embeddable":true,"href":"https:\/\/logistiikkakeskus.net\/kauppa\/wp-json\/wp\/v2\/product_cat?post=71966"},{"taxonomy":"product_tag","embeddable":true,"href":"https:\/\/logistiikkakeskus.net\/kauppa\/wp-json\/wp\/v2\/product_tag?post=71966"}],"curies":[{"name":"wp","href":"https:\/\/api.w.org\/{rel}","templated":true}]}}