{"id":71878,"date":"2022-12-01T09:20:24","date_gmt":"2022-12-01T09:20:24","guid":{"rendered":"https:\/\/logistiikkakeskus.net\/kauppa\/tuote\/asfaltin-paikkausmassa-20-kg-raek-0-8mm\/"},"modified":"2026-01-20T09:17:03","modified_gmt":"2026-01-20T07:17:03","slug":"asfaltin-paikkausmassa-20-kg-raek-0-8mm","status":"publish","type":"product","link":"https:\/\/logistiikkakeskus.net\/kauppa\/tuote\/asfaltin-paikkausmassa-20-kg-raek-0-8mm\/","title":{"rendered":"Asfaltin paikkausmassa 20 kg raek 0-8mm"},"content":{"rendered":"<p>Asfaltin paikkausmassa 20 kg, raekoko 0-8 mmNopea ja taloudellinen p\u00e4\u00e4llystemassa asfaltti- ja betonipintojenkorjauksiin. Pika-asfaltti.Paikkausmassaa riitt\u00e4\u00e4 n. 1 m\u00b2:n alalle n. 20 mm:n paksuisenakerroksena.hakusana: korjausmassa<\/p>\n","protected":false},"excerpt":{"rendered":"<p>Asfaltin paikkausmassa 20 kg, raekoko 0-8 mmNopea ja taloudellinen p\u00e4\u00e4llystemassa asfaltti- ja betonipintojenkorjauksiin. Pika-asfaltti.Paikkausmassaa riitt\u00e4\u00e4 n. 1 m\u00b2:n alalle n. 20 mm:n paksuisenakerroksena.hakusana: korjausmassa<\/p>\n","protected":false},"featured_media":102853,"comment_status":"open","ping_status":"closed","template":"","meta":[],"product_brand":[],"product_cat":[3323],"product_tag":[],"class_list":{"0":"post-71878","1":"product","2":"type-product","3":"status-publish","4":"has-post-thumbnail","6":"product_cat-kiinteistotarvikkeet-muut-tuotteet-kiinteistotuotteet","8":"first","9":"instock","10":"shipping-taxable","11":"purchasable","12":"product-type-simple"},"_links":{"self":[{"href":"https:\/\/logistiikkakeskus.net\/kauppa\/wp-json\/wp\/v2\/product\/71878","targetHints":{"allow":["GET"]}}],"collection":[{"href":"https:\/\/logistiikkakeskus.net\/kauppa\/wp-json\/wp\/v2\/product"}],"about":[{"href":"https:\/\/logistiikkakeskus.net\/kauppa\/wp-json\/wp\/v2\/types\/product"}],"replies":[{"embeddable":true,"href":"https:\/\/logistiikkakeskus.net\/kauppa\/wp-json\/wp\/v2\/comments?post=71878"}],"wp:featuredmedia":[{"embeddable":true,"href":"https:\/\/logistiikkakeskus.net\/kauppa\/wp-json\/wp\/v2\/media\/102853"}],"wp:attachment":[{"href":"https:\/\/logistiikkakeskus.net\/kauppa\/wp-json\/wp\/v2\/media?parent=71878"}],"wp:term":[{"taxonomy":"product_brand","embeddable":true,"href":"https:\/\/logistiikkakeskus.net\/kauppa\/wp-json\/wp\/v2\/product_brand?post=71878"},{"taxonomy":"product_cat","embeddable":true,"href":"https:\/\/logistiikkakeskus.net\/kauppa\/wp-json\/wp\/v2\/product_cat?post=71878"},{"taxonomy":"product_tag","embeddable":true,"href":"https:\/\/logistiikkakeskus.net\/kauppa\/wp-json\/wp\/v2\/product_tag?post=71878"}],"curies":[{"name":"wp","href":"https:\/\/api.w.org\/{rel}","templated":true}]}}