{"id":71834,"date":"2022-12-01T09:20:07","date_gmt":"2022-12-01T09:20:07","guid":{"rendered":"https:\/\/logistiikkakeskus.net\/kauppa\/tuote\/pixadapt-kyparakiinnikelevy-otsalampulle\/"},"modified":"2026-01-20T09:17:02","modified_gmt":"2026-01-20T07:17:02","slug":"pixadapt-kyparakiinnikelevy-otsalampulle","status":"publish","type":"product","link":"https:\/\/logistiikkakeskus.net\/kauppa\/tuote\/pixadapt-kyparakiinnikelevy-otsalampulle\/","title":{"rendered":"PixAdapt kyp\u00e4r\u00e4kiinnikelevy otsalampulle"},"content":{"rendered":"<p>PixAdapt kyp\u00e4r\u00e4kiinnikelevy otsalampulleKyp\u00e4r\u00e4\u00e4n liimattava kiinnikelevy, jolla voit liitt\u00e4\u00e4 Petzl Pixa ATEX LED-otsavalaisimen ty\u00f6kyp\u00e4r\u00e4\u00e4n ilman otsapantaa.Mahdollistaa valaisimen sijoittamisen niin yl\u00f6s ett\u00e4 esim. Petzl Vertex,kyp\u00e4rien kanssa k\u00e4ytett\u00e4ess\u00e4 Vizir, Vizir Shadow ja Vizen visiirimahtuvat aukeamaan yl\u00f6s asti ilman tarvetta irrottaa valaisintakyp\u00e4r\u00e4st\u00e4. Voidaan k\u00e4ytt\u00e4\u00e4 my\u00f6s kyp\u00e4riss\u00e4, joissa ei olesilmiensuojainta, jolloin saadaan aikaiseksi puhdas kokonaisuus ilmantakertuvaa ja likaantuvaa otsapantaa. Kiinnike s\u00e4ilytt\u00e4\u00e4 valaisimenvalaisukulman s\u00e4\u00e4t\u00f6mahdollisuuden.Notkea kiinnikelevy muotoutuu erinomaisesti erimallisiin kyp\u00e4riin, jatakapinnassa on valmiiksikaksipuoleinen teippi, jonka akryyliliima ei vahingoita kyp\u00e4rien muovia.<\/p>\n","protected":false},"excerpt":{"rendered":"<p>PixAdapt kyp\u00e4r\u00e4kiinnikelevy otsalampulleKyp\u00e4r\u00e4\u00e4n liimattava kiinnikelevy, jolla voit liitt\u00e4\u00e4 Petzl Pixa ATEX LED-otsavalaisimen ty\u00f6kyp\u00e4r\u00e4\u00e4n ilman otsapantaa.Mahdollistaa valaisimen sijoittamisen niin yl\u00f6s ett\u00e4 esim. Petzl Vertex,kyp\u00e4rien kanssa k\u00e4ytett\u00e4ess\u00e4 Vizir, Vizir Shadow ja Vizen visiirimahtuvat aukeamaan yl\u00f6s asti ilman tarvetta irrottaa valaisintakyp\u00e4r\u00e4st\u00e4. Voidaan k\u00e4ytt\u00e4\u00e4 my\u00f6s kyp\u00e4riss\u00e4, joissa ei olesilmiensuojainta, jolloin saadaan aikaiseksi puhdas kokonaisuus ilmantakertuvaa ja likaantuvaa otsapantaa. Kiinnike [&hellip;]<\/p>\n","protected":false},"featured_media":102838,"comment_status":"open","ping_status":"closed","template":"","meta":[],"product_brand":[],"product_cat":[3373],"product_tag":[],"class_list":{"0":"post-71834","1":"product","2":"type-product","3":"status-publish","4":"has-post-thumbnail","6":"product_cat-henkilonsuojaimet-ja-tyoturvallisuus-henkilonsuojaimet-kyparat-ja-tarvikkeet","8":"first","9":"instock","10":"shipping-taxable","11":"purchasable","12":"product-type-simple"},"_links":{"self":[{"href":"https:\/\/logistiikkakeskus.net\/kauppa\/wp-json\/wp\/v2\/product\/71834","targetHints":{"allow":["GET"]}}],"collection":[{"href":"https:\/\/logistiikkakeskus.net\/kauppa\/wp-json\/wp\/v2\/product"}],"about":[{"href":"https:\/\/logistiikkakeskus.net\/kauppa\/wp-json\/wp\/v2\/types\/product"}],"replies":[{"embeddable":true,"href":"https:\/\/logistiikkakeskus.net\/kauppa\/wp-json\/wp\/v2\/comments?post=71834"}],"wp:featuredmedia":[{"embeddable":true,"href":"https:\/\/logistiikkakeskus.net\/kauppa\/wp-json\/wp\/v2\/media\/102838"}],"wp:attachment":[{"href":"https:\/\/logistiikkakeskus.net\/kauppa\/wp-json\/wp\/v2\/media?parent=71834"}],"wp:term":[{"taxonomy":"product_brand","embeddable":true,"href":"https:\/\/logistiikkakeskus.net\/kauppa\/wp-json\/wp\/v2\/product_brand?post=71834"},{"taxonomy":"product_cat","embeddable":true,"href":"https:\/\/logistiikkakeskus.net\/kauppa\/wp-json\/wp\/v2\/product_cat?post=71834"},{"taxonomy":"product_tag","embeddable":true,"href":"https:\/\/logistiikkakeskus.net\/kauppa\/wp-json\/wp\/v2\/product_tag?post=71834"}],"curies":[{"name":"wp","href":"https:\/\/api.w.org\/{rel}","templated":true}]}}