{"id":71828,"date":"2022-12-01T09:20:05","date_gmt":"2022-12-01T09:20:05","guid":{"rendered":"https:\/\/logistiikkakeskus.net\/kauppa\/tuote\/petzl-visiiri-harmaa-vertex\/"},"modified":"2025-03-25T14:40:22","modified_gmt":"2025-03-25T12:40:22","slug":"petzl-visiiri-harmaa-vertex","status":"publish","type":"product","link":"https:\/\/logistiikkakeskus.net\/kauppa\/tuote\/petzl-visiiri-harmaa-vertex\/","title":{"rendered":"Petzl visiiri harmaa (Vertex)"},"content":{"rendered":"<p>Petzl Visiiri harmaa Vertex kyp\u00e4riinTummennettu silmiensuojain ennen 4-2019 valmistettuihin Petzl Vertexty\u00f6kyp\u00e4riin. Suojaa erinomaisesti kasvoja ja silmi\u00e4mekaanisiltavaaroilta, auringon h\u00e4ik\u00e4isylt\u00e4 (tason 2,5 valon l\u00e4p\u00e4isy) jaeliminoi heijastuksista syntyvi\u00e4 h\u00e4iri\u00f6it\u00e4 ty\u00f6tehokkuudelle.Soveltuu mm. korkeanpaikanty\u00f6skentelyyn, rakennusty\u00f6h\u00f6n, hiontaan,metalliteollisuudelle, arboristeille jne. Eritt\u00e4in tehokasnaarmuuntumisenesto sek\u00e4 huurtumaton, laadukas ja pitk\u00e4ik\u00e4inen luokka 1optiikka soveltuen miellytt\u00e4v\u00e4\u00e4n pitk\u00e4aikaiseen yht\u00e4jaksoiseen k\u00e4ytt\u00f6\u00f6n.Kaareva muotoilu antaa laajan tasalaatuisen n\u00e4k\u00f6kent\u00e4n.Helppo asentaa kyp\u00e4rist\u00e4 valmiiksi l\u00f6ytyviin kiinnitysreikiin. Sis\u00e4lt\u00e4\u00e4kiinnitysruuvit. Kaksi asentoa: nostettuna kyp\u00e4r\u00e4n p\u00e4\u00e4llekuljetusasentoon sek\u00e4 laskettuna alas silmien eteen ty\u00f6asentoon. Paino65 g. T\u00e4ytt\u00e4\u00e4 CE EN 166 luokka 1 tyyppi B (suoja suurella nopeudellalent\u00e4vi\u00e4 pieni\u00e4 esineit\u00e4 vastaan: energialuokka B) sek\u00e4 EN172<\/p>\n","protected":false},"excerpt":{"rendered":"<p>Petzl Visiiri harmaa Vertex kyp\u00e4riinTummennettu silmiensuojain ennen 4-2019 valmistettuihin Petzl Vertexty\u00f6kyp\u00e4riin. Suojaa erinomaisesti kasvoja ja silmi\u00e4mekaanisiltavaaroilta, auringon h\u00e4ik\u00e4isylt\u00e4 (tason 2,5 valon l\u00e4p\u00e4isy) jaeliminoi heijastuksista syntyvi\u00e4 h\u00e4iri\u00f6it\u00e4 ty\u00f6tehokkuudelle.Soveltuu mm. korkeanpaikanty\u00f6skentelyyn, rakennusty\u00f6h\u00f6n, hiontaan,metalliteollisuudelle, arboristeille jne. Eritt\u00e4in tehokasnaarmuuntumisenesto sek\u00e4 huurtumaton, laadukas ja pitk\u00e4ik\u00e4inen luokka 1optiikka soveltuen miellytt\u00e4v\u00e4\u00e4n pitk\u00e4aikaiseen yht\u00e4jaksoiseen k\u00e4ytt\u00f6\u00f6n.Kaareva muotoilu antaa laajan tasalaatuisen n\u00e4k\u00f6kent\u00e4n.Helppo asentaa kyp\u00e4rist\u00e4 valmiiksi [&hellip;]<\/p>\n","protected":false},"featured_media":0,"comment_status":"open","ping_status":"closed","template":"","meta":[],"product_brand":[],"product_cat":[3374],"product_tag":[],"class_list":{"0":"post-71828","1":"product","2":"type-product","3":"status-publish","5":"product_cat-henkilonsuojaimet-ja-tyoturvallisuus-henkilonsuojaimet-suojalasit-ja-kasvosuojaimet","7":"first","8":"instock","9":"shipping-taxable","10":"purchasable","11":"product-type-simple"},"_links":{"self":[{"href":"https:\/\/logistiikkakeskus.net\/kauppa\/wp-json\/wp\/v2\/product\/71828","targetHints":{"allow":["GET"]}}],"collection":[{"href":"https:\/\/logistiikkakeskus.net\/kauppa\/wp-json\/wp\/v2\/product"}],"about":[{"href":"https:\/\/logistiikkakeskus.net\/kauppa\/wp-json\/wp\/v2\/types\/product"}],"replies":[{"embeddable":true,"href":"https:\/\/logistiikkakeskus.net\/kauppa\/wp-json\/wp\/v2\/comments?post=71828"}],"wp:attachment":[{"href":"https:\/\/logistiikkakeskus.net\/kauppa\/wp-json\/wp\/v2\/media?parent=71828"}],"wp:term":[{"taxonomy":"product_brand","embeddable":true,"href":"https:\/\/logistiikkakeskus.net\/kauppa\/wp-json\/wp\/v2\/product_brand?post=71828"},{"taxonomy":"product_cat","embeddable":true,"href":"https:\/\/logistiikkakeskus.net\/kauppa\/wp-json\/wp\/v2\/product_cat?post=71828"},{"taxonomy":"product_tag","embeddable":true,"href":"https:\/\/logistiikkakeskus.net\/kauppa\/wp-json\/wp\/v2\/product_tag?post=71828"}],"curies":[{"name":"wp","href":"https:\/\/api.w.org\/{rel}","templated":true}]}}