{"id":71824,"date":"2022-12-01T09:20:03","date_gmt":"2022-12-01T09:20:03","guid":{"rendered":"https:\/\/logistiikkakeskus.net\/kauppa\/tuote\/petzl-visiiri-kirkas-easy-vertex\/"},"modified":"2026-01-20T09:17:02","modified_gmt":"2026-01-20T07:17:02","slug":"petzl-visiiri-kirkas-easy-vertex","status":"publish","type":"product","link":"https:\/\/logistiikkakeskus.net\/kauppa\/tuote\/petzl-visiiri-kirkas-easy-vertex\/","title":{"rendered":"X Petzl visiiri kirkas Easy (Vertex)"},"content":{"rendered":"<p>Petzl pikairrotettava kirkas visiiri Vertex kyp\u00e4riinMukana toimitetaan EasyClip pikakiinnitysnastat, jotka vaihdetaankyp\u00e4r\u00e4n sivuilla olevien mustienvakiopalojen tilalle. Irroitus tapahtuuty\u00f6kaluvapaasti vain nappejapainamalla. Suojaa k\u00e4ytt\u00e4j\u00e4\u00e4 erinomaisesti mekaanisilta vaaroilta.Soveltuu mm. rakennusty\u00f6h\u00f6n, hiontaan, metalliteollisuudelle,arboristeille, korkeanpaikanty\u00f6skentelyyn jne. Ulkopinnalla eritt\u00e4intehokas naarmuuntumisenesto ja sis\u00e4pinnalla huurtumisenestopinnoite.Kaksi asentoa: Nostettuna kyp\u00e4r\u00e4n p\u00e4\u00e4lle kuljetusasentoon sek\u00e4laskettuna alas silmien eteen ty\u00f6asentoon. Paino 80 g.T\u00e4ytt\u00e4\u00e4 CE EN 166luokka 1 tyyppi BT standardin vaatimukset (suojasuurella nopeudella lent\u00e4vi\u00e4 pieni\u00e4 kappaleita vastaan: energialuokka B= iskeytymisnopeus 120 m\/s, my\u00f6s \u00e4\u00e4rimm\u00e4isiss\u00e4 l\u00e4mp\u00f6tiloissa). ANSI-ISEAZ87.1-2010. CSAZ94.3-07 luokka 1. Maksimielinik\u00e4 10 vuotta. Materiaali- javalmistusvirhetakuu 3 vuotta.<\/p>\n","protected":false},"excerpt":{"rendered":"<p>Petzl pikairrotettava kirkas visiiri Vertex kyp\u00e4riinMukana toimitetaan EasyClip pikakiinnitysnastat, jotka vaihdetaankyp\u00e4r\u00e4n sivuilla olevien mustienvakiopalojen tilalle. Irroitus tapahtuuty\u00f6kaluvapaasti vain nappejapainamalla. Suojaa k\u00e4ytt\u00e4j\u00e4\u00e4 erinomaisesti mekaanisilta vaaroilta.Soveltuu mm. rakennusty\u00f6h\u00f6n, hiontaan, metalliteollisuudelle,arboristeille, korkeanpaikanty\u00f6skentelyyn jne. Ulkopinnalla eritt\u00e4intehokas naarmuuntumisenesto ja sis\u00e4pinnalla huurtumisenestopinnoite.Kaksi asentoa: Nostettuna kyp\u00e4r\u00e4n p\u00e4\u00e4lle kuljetusasentoon sek\u00e4laskettuna alas silmien eteen ty\u00f6asentoon. Paino 80 g.T\u00e4ytt\u00e4\u00e4 CE EN 166luokka 1 tyyppi BT [&hellip;]<\/p>\n","protected":false},"featured_media":102834,"comment_status":"open","ping_status":"closed","template":"","meta":[],"product_brand":[],"product_cat":[3374],"product_tag":[],"class_list":{"0":"post-71824","1":"product","2":"type-product","3":"status-publish","4":"has-post-thumbnail","6":"product_cat-henkilonsuojaimet-ja-tyoturvallisuus-henkilonsuojaimet-suojalasit-ja-kasvosuojaimet","8":"first","9":"instock","10":"shipping-taxable","11":"purchasable","12":"product-type-simple"},"_links":{"self":[{"href":"https:\/\/logistiikkakeskus.net\/kauppa\/wp-json\/wp\/v2\/product\/71824","targetHints":{"allow":["GET"]}}],"collection":[{"href":"https:\/\/logistiikkakeskus.net\/kauppa\/wp-json\/wp\/v2\/product"}],"about":[{"href":"https:\/\/logistiikkakeskus.net\/kauppa\/wp-json\/wp\/v2\/types\/product"}],"replies":[{"embeddable":true,"href":"https:\/\/logistiikkakeskus.net\/kauppa\/wp-json\/wp\/v2\/comments?post=71824"}],"wp:featuredmedia":[{"embeddable":true,"href":"https:\/\/logistiikkakeskus.net\/kauppa\/wp-json\/wp\/v2\/media\/102834"}],"wp:attachment":[{"href":"https:\/\/logistiikkakeskus.net\/kauppa\/wp-json\/wp\/v2\/media?parent=71824"}],"wp:term":[{"taxonomy":"product_brand","embeddable":true,"href":"https:\/\/logistiikkakeskus.net\/kauppa\/wp-json\/wp\/v2\/product_brand?post=71824"},{"taxonomy":"product_cat","embeddable":true,"href":"https:\/\/logistiikkakeskus.net\/kauppa\/wp-json\/wp\/v2\/product_cat?post=71824"},{"taxonomy":"product_tag","embeddable":true,"href":"https:\/\/logistiikkakeskus.net\/kauppa\/wp-json\/wp\/v2\/product_tag?post=71824"}],"curies":[{"name":"wp","href":"https:\/\/api.w.org\/{rel}","templated":true}]}}