{"id":71820,"date":"2022-12-01T09:20:01","date_gmt":"2022-12-01T09:20:01","guid":{"rendered":"https:\/\/logistiikkakeskus.net\/kauppa\/tuote\/sisapehmuste-kask-plasma-suojakyparaan\/"},"modified":"2026-01-20T09:17:02","modified_gmt":"2026-01-20T07:17:02","slug":"sisapehmuste-kask-plasma-suojakyparaan","status":"publish","type":"product","link":"https:\/\/logistiikkakeskus.net\/kauppa\/tuote\/sisapehmuste-kask-plasma-suojakyparaan\/","title":{"rendered":"X Sis\u00e4pehmuste Kask Plasma suojakyp\u00e4r\u00e4\u00e4n"},"content":{"rendered":"<p>Sis\u00e4pehmuste varaosana Kask Plasma suojakyp\u00e4r\u00e4\u00e4n.<\/p>\n","protected":false},"excerpt":{"rendered":"<p>Sis\u00e4pehmuste varaosana Kask Plasma suojakyp\u00e4r\u00e4\u00e4n.<\/p>\n","protected":false},"featured_media":102833,"comment_status":"open","ping_status":"closed","template":"","meta":[],"product_brand":[],"product_cat":[3373],"product_tag":[],"class_list":{"0":"post-71820","1":"product","2":"type-product","3":"status-publish","4":"has-post-thumbnail","6":"product_cat-henkilonsuojaimet-ja-tyoturvallisuus-henkilonsuojaimet-kyparat-ja-tarvikkeet","8":"first","9":"instock","10":"shipping-taxable","11":"purchasable","12":"product-type-simple"},"_links":{"self":[{"href":"https:\/\/logistiikkakeskus.net\/kauppa\/wp-json\/wp\/v2\/product\/71820","targetHints":{"allow":["GET"]}}],"collection":[{"href":"https:\/\/logistiikkakeskus.net\/kauppa\/wp-json\/wp\/v2\/product"}],"about":[{"href":"https:\/\/logistiikkakeskus.net\/kauppa\/wp-json\/wp\/v2\/types\/product"}],"replies":[{"embeddable":true,"href":"https:\/\/logistiikkakeskus.net\/kauppa\/wp-json\/wp\/v2\/comments?post=71820"}],"wp:featuredmedia":[{"embeddable":true,"href":"https:\/\/logistiikkakeskus.net\/kauppa\/wp-json\/wp\/v2\/media\/102833"}],"wp:attachment":[{"href":"https:\/\/logistiikkakeskus.net\/kauppa\/wp-json\/wp\/v2\/media?parent=71820"}],"wp:term":[{"taxonomy":"product_brand","embeddable":true,"href":"https:\/\/logistiikkakeskus.net\/kauppa\/wp-json\/wp\/v2\/product_brand?post=71820"},{"taxonomy":"product_cat","embeddable":true,"href":"https:\/\/logistiikkakeskus.net\/kauppa\/wp-json\/wp\/v2\/product_cat?post=71820"},{"taxonomy":"product_tag","embeddable":true,"href":"https:\/\/logistiikkakeskus.net\/kauppa\/wp-json\/wp\/v2\/product_tag?post=71820"}],"curies":[{"name":"wp","href":"https:\/\/api.w.org\/{rel}","templated":true}]}}