{"id":71769,"date":"2022-12-01T09:19:44","date_gmt":"2022-12-01T09:19:44","guid":{"rendered":"https:\/\/logistiikkakeskus.net\/kauppa\/tuote\/nestekaasu-5-kg-pv-komposiitti-taytto\/"},"modified":"2026-01-20T09:16:59","modified_gmt":"2026-01-20T07:16:59","slug":"nestekaasu-5-kg-pv-komposiitti-taytto","status":"publish","type":"product","link":"https:\/\/logistiikkakeskus.net\/kauppa\/tuote\/nestekaasu-5-kg-pv-komposiitti-taytto\/","title":{"rendered":"Nestekaasu 5 kg PV komposiitti t\u00e4ytt\u00f6"},"content":{"rendered":"<p>5 kg kaasu PV komposiittipullon t\u00e4ytt\u00f6Tyhj\u00e4n nestekaasupullon vaihto t\u00e4yteen pulloon.Komposiittipullo painoventtiilill\u00e4. Sis\u00e4lt\u00f6: 5kg, Korkeus: 395mm,Korkeus venttiilin kanssa: 430mm , Halkaisija: 305mm, Kuoren paino:4,6kgJos teill\u00e4 ei ole tyhj\u00e4\u00e4 pulloa, ja tarvitsette t\u00e4yden kaasupullon,tilatkaa my\u00f6s kuori.<\/p>\n","protected":false},"excerpt":{"rendered":"<p>5 kg kaasu PV komposiittipullon t\u00e4ytt\u00f6Tyhj\u00e4n nestekaasupullon vaihto t\u00e4yteen pulloon.Komposiittipullo painoventtiilill\u00e4. Sis\u00e4lt\u00f6: 5kg, Korkeus: 395mm,Korkeus venttiilin kanssa: 430mm , Halkaisija: 305mm, Kuoren paino:4,6kgJos teill\u00e4 ei ole tyhj\u00e4\u00e4 pulloa, ja tarvitsette t\u00e4yden kaasupullon,tilatkaa my\u00f6s kuori.<\/p>\n","protected":false},"featured_media":102798,"comment_status":"open","ping_status":"closed","template":"","meta":[],"product_brand":[],"product_cat":[3367],"product_tag":[],"class_list":{"0":"post-71769","1":"product","2":"type-product","3":"status-publish","4":"has-post-thumbnail","6":"product_cat-kemikaalit-kaasut-nestekaasu","8":"first","9":"instock","10":"shipping-taxable","11":"purchasable","12":"product-type-simple"},"_links":{"self":[{"href":"https:\/\/logistiikkakeskus.net\/kauppa\/wp-json\/wp\/v2\/product\/71769","targetHints":{"allow":["GET"]}}],"collection":[{"href":"https:\/\/logistiikkakeskus.net\/kauppa\/wp-json\/wp\/v2\/product"}],"about":[{"href":"https:\/\/logistiikkakeskus.net\/kauppa\/wp-json\/wp\/v2\/types\/product"}],"replies":[{"embeddable":true,"href":"https:\/\/logistiikkakeskus.net\/kauppa\/wp-json\/wp\/v2\/comments?post=71769"}],"wp:featuredmedia":[{"embeddable":true,"href":"https:\/\/logistiikkakeskus.net\/kauppa\/wp-json\/wp\/v2\/media\/102798"}],"wp:attachment":[{"href":"https:\/\/logistiikkakeskus.net\/kauppa\/wp-json\/wp\/v2\/media?parent=71769"}],"wp:term":[{"taxonomy":"product_brand","embeddable":true,"href":"https:\/\/logistiikkakeskus.net\/kauppa\/wp-json\/wp\/v2\/product_brand?post=71769"},{"taxonomy":"product_cat","embeddable":true,"href":"https:\/\/logistiikkakeskus.net\/kauppa\/wp-json\/wp\/v2\/product_cat?post=71769"},{"taxonomy":"product_tag","embeddable":true,"href":"https:\/\/logistiikkakeskus.net\/kauppa\/wp-json\/wp\/v2\/product_tag?post=71769"}],"curies":[{"name":"wp","href":"https:\/\/api.w.org\/{rel}","templated":true}]}}