{"id":71767,"date":"2022-12-01T09:19:43","date_gmt":"2022-12-01T09:19:43","guid":{"rendered":"https:\/\/logistiikkakeskus.net\/kauppa\/tuote\/nestekaasu-10-kg-pv-komposiitti-taytto\/"},"modified":"2026-01-20T09:16:58","modified_gmt":"2026-01-20T07:16:58","slug":"nestekaasu-10-kg-pv-komposiitti-taytto","status":"publish","type":"product","link":"https:\/\/logistiikkakeskus.net\/kauppa\/tuote\/nestekaasu-10-kg-pv-komposiitti-taytto\/","title":{"rendered":"Nestekaasu 10 kg PV komposiitti t\u00e4ytt\u00f6"},"content":{"rendered":"<p>10 kg kaasu PV komposiittipullon t\u00e4ytt\u00f6Tyhj\u00e4n nestekaasupullon vaihto t\u00e4yteen pulloon.Komposiittipullo painoventtiilill\u00e4. Sis\u00e4lt\u00f6: 10kg, Korkeus: 587mm,Korkeus venttiilin kanssa: 622mm, Halkaisija: 305mm, Kuoren paino: 6,7kgJos teill\u00e4 ei ole tyhj\u00e4\u00e4 pulloa, ja tarvitsette t\u00e4yden kaasupullon,tilatkaa my\u00f6s kuori.<\/p>\n","protected":false},"excerpt":{"rendered":"<p>10 kg kaasu PV komposiittipullon t\u00e4ytt\u00f6Tyhj\u00e4n nestekaasupullon vaihto t\u00e4yteen pulloon.Komposiittipullo painoventtiilill\u00e4. Sis\u00e4lt\u00f6: 10kg, Korkeus: 587mm,Korkeus venttiilin kanssa: 622mm, Halkaisija: 305mm, Kuoren paino: 6,7kgJos teill\u00e4 ei ole tyhj\u00e4\u00e4 pulloa, ja tarvitsette t\u00e4yden kaasupullon,tilatkaa my\u00f6s kuori.<\/p>\n","protected":false},"featured_media":102797,"comment_status":"open","ping_status":"closed","template":"","meta":[],"product_brand":[],"product_cat":[3367],"product_tag":[],"class_list":{"0":"post-71767","1":"product","2":"type-product","3":"status-publish","4":"has-post-thumbnail","6":"product_cat-kemikaalit-kaasut-nestekaasu","8":"first","9":"instock","10":"shipping-taxable","11":"purchasable","12":"product-type-simple"},"_links":{"self":[{"href":"https:\/\/logistiikkakeskus.net\/kauppa\/wp-json\/wp\/v2\/product\/71767","targetHints":{"allow":["GET"]}}],"collection":[{"href":"https:\/\/logistiikkakeskus.net\/kauppa\/wp-json\/wp\/v2\/product"}],"about":[{"href":"https:\/\/logistiikkakeskus.net\/kauppa\/wp-json\/wp\/v2\/types\/product"}],"replies":[{"embeddable":true,"href":"https:\/\/logistiikkakeskus.net\/kauppa\/wp-json\/wp\/v2\/comments?post=71767"}],"wp:featuredmedia":[{"embeddable":true,"href":"https:\/\/logistiikkakeskus.net\/kauppa\/wp-json\/wp\/v2\/media\/102797"}],"wp:attachment":[{"href":"https:\/\/logistiikkakeskus.net\/kauppa\/wp-json\/wp\/v2\/media?parent=71767"}],"wp:term":[{"taxonomy":"product_brand","embeddable":true,"href":"https:\/\/logistiikkakeskus.net\/kauppa\/wp-json\/wp\/v2\/product_brand?post=71767"},{"taxonomy":"product_cat","embeddable":true,"href":"https:\/\/logistiikkakeskus.net\/kauppa\/wp-json\/wp\/v2\/product_cat?post=71767"},{"taxonomy":"product_tag","embeddable":true,"href":"https:\/\/logistiikkakeskus.net\/kauppa\/wp-json\/wp\/v2\/product_tag?post=71767"}],"curies":[{"name":"wp","href":"https:\/\/api.w.org\/{rel}","templated":true}]}}