{"id":71755,"date":"2022-12-01T09:19:39","date_gmt":"2022-12-01T09:19:39","guid":{"rendered":"https:\/\/logistiikkakeskus.net\/kauppa\/tuote\/nestekaasu-2-kg-pv-teraspullon-taytto\/"},"modified":"2026-01-20T09:16:58","modified_gmt":"2026-01-20T07:16:58","slug":"nestekaasu-2-kg-pv-teraspullon-taytto","status":"publish","type":"product","link":"https:\/\/logistiikkakeskus.net\/kauppa\/tuote\/nestekaasu-2-kg-pv-teraspullon-taytto\/","title":{"rendered":"Nestekaasu 2 kg PV ter\u00e4spullon t\u00e4ytt\u00f6"},"content":{"rendered":"<p>Tyhj\u00e4n nestekaasupullon vaihto t\u00e4yteen pulloon. Ter\u00e4spullopainoventtiilill\u00e4. Sis\u00e4lt\u00f6: 2kg, Korkeus: 315mm, Korkeusventtiilin kanssa: 400mm, Halkaisija: 200mm, Kuoren paino: 4kg Josteill\u00e4 ei ole tyhj\u00e4\u00e4 pulloa, ja tarvitsette t\u00e4yden kaasupullon,tilatkaa my\u00f6s kuori.<\/p>\n","protected":false},"excerpt":{"rendered":"<p>Tyhj\u00e4n nestekaasupullon vaihto t\u00e4yteen pulloon. Ter\u00e4spullopainoventtiilill\u00e4. Sis\u00e4lt\u00f6: 2kg, Korkeus: 315mm, Korkeusventtiilin kanssa: 400mm, Halkaisija: 200mm, Kuoren paino: 4kg Josteill\u00e4 ei ole tyhj\u00e4\u00e4 pulloa, ja tarvitsette t\u00e4yden kaasupullon,tilatkaa my\u00f6s kuori.<\/p>\n","protected":false},"featured_media":102791,"comment_status":"open","ping_status":"closed","template":"","meta":[],"product_brand":[],"product_cat":[3367],"product_tag":[],"class_list":{"0":"post-71755","1":"product","2":"type-product","3":"status-publish","4":"has-post-thumbnail","6":"product_cat-kemikaalit-kaasut-nestekaasu","8":"first","9":"instock","10":"shipping-taxable","11":"purchasable","12":"product-type-simple"},"_links":{"self":[{"href":"https:\/\/logistiikkakeskus.net\/kauppa\/wp-json\/wp\/v2\/product\/71755","targetHints":{"allow":["GET"]}}],"collection":[{"href":"https:\/\/logistiikkakeskus.net\/kauppa\/wp-json\/wp\/v2\/product"}],"about":[{"href":"https:\/\/logistiikkakeskus.net\/kauppa\/wp-json\/wp\/v2\/types\/product"}],"replies":[{"embeddable":true,"href":"https:\/\/logistiikkakeskus.net\/kauppa\/wp-json\/wp\/v2\/comments?post=71755"}],"wp:featuredmedia":[{"embeddable":true,"href":"https:\/\/logistiikkakeskus.net\/kauppa\/wp-json\/wp\/v2\/media\/102791"}],"wp:attachment":[{"href":"https:\/\/logistiikkakeskus.net\/kauppa\/wp-json\/wp\/v2\/media?parent=71755"}],"wp:term":[{"taxonomy":"product_brand","embeddable":true,"href":"https:\/\/logistiikkakeskus.net\/kauppa\/wp-json\/wp\/v2\/product_brand?post=71755"},{"taxonomy":"product_cat","embeddable":true,"href":"https:\/\/logistiikkakeskus.net\/kauppa\/wp-json\/wp\/v2\/product_cat?post=71755"},{"taxonomy":"product_tag","embeddable":true,"href":"https:\/\/logistiikkakeskus.net\/kauppa\/wp-json\/wp\/v2\/product_tag?post=71755"}],"curies":[{"name":"wp","href":"https:\/\/api.w.org\/{rel}","templated":true}]}}