{"id":71721,"date":"2022-12-01T09:19:22","date_gmt":"2022-12-01T09:19:22","guid":{"rendered":"https:\/\/logistiikkakeskus.net\/kauppa\/tuote\/hiekoitussepeli-3-6mm-web-20kg-lava-48sk\/"},"modified":"2026-01-20T09:16:57","modified_gmt":"2026-01-20T07:16:57","slug":"hiekoitussepeli-3-6mm-web-20kg-lava-48sk","status":"publish","type":"product","link":"https:\/\/logistiikkakeskus.net\/kauppa\/tuote\/hiekoitussepeli-3-6mm-web-20kg-lava-48sk\/","title":{"rendered":"Hiekoitussepeli 3-6mm 20kg Lava 48SK"},"content":{"rendered":"<p>Kuivatulla hiekoitussepelill\u00e4 torjut liukkautta ja hiekoitat k\u00e4tev\u00e4stipihan kulkuv\u00e4yl\u00e4t. Raekoko 3 &#8211; 6 mm. Pakkauskoko 20 kg, muovis\u00e4kiss\u00e4.Hakusanat: hiekoitushiekka, hiekotus, liukkaudentorjuntaFesconLava 48sk<\/p>\n","protected":false},"excerpt":{"rendered":"<p>Kuivatulla hiekoitussepelill\u00e4 torjut liukkautta ja hiekoitat k\u00e4tev\u00e4stipihan kulkuv\u00e4yl\u00e4t. Raekoko 3 &#8211; 6 mm. Pakkauskoko 20 kg, muovis\u00e4kiss\u00e4.Hakusanat: hiekoitushiekka, hiekotus, liukkaudentorjuntaFesconLava 48sk<\/p>\n","protected":false},"featured_media":102787,"comment_status":"open","ping_status":"closed","template":"","meta":[],"product_brand":[],"product_cat":[3366],"product_tag":[],"class_list":{"0":"post-71721","1":"product","2":"type-product","3":"status-publish","4":"has-post-thumbnail","6":"product_cat-kiinteistotarvikkeet-liukkaudentorjunta-hiekat","8":"first","9":"instock","10":"shipping-taxable","11":"purchasable","12":"product-type-simple"},"_links":{"self":[{"href":"https:\/\/logistiikkakeskus.net\/kauppa\/wp-json\/wp\/v2\/product\/71721","targetHints":{"allow":["GET"]}}],"collection":[{"href":"https:\/\/logistiikkakeskus.net\/kauppa\/wp-json\/wp\/v2\/product"}],"about":[{"href":"https:\/\/logistiikkakeskus.net\/kauppa\/wp-json\/wp\/v2\/types\/product"}],"replies":[{"embeddable":true,"href":"https:\/\/logistiikkakeskus.net\/kauppa\/wp-json\/wp\/v2\/comments?post=71721"}],"wp:featuredmedia":[{"embeddable":true,"href":"https:\/\/logistiikkakeskus.net\/kauppa\/wp-json\/wp\/v2\/media\/102787"}],"wp:attachment":[{"href":"https:\/\/logistiikkakeskus.net\/kauppa\/wp-json\/wp\/v2\/media?parent=71721"}],"wp:term":[{"taxonomy":"product_brand","embeddable":true,"href":"https:\/\/logistiikkakeskus.net\/kauppa\/wp-json\/wp\/v2\/product_brand?post=71721"},{"taxonomy":"product_cat","embeddable":true,"href":"https:\/\/logistiikkakeskus.net\/kauppa\/wp-json\/wp\/v2\/product_cat?post=71721"},{"taxonomy":"product_tag","embeddable":true,"href":"https:\/\/logistiikkakeskus.net\/kauppa\/wp-json\/wp\/v2\/product_tag?post=71721"}],"curies":[{"name":"wp","href":"https:\/\/api.w.org\/{rel}","templated":true}]}}