{"id":71658,"date":"2022-12-01T09:18:52","date_gmt":"2022-12-01T09:18:52","guid":{"rendered":"https:\/\/logistiikkakeskus.net\/kauppa\/tuote\/valmistasoite-hole-in-1-500-ml\/"},"modified":"2026-01-20T09:16:54","modified_gmt":"2026-01-20T07:16:54","slug":"valmistasoite-hole-in-1-500-ml","status":"publish","type":"product","link":"https:\/\/logistiikkakeskus.net\/kauppa\/tuote\/valmistasoite-hole-in-1-500-ml\/","title":{"rendered":"Valmistasoite Hole-in-1 500 ml"},"content":{"rendered":"<p>Hole-in-1 erikoiskevyt tasoite 500mlTIKKURILAErityiskevyt, kutistumaton paikkauskitti sein\u00e4pinnoissa olevien naulankolojen ja kuoppien t\u00e4ytt\u00f6\u00f6n. Kitti\u00e4 t\u00e4ytet\u00e4\u00e4n kertaalleen \u00e4\u00e4ri\u00e4\u00e4nmy\u00f6ten ja poistetaan kevyesti ylim\u00e4\u00e4r\u00e4inen  pois. K\u00e4yt\u00e4nn\u00f6ss\u00e4 l\u00e4heskutistumaton, <5%.\n<\/p>\n","protected":false},"excerpt":{"rendered":"<p>Hole-in-1 erikoiskevyt tasoite 500mlTIKKURILAErityiskevyt, kutistumaton paikkauskitti sein\u00e4pinnoissa olevien naulankolojen ja kuoppien t\u00e4ytt\u00f6\u00f6n. Kitti\u00e4 t\u00e4ytet\u00e4\u00e4n kertaalleen \u00e4\u00e4ri\u00e4\u00e4nmy\u00f6ten ja poistetaan kevyesti ylim\u00e4\u00e4r\u00e4inen pois. K\u00e4yt\u00e4nn\u00f6ss\u00e4 l\u00e4heskutistumaton,<\/p>\n","protected":false},"featured_media":0,"comment_status":"open","ping_status":"closed","template":"","meta":[],"product_brand":[],"product_cat":[3329],"product_tag":[],"class_list":{"0":"post-71658","1":"product","2":"type-product","3":"status-publish","5":"product_cat-rakennustarvikkeet-laastit-ja-sementit-tarvikkeet-ja-lisaaineet","7":"first","8":"instock","9":"shipping-taxable","10":"purchasable","11":"product-type-simple"},"_links":{"self":[{"href":"https:\/\/logistiikkakeskus.net\/kauppa\/wp-json\/wp\/v2\/product\/71658","targetHints":{"allow":["GET"]}}],"collection":[{"href":"https:\/\/logistiikkakeskus.net\/kauppa\/wp-json\/wp\/v2\/product"}],"about":[{"href":"https:\/\/logistiikkakeskus.net\/kauppa\/wp-json\/wp\/v2\/types\/product"}],"replies":[{"embeddable":true,"href":"https:\/\/logistiikkakeskus.net\/kauppa\/wp-json\/wp\/v2\/comments?post=71658"}],"wp:attachment":[{"href":"https:\/\/logistiikkakeskus.net\/kauppa\/wp-json\/wp\/v2\/media?parent=71658"}],"wp:term":[{"taxonomy":"product_brand","embeddable":true,"href":"https:\/\/logistiikkakeskus.net\/kauppa\/wp-json\/wp\/v2\/product_brand?post=71658"},{"taxonomy":"product_cat","embeddable":true,"href":"https:\/\/logistiikkakeskus.net\/kauppa\/wp-json\/wp\/v2\/product_cat?post=71658"},{"taxonomy":"product_tag","embeddable":true,"href":"https:\/\/logistiikkakeskus.net\/kauppa\/wp-json\/wp\/v2\/product_tag?post=71658"}],"curies":[{"name":"wp","href":"https:\/\/api.w.org\/{rel}","templated":true}]}}