{"id":71537,"date":"2022-12-01T09:17:54","date_gmt":"2022-12-01T09:17:54","guid":{"rendered":"https:\/\/logistiikkakeskus.net\/kauppa\/tuote\/valiseinatolppa-lvl-39x66x2550-storaenso\/"},"modified":"2025-10-15T10:17:00","modified_gmt":"2025-10-15T07:17:00","slug":"valiseinatolppa-lvl-39x66x2550-storaenso","status":"publish","type":"product","link":"https:\/\/logistiikkakeskus.net\/kauppa\/tuote\/valiseinatolppa-lvl-39x66x2550-storaenso\/","title":{"rendered":"V\u00e4lisein\u00e4tolppa LVL 39X66X2550 Storaenso"},"content":{"rendered":"<p>V\u00e4lisein\u00e4tolppa LVL Stora Enso 39x66x2550 kuusiSTORAENSOMittansa pit\u00e4v\u00e4 kieroutumaton ja j\u00e4m\u00e4kk\u00e4 v\u00e4lisein\u00e4tolppa kaikkeenrakentamiseen.<\/p>\n","protected":false},"excerpt":{"rendered":"<p>V\u00e4lisein\u00e4tolppa LVL Stora Enso 39x66x2550 kuusiSTORAENSOMittansa pit\u00e4v\u00e4 kieroutumaton ja j\u00e4m\u00e4kk\u00e4 v\u00e4lisein\u00e4tolppa kaikkeenrakentamiseen.<\/p>\n","protected":false},"featured_media":0,"comment_status":"open","ping_status":"closed","template":"","meta":[],"product_brand":[],"product_cat":[3323],"product_tag":[],"class_list":{"0":"post-71537","1":"product","2":"type-product","3":"status-publish","5":"product_cat-kiinteistotarvikkeet-muut-tuotteet-kiinteistotuotteet","7":"first","8":"instock","9":"shipping-taxable","10":"purchasable","11":"product-type-simple"},"_links":{"self":[{"href":"https:\/\/logistiikkakeskus.net\/kauppa\/wp-json\/wp\/v2\/product\/71537","targetHints":{"allow":["GET"]}}],"collection":[{"href":"https:\/\/logistiikkakeskus.net\/kauppa\/wp-json\/wp\/v2\/product"}],"about":[{"href":"https:\/\/logistiikkakeskus.net\/kauppa\/wp-json\/wp\/v2\/types\/product"}],"replies":[{"embeddable":true,"href":"https:\/\/logistiikkakeskus.net\/kauppa\/wp-json\/wp\/v2\/comments?post=71537"}],"wp:attachment":[{"href":"https:\/\/logistiikkakeskus.net\/kauppa\/wp-json\/wp\/v2\/media?parent=71537"}],"wp:term":[{"taxonomy":"product_brand","embeddable":true,"href":"https:\/\/logistiikkakeskus.net\/kauppa\/wp-json\/wp\/v2\/product_brand?post=71537"},{"taxonomy":"product_cat","embeddable":true,"href":"https:\/\/logistiikkakeskus.net\/kauppa\/wp-json\/wp\/v2\/product_cat?post=71537"},{"taxonomy":"product_tag","embeddable":true,"href":"https:\/\/logistiikkakeskus.net\/kauppa\/wp-json\/wp\/v2\/product_tag?post=71537"}],"curies":[{"name":"wp","href":"https:\/\/api.w.org\/{rel}","templated":true}]}}