{"id":71507,"date":"2022-12-01T09:17:39","date_gmt":"2022-12-01T09:17:39","guid":{"rendered":"https:\/\/logistiikkakeskus.net\/kauppa\/tuote\/saint-gobain-valumassan-tuli-25kg\/"},"modified":"2025-10-15T10:16:56","modified_gmt":"2025-10-15T07:16:56","slug":"saint-gobain-valumassan-tuli-25kg","status":"publish","type":"product","link":"https:\/\/logistiikkakeskus.net\/kauppa\/tuote\/saint-gobain-valumassan-tuli-25kg\/","title":{"rendered":"Saint-Gobain Valumassan Tuli 25KG"},"content":{"rendered":"<p>Leivinuunien, takkojen ja grillien tulenkest\u00e4vyytt\u00e4 vaativien osienvaluihin. Korkein k\u00e4ytt\u00f6l\u00e4mp\u00f6tila +1300 \u00b0C. Massa s\u00e4ilyyk\u00e4ytt\u00f6kelpoisena yhden tunnin vedenlis\u00e4yksest\u00e4. Valun paksuus v\u00e4hint\u00e4\u00e4n50 mm. Valuissa ei saa k\u00e4ytt\u00e4\u00e4 raudoitusta.<\/p>\n","protected":false},"excerpt":{"rendered":"<p>Leivinuunien, takkojen ja grillien tulenkest\u00e4vyytt\u00e4 vaativien osienvaluihin. Korkein k\u00e4ytt\u00f6l\u00e4mp\u00f6tila +1300 \u00b0C. Massa s\u00e4ilyyk\u00e4ytt\u00f6kelpoisena yhden tunnin vedenlis\u00e4yksest\u00e4. Valun paksuus v\u00e4hint\u00e4\u00e4n50 mm. Valuissa ei saa k\u00e4ytt\u00e4\u00e4 raudoitusta.<\/p>\n","protected":false},"featured_media":0,"comment_status":"open","ping_status":"closed","template":"","meta":[],"product_brand":[],"product_cat":[3323],"product_tag":[],"class_list":{"0":"post-71507","1":"product","2":"type-product","3":"status-publish","5":"product_cat-kiinteistotarvikkeet-muut-tuotteet-kiinteistotuotteet","7":"first","8":"instock","9":"shipping-taxable","10":"purchasable","11":"product-type-simple"},"_links":{"self":[{"href":"https:\/\/logistiikkakeskus.net\/kauppa\/wp-json\/wp\/v2\/product\/71507","targetHints":{"allow":["GET"]}}],"collection":[{"href":"https:\/\/logistiikkakeskus.net\/kauppa\/wp-json\/wp\/v2\/product"}],"about":[{"href":"https:\/\/logistiikkakeskus.net\/kauppa\/wp-json\/wp\/v2\/types\/product"}],"replies":[{"embeddable":true,"href":"https:\/\/logistiikkakeskus.net\/kauppa\/wp-json\/wp\/v2\/comments?post=71507"}],"wp:attachment":[{"href":"https:\/\/logistiikkakeskus.net\/kauppa\/wp-json\/wp\/v2\/media?parent=71507"}],"wp:term":[{"taxonomy":"product_brand","embeddable":true,"href":"https:\/\/logistiikkakeskus.net\/kauppa\/wp-json\/wp\/v2\/product_brand?post=71507"},{"taxonomy":"product_cat","embeddable":true,"href":"https:\/\/logistiikkakeskus.net\/kauppa\/wp-json\/wp\/v2\/product_cat?post=71507"},{"taxonomy":"product_tag","embeddable":true,"href":"https:\/\/logistiikkakeskus.net\/kauppa\/wp-json\/wp\/v2\/product_tag?post=71507"}],"curies":[{"name":"wp","href":"https:\/\/api.w.org\/{rel}","templated":true}]}}