{"id":71505,"date":"2022-12-01T09:17:38","date_gmt":"2022-12-01T09:17:38","guid":{"rendered":"https:\/\/logistiikkakeskus.net\/kauppa\/tuote\/reikasaha-srj-bosch-35-127mm-13-os\/"},"modified":"2026-01-20T09:16:49","modified_gmt":"2026-01-20T07:16:49","slug":"reikasaha-srj-bosch-35-127mm-13-os","status":"publish","type":"product","link":"https:\/\/logistiikkakeskus.net\/kauppa\/tuote\/reikasaha-srj-bosch-35-127mm-13-os\/","title":{"rendered":"Reik\u00e4saha SRJ Bosch 35-127mm 13-OS"},"content":{"rendered":"<p>Reik\u00e4sahasarja Bosch 35-127mm 13-os. BIMBOSCHAmmattilaadun reik\u00e4sahasarjapuulle, metallille ja muoville. Koot35\/54\/70\/76\/83\/95\/102\/114\/127 mm. Mukana my\u00f6s keski\u00f6pora ja jatkovarsi(305 mm). Tukeva laukku.<\/p>\n","protected":false},"excerpt":{"rendered":"<p>Reik\u00e4sahasarja Bosch 35-127mm 13-os. BIMBOSCHAmmattilaadun reik\u00e4sahasarjapuulle, metallille ja muoville. Koot35\/54\/70\/76\/83\/95\/102\/114\/127 mm. Mukana my\u00f6s keski\u00f6pora ja jatkovarsi(305 mm). Tukeva laukku.<\/p>\n","protected":false},"featured_media":0,"comment_status":"open","ping_status":"closed","template":"","meta":[],"product_brand":[],"product_cat":[3323],"product_tag":[],"class_list":{"0":"post-71505","1":"product","2":"type-product","3":"status-publish","5":"product_cat-kiinteistotarvikkeet-muut-tuotteet-kiinteistotuotteet","7":"first","8":"instock","9":"shipping-taxable","10":"purchasable","11":"product-type-simple"},"_links":{"self":[{"href":"https:\/\/logistiikkakeskus.net\/kauppa\/wp-json\/wp\/v2\/product\/71505","targetHints":{"allow":["GET"]}}],"collection":[{"href":"https:\/\/logistiikkakeskus.net\/kauppa\/wp-json\/wp\/v2\/product"}],"about":[{"href":"https:\/\/logistiikkakeskus.net\/kauppa\/wp-json\/wp\/v2\/types\/product"}],"replies":[{"embeddable":true,"href":"https:\/\/logistiikkakeskus.net\/kauppa\/wp-json\/wp\/v2\/comments?post=71505"}],"wp:attachment":[{"href":"https:\/\/logistiikkakeskus.net\/kauppa\/wp-json\/wp\/v2\/media?parent=71505"}],"wp:term":[{"taxonomy":"product_brand","embeddable":true,"href":"https:\/\/logistiikkakeskus.net\/kauppa\/wp-json\/wp\/v2\/product_brand?post=71505"},{"taxonomy":"product_cat","embeddable":true,"href":"https:\/\/logistiikkakeskus.net\/kauppa\/wp-json\/wp\/v2\/product_cat?post=71505"},{"taxonomy":"product_tag","embeddable":true,"href":"https:\/\/logistiikkakeskus.net\/kauppa\/wp-json\/wp\/v2\/product_tag?post=71505"}],"curies":[{"name":"wp","href":"https:\/\/api.w.org\/{rel}","templated":true}]}}