{"id":71327,"date":"2022-12-01T09:16:39","date_gmt":"2022-12-01T09:16:39","guid":{"rendered":"https:\/\/logistiikkakeskus.net\/kauppa\/tuote\/korvatulppa-ear-soft-250-prpkt\/"},"modified":"2026-01-20T09:16:42","modified_gmt":"2026-01-20T07:16:42","slug":"korvatulppa-ear-soft-250-prpkt","status":"publish","type":"product","link":"https:\/\/logistiikkakeskus.net\/kauppa\/tuote\/korvatulppa-ear-soft-250-prpkt\/","title":{"rendered":"Korvatulppa EAR Classic, 250 pr\/pkt"},"content":{"rendered":"<p>Korvatulppa EAR Classic 250 pr\/pktValmistettu hitaasti laajentuvasta, ymp\u00e4rist\u00f6yst\u00e4v\u00e4llisest\u00e4polyuretaanivaahdosta. Korvatulpan puristus jakautuu tasaisesti ja setiivist\u00e4\u00e4 hyvin. Vastaa EN 352 vaatimuksia.Vaimennusarvot:H = 34M = 34L = 31SNR = 36Myyd\u00e4\u00e4n 250 pr:n laatikossa<\/p>\n","protected":false},"excerpt":{"rendered":"<p>Korvatulppa EAR Classic 250 pr\/pktValmistettu hitaasti laajentuvasta, ymp\u00e4rist\u00f6yst\u00e4v\u00e4llisest\u00e4polyuretaanivaahdosta. Korvatulpan puristus jakautuu tasaisesti ja setiivist\u00e4\u00e4 hyvin. Vastaa EN 352 vaatimuksia.Vaimennusarvot:H = 34M = 34L = 31SNR = 36Myyd\u00e4\u00e4n 250 pr:n laatikossa<\/p>\n","protected":false},"featured_media":102665,"comment_status":"open","ping_status":"closed","template":"","meta":[],"product_brand":[],"product_cat":[3280],"product_tag":[],"class_list":{"0":"post-71327","1":"product","2":"type-product","3":"status-publish","4":"has-post-thumbnail","6":"product_cat-henkilonsuojaimet-ja-tyoturvallisuus-henkilonsuojaimet-kuulosuojaimet","8":"first","9":"instock","10":"shipping-taxable","11":"purchasable","12":"product-type-simple"},"_links":{"self":[{"href":"https:\/\/logistiikkakeskus.net\/kauppa\/wp-json\/wp\/v2\/product\/71327","targetHints":{"allow":["GET"]}}],"collection":[{"href":"https:\/\/logistiikkakeskus.net\/kauppa\/wp-json\/wp\/v2\/product"}],"about":[{"href":"https:\/\/logistiikkakeskus.net\/kauppa\/wp-json\/wp\/v2\/types\/product"}],"replies":[{"embeddable":true,"href":"https:\/\/logistiikkakeskus.net\/kauppa\/wp-json\/wp\/v2\/comments?post=71327"}],"wp:featuredmedia":[{"embeddable":true,"href":"https:\/\/logistiikkakeskus.net\/kauppa\/wp-json\/wp\/v2\/media\/102665"}],"wp:attachment":[{"href":"https:\/\/logistiikkakeskus.net\/kauppa\/wp-json\/wp\/v2\/media?parent=71327"}],"wp:term":[{"taxonomy":"product_brand","embeddable":true,"href":"https:\/\/logistiikkakeskus.net\/kauppa\/wp-json\/wp\/v2\/product_brand?post=71327"},{"taxonomy":"product_cat","embeddable":true,"href":"https:\/\/logistiikkakeskus.net\/kauppa\/wp-json\/wp\/v2\/product_cat?post=71327"},{"taxonomy":"product_tag","embeddable":true,"href":"https:\/\/logistiikkakeskus.net\/kauppa\/wp-json\/wp\/v2\/product_tag?post=71327"}],"curies":[{"name":"wp","href":"https:\/\/api.w.org\/{rel}","templated":true}]}}