{"id":71318,"date":"2022-12-01T09:16:36","date_gmt":"2022-12-01T09:16:36","guid":{"rendered":"https:\/\/logistiikkakeskus.net\/kauppa\/tuote\/kattolaat-kerabit-k-e-easy-musta-3m2pkt\/"},"modified":"2025-10-15T10:16:47","modified_gmt":"2025-10-15T07:16:47","slug":"kattolaat-kerabit-k-e-easy-musta-3m2pkt","status":"publish","type":"product","link":"https:\/\/logistiikkakeskus.net\/kauppa\/tuote\/kattolaat-kerabit-k-e-easy-musta-3m2pkt\/","title":{"rendered":"Kattolaat Kerabit K E easy Musta 3M2\/PKT"},"content":{"rendered":"<p>Kattolaatta Kerabit K Easy musta 3m\u00b2\/pktKERABITNopeasti asennettava bitumipaanukatto ilman irrotettavaa suojamuovia.Sopii katoille, joiden kaltevuus on 1:5 tai jyrkempi. Bitumipaanu onkest\u00e4v\u00e4, vedenpit\u00e4v\u00e4 ja hiljainen sateella eik\u00e4 asennus vaadierikoisty\u00f6kaluja.<\/p>\n","protected":false},"excerpt":{"rendered":"<p>Kattolaatta Kerabit K Easy musta 3m\u00b2\/pktKERABITNopeasti asennettava bitumipaanukatto ilman irrotettavaa suojamuovia.Sopii katoille, joiden kaltevuus on 1:5 tai jyrkempi. Bitumipaanu onkest\u00e4v\u00e4, vedenpit\u00e4v\u00e4 ja hiljainen sateella eik\u00e4 asennus vaadierikoisty\u00f6kaluja.<\/p>\n","protected":false},"featured_media":0,"comment_status":"open","ping_status":"closed","template":"","meta":[],"product_brand":[],"product_cat":[3323],"product_tag":[],"class_list":{"0":"post-71318","1":"product","2":"type-product","3":"status-publish","5":"product_cat-kiinteistotarvikkeet-muut-tuotteet-kiinteistotuotteet","7":"first","8":"instock","9":"shipping-taxable","10":"purchasable","11":"product-type-simple"},"_links":{"self":[{"href":"https:\/\/logistiikkakeskus.net\/kauppa\/wp-json\/wp\/v2\/product\/71318","targetHints":{"allow":["GET"]}}],"collection":[{"href":"https:\/\/logistiikkakeskus.net\/kauppa\/wp-json\/wp\/v2\/product"}],"about":[{"href":"https:\/\/logistiikkakeskus.net\/kauppa\/wp-json\/wp\/v2\/types\/product"}],"replies":[{"embeddable":true,"href":"https:\/\/logistiikkakeskus.net\/kauppa\/wp-json\/wp\/v2\/comments?post=71318"}],"wp:attachment":[{"href":"https:\/\/logistiikkakeskus.net\/kauppa\/wp-json\/wp\/v2\/media?parent=71318"}],"wp:term":[{"taxonomy":"product_brand","embeddable":true,"href":"https:\/\/logistiikkakeskus.net\/kauppa\/wp-json\/wp\/v2\/product_brand?post=71318"},{"taxonomy":"product_cat","embeddable":true,"href":"https:\/\/logistiikkakeskus.net\/kauppa\/wp-json\/wp\/v2\/product_cat?post=71318"},{"taxonomy":"product_tag","embeddable":true,"href":"https:\/\/logistiikkakeskus.net\/kauppa\/wp-json\/wp\/v2\/product_tag?post=71318"}],"curies":[{"name":"wp","href":"https:\/\/api.w.org\/{rel}","templated":true}]}}