{"id":71310,"date":"2022-12-01T09:16:32","date_gmt":"2022-12-01T09:16:32","guid":{"rendered":"https:\/\/logistiikkakeskus.net\/kauppa\/tuote\/paatyraystaspelti-kerabit-2m-rr33-musta\/"},"modified":"2025-10-15T10:16:47","modified_gmt":"2025-10-15T07:16:47","slug":"paatyraystaspelti-kerabit-2m-rr33-musta","status":"publish","type":"product","link":"https:\/\/logistiikkakeskus.net\/kauppa\/tuote\/paatyraystaspelti-kerabit-2m-rr33-musta\/","title":{"rendered":"P\u00e4\u00e4tyr\u00e4yst\u00e4spelti Kerabit 2M RR33 Musta"},"content":{"rendered":"<p>P\u00e4\u00e4tyr\u00e4yst\u00e4spelti Kerabit 2m RR33 mustaKERABITP\u00e4\u00e4tyr\u00e4yst\u00e4spelti on 2 m pitk\u00e4 pinnoitettu pelti katon r\u00e4yst\u00e4isiin.R\u00e4yst\u00e4spellill\u00e4 ohjataan vesi pois rakenteesta.<\/p>\n","protected":false},"excerpt":{"rendered":"<p>P\u00e4\u00e4tyr\u00e4yst\u00e4spelti Kerabit 2m RR33 mustaKERABITP\u00e4\u00e4tyr\u00e4yst\u00e4spelti on 2 m pitk\u00e4 pinnoitettu pelti katon r\u00e4yst\u00e4isiin.R\u00e4yst\u00e4spellill\u00e4 ohjataan vesi pois rakenteesta.<\/p>\n","protected":false},"featured_media":0,"comment_status":"open","ping_status":"closed","template":"","meta":[],"product_brand":[],"product_cat":[3323],"product_tag":[],"class_list":{"0":"post-71310","1":"product","2":"type-product","3":"status-publish","5":"product_cat-kiinteistotarvikkeet-muut-tuotteet-kiinteistotuotteet","7":"first","8":"instock","9":"shipping-taxable","10":"purchasable","11":"product-type-simple"},"_links":{"self":[{"href":"https:\/\/logistiikkakeskus.net\/kauppa\/wp-json\/wp\/v2\/product\/71310","targetHints":{"allow":["GET"]}}],"collection":[{"href":"https:\/\/logistiikkakeskus.net\/kauppa\/wp-json\/wp\/v2\/product"}],"about":[{"href":"https:\/\/logistiikkakeskus.net\/kauppa\/wp-json\/wp\/v2\/types\/product"}],"replies":[{"embeddable":true,"href":"https:\/\/logistiikkakeskus.net\/kauppa\/wp-json\/wp\/v2\/comments?post=71310"}],"wp:attachment":[{"href":"https:\/\/logistiikkakeskus.net\/kauppa\/wp-json\/wp\/v2\/media?parent=71310"}],"wp:term":[{"taxonomy":"product_brand","embeddable":true,"href":"https:\/\/logistiikkakeskus.net\/kauppa\/wp-json\/wp\/v2\/product_brand?post=71310"},{"taxonomy":"product_cat","embeddable":true,"href":"https:\/\/logistiikkakeskus.net\/kauppa\/wp-json\/wp\/v2\/product_cat?post=71310"},{"taxonomy":"product_tag","embeddable":true,"href":"https:\/\/logistiikkakeskus.net\/kauppa\/wp-json\/wp\/v2\/product_tag?post=71310"}],"curies":[{"name":"wp","href":"https:\/\/api.w.org\/{rel}","templated":true}]}}