{"id":71299,"date":"2022-12-01T09:16:26","date_gmt":"2022-12-01T09:16:26","guid":{"rendered":"https:\/\/logistiikkakeskus.net\/kauppa\/tuote\/sini-ruutukuivain-15-cm\/"},"modified":"2026-01-20T09:16:41","modified_gmt":"2026-01-20T07:16:41","slug":"sini-ruutukuivain-15-cm","status":"publish","type":"product","link":"https:\/\/logistiikkakeskus.net\/kauppa\/tuote\/sini-ruutukuivain-15-cm\/","title":{"rendered":"Sini ruutukuivain 15 cm"},"content":{"rendered":"<p>Kapea Ruutukuivain-ikkunalasta on tarkoitettu pienten ikkunaruutujen jakapeiden tuuletusikkunoiden kuivaamiseen. Pieni ikkunankuivain kuivaaikkunasi raidattoman kirkkaiksi. Ikkunalastan runkoa  leve\u00e4mpi kumiylettyy lasin reunaan asti ja suojaa ikkunanpuitteita. Varren hyv\u00e4nmuotoilun ansiosta kuivain on koko ajan oikeassa asennossa kuivattavaanpintaan n\u00e4hden. Ergonominen riitt\u00e4v\u00e4n pitk\u00e4 kahva ei my\u00f6sk\u00e4\u00e4n painak\u00e4mmenpohjaa.<\/p>\n","protected":false},"excerpt":{"rendered":"<p>Kapea Ruutukuivain-ikkunalasta on tarkoitettu pienten ikkunaruutujen jakapeiden tuuletusikkunoiden kuivaamiseen. Pieni ikkunankuivain kuivaaikkunasi raidattoman kirkkaiksi. Ikkunalastan runkoa leve\u00e4mpi kumiylettyy lasin reunaan asti ja suojaa ikkunanpuitteita. Varren hyv\u00e4nmuotoilun ansiosta kuivain on koko ajan oikeassa asennossa kuivattavaanpintaan n\u00e4hden. Ergonominen riitt\u00e4v\u00e4n pitk\u00e4 kahva ei my\u00f6sk\u00e4\u00e4n painak\u00e4mmenpohjaa.<\/p>\n","protected":false},"featured_media":102660,"comment_status":"open","ping_status":"closed","template":"","meta":[],"product_brand":[],"product_cat":[3128],"product_tag":[],"class_list":{"0":"post-71299","1":"product","2":"type-product","3":"status-publish","4":"has-post-thumbnail","6":"product_cat-siivousvalineet-ja-tarvikkeet-kuivaimet-ikkunankuivaimet","8":"first","9":"instock","10":"shipping-taxable","11":"purchasable","12":"product-type-simple"},"_links":{"self":[{"href":"https:\/\/logistiikkakeskus.net\/kauppa\/wp-json\/wp\/v2\/product\/71299","targetHints":{"allow":["GET"]}}],"collection":[{"href":"https:\/\/logistiikkakeskus.net\/kauppa\/wp-json\/wp\/v2\/product"}],"about":[{"href":"https:\/\/logistiikkakeskus.net\/kauppa\/wp-json\/wp\/v2\/types\/product"}],"replies":[{"embeddable":true,"href":"https:\/\/logistiikkakeskus.net\/kauppa\/wp-json\/wp\/v2\/comments?post=71299"}],"wp:featuredmedia":[{"embeddable":true,"href":"https:\/\/logistiikkakeskus.net\/kauppa\/wp-json\/wp\/v2\/media\/102660"}],"wp:attachment":[{"href":"https:\/\/logistiikkakeskus.net\/kauppa\/wp-json\/wp\/v2\/media?parent=71299"}],"wp:term":[{"taxonomy":"product_brand","embeddable":true,"href":"https:\/\/logistiikkakeskus.net\/kauppa\/wp-json\/wp\/v2\/product_brand?post=71299"},{"taxonomy":"product_cat","embeddable":true,"href":"https:\/\/logistiikkakeskus.net\/kauppa\/wp-json\/wp\/v2\/product_cat?post=71299"},{"taxonomy":"product_tag","embeddable":true,"href":"https:\/\/logistiikkakeskus.net\/kauppa\/wp-json\/wp\/v2\/product_tag?post=71299"}],"curies":[{"name":"wp","href":"https:\/\/api.w.org\/{rel}","templated":true}]}}