{"id":71286,"date":"2022-12-01T09:16:21","date_gmt":"2022-12-01T09:16:21","guid":{"rendered":"https:\/\/logistiikkakeskus.net\/kauppa\/tuote\/kokovaljas-cresto-1116-one-size\/"},"modified":"2025-10-15T10:16:45","modified_gmt":"2025-10-15T07:16:45","slug":"kokovaljas-cresto-1116-one-size","status":"publish","type":"product","link":"https:\/\/logistiikkakeskus.net\/kauppa\/tuote\/kokovaljas-cresto-1116-one-size\/","title":{"rendered":"Kokovaljas Cresto 1116 One size"},"content":{"rendered":"<p>TuotekuvausWorker Base+ -valjaissa on pikalukot ja kiinnityspisteet rinnassa jasel\u00e4ss\u00e4. Valjaat on testattu ja hyv\u00e4ksytty maks. 140 kg k\u00e4ytt\u00e4jille, jasaatavana on yksi yleisesti sopiva koko. Valmistusmateriaalina onCreston valjaille tyypilliseen tapaan vahva 45 mm polyesterinauha, jonkakapasiteetti on 38 kN.PikalukotMaks. 140 kg k\u00e4ytt\u00e4jille.Yksi yleisesti sopiva koko.<\/p>\n","protected":false},"excerpt":{"rendered":"<p>TuotekuvausWorker Base+ -valjaissa on pikalukot ja kiinnityspisteet rinnassa jasel\u00e4ss\u00e4. Valjaat on testattu ja hyv\u00e4ksytty maks. 140 kg k\u00e4ytt\u00e4jille, jasaatavana on yksi yleisesti sopiva koko. Valmistusmateriaalina onCreston valjaille tyypilliseen tapaan vahva 45 mm polyesterinauha, jonkakapasiteetti on 38 kN.PikalukotMaks. 140 kg k\u00e4ytt\u00e4jille.Yksi yleisesti sopiva koko.<\/p>\n","protected":false},"featured_media":0,"comment_status":"open","ping_status":"closed","template":"","meta":[],"product_brand":[],"product_cat":[3336],"product_tag":[],"class_list":{"0":"post-71286","1":"product","2":"type-product","3":"status-publish","5":"product_cat-henkilonsuojaimet-ja-tyoturvallisuus-henkilonsuojaimet-putoamissuojaimet-ja-turvavaljaat","7":"first","8":"instock","9":"shipping-taxable","10":"purchasable","11":"product-type-simple"},"_links":{"self":[{"href":"https:\/\/logistiikkakeskus.net\/kauppa\/wp-json\/wp\/v2\/product\/71286","targetHints":{"allow":["GET"]}}],"collection":[{"href":"https:\/\/logistiikkakeskus.net\/kauppa\/wp-json\/wp\/v2\/product"}],"about":[{"href":"https:\/\/logistiikkakeskus.net\/kauppa\/wp-json\/wp\/v2\/types\/product"}],"replies":[{"embeddable":true,"href":"https:\/\/logistiikkakeskus.net\/kauppa\/wp-json\/wp\/v2\/comments?post=71286"}],"wp:attachment":[{"href":"https:\/\/logistiikkakeskus.net\/kauppa\/wp-json\/wp\/v2\/media?parent=71286"}],"wp:term":[{"taxonomy":"product_brand","embeddable":true,"href":"https:\/\/logistiikkakeskus.net\/kauppa\/wp-json\/wp\/v2\/product_brand?post=71286"},{"taxonomy":"product_cat","embeddable":true,"href":"https:\/\/logistiikkakeskus.net\/kauppa\/wp-json\/wp\/v2\/product_cat?post=71286"},{"taxonomy":"product_tag","embeddable":true,"href":"https:\/\/logistiikkakeskus.net\/kauppa\/wp-json\/wp\/v2\/product_tag?post=71286"}],"curies":[{"name":"wp","href":"https:\/\/api.w.org\/{rel}","templated":true}]}}