{"id":71281,"date":"2022-12-01T09:16:19","date_gmt":"2022-12-01T09:16:19","guid":{"rendered":"https:\/\/logistiikkakeskus.net\/kauppa\/tuote\/kertak-kadenlammitin-grabber-1-pr\/"},"modified":"2026-01-20T09:16:40","modified_gmt":"2026-01-20T07:16:40","slug":"kertak-kadenlammitin-grabber-1-pr","status":"publish","type":"product","link":"https:\/\/logistiikkakeskus.net\/kauppa\/tuote\/kertak-kadenlammitin-grabber-1-pr\/","title":{"rendered":"Kertak. k\u00e4denl\u00e4mmitin Grabber, 1 pr"},"content":{"rendered":"<p>Grabber kertak\u00e4ytt\u00f6inen k\u00e4denl\u00e4mmitin on hyv\u00e4 suoja k\u00e4sien kylmentymist\u00e4ja paleltumista vastaan. Suojapussin avauduttua l\u00e4mp\u00f6tyynyt saavuttavatmuutamassa minuutissa 57-70 \u00b0C l\u00e4mp\u00f6tilan n. 7 tunnin ajaksi.L\u00e4mp\u00f6tyyny\u00e4 k\u00e4ytet\u00e4\u00e4n k\u00e4sineen sis\u00e4ll\u00e4. Povitaskussa k\u00e4denl\u00e4mmitinl\u00e4mmitt\u00e4\u00e4 koko kehon.<\/p>\n","protected":false},"excerpt":{"rendered":"<p>Grabber kertak\u00e4ytt\u00f6inen k\u00e4denl\u00e4mmitin on hyv\u00e4 suoja k\u00e4sien kylmentymist\u00e4ja paleltumista vastaan. Suojapussin avauduttua l\u00e4mp\u00f6tyynyt saavuttavatmuutamassa minuutissa 57-70 \u00b0C l\u00e4mp\u00f6tilan n. 7 tunnin ajaksi.L\u00e4mp\u00f6tyyny\u00e4 k\u00e4ytet\u00e4\u00e4n k\u00e4sineen sis\u00e4ll\u00e4. Povitaskussa k\u00e4denl\u00e4mmitinl\u00e4mmitt\u00e4\u00e4 koko kehon.<\/p>\n","protected":false},"featured_media":102655,"comment_status":"open","ping_status":"closed","template":"","meta":[],"product_brand":[],"product_cat":[3335],"product_tag":[],"class_list":{"0":"post-71281","1":"product","2":"type-product","3":"status-publish","4":"has-post-thumbnail","6":"product_cat-vaatteet-tyovaatteet-stara-kasineet","8":"first","9":"instock","10":"shipping-taxable","11":"purchasable","12":"product-type-simple"},"_links":{"self":[{"href":"https:\/\/logistiikkakeskus.net\/kauppa\/wp-json\/wp\/v2\/product\/71281","targetHints":{"allow":["GET"]}}],"collection":[{"href":"https:\/\/logistiikkakeskus.net\/kauppa\/wp-json\/wp\/v2\/product"}],"about":[{"href":"https:\/\/logistiikkakeskus.net\/kauppa\/wp-json\/wp\/v2\/types\/product"}],"replies":[{"embeddable":true,"href":"https:\/\/logistiikkakeskus.net\/kauppa\/wp-json\/wp\/v2\/comments?post=71281"}],"wp:featuredmedia":[{"embeddable":true,"href":"https:\/\/logistiikkakeskus.net\/kauppa\/wp-json\/wp\/v2\/media\/102655"}],"wp:attachment":[{"href":"https:\/\/logistiikkakeskus.net\/kauppa\/wp-json\/wp\/v2\/media?parent=71281"}],"wp:term":[{"taxonomy":"product_brand","embeddable":true,"href":"https:\/\/logistiikkakeskus.net\/kauppa\/wp-json\/wp\/v2\/product_brand?post=71281"},{"taxonomy":"product_cat","embeddable":true,"href":"https:\/\/logistiikkakeskus.net\/kauppa\/wp-json\/wp\/v2\/product_cat?post=71281"},{"taxonomy":"product_tag","embeddable":true,"href":"https:\/\/logistiikkakeskus.net\/kauppa\/wp-json\/wp\/v2\/product_tag?post=71281"}],"curies":[{"name":"wp","href":"https:\/\/api.w.org\/{rel}","templated":true}]}}