{"id":71277,"date":"2022-12-01T09:16:16","date_gmt":"2022-12-01T09:16:16","guid":{"rendered":"https:\/\/logistiikkakeskus.net\/kauppa\/tuote\/jalkalista-cello-11x42x3200-puuvalmis\/"},"modified":"2025-10-15T10:16:44","modified_gmt":"2025-10-15T07:16:44","slug":"jalkalista-cello-11x42x3200-puuvalmis","status":"publish","type":"product","link":"https:\/\/logistiikkakeskus.net\/kauppa\/tuote\/jalkalista-cello-11x42x3200-puuvalmis\/","title":{"rendered":"Jalkalista Cello 11x42x3200 Puuvalmis"},"content":{"rendered":"<p>Jalkalista Cello 11x42x3200mm puuvalmisCELLOK\u00e4sittelem\u00e4t\u00f6n m\u00e4ntylista. PEFC-sertifioitu.<\/p>\n","protected":false},"excerpt":{"rendered":"<p>Jalkalista Cello 11x42x3200mm puuvalmisCELLOK\u00e4sittelem\u00e4t\u00f6n m\u00e4ntylista. PEFC-sertifioitu.<\/p>\n","protected":false},"featured_media":0,"comment_status":"open","ping_status":"closed","template":"","meta":[],"product_brand":[],"product_cat":[3323],"product_tag":[],"class_list":{"0":"post-71277","1":"product","2":"type-product","3":"status-publish","5":"product_cat-kiinteistotarvikkeet-muut-tuotteet-kiinteistotuotteet","7":"first","8":"instock","9":"shipping-taxable","10":"purchasable","11":"product-type-simple"},"_links":{"self":[{"href":"https:\/\/logistiikkakeskus.net\/kauppa\/wp-json\/wp\/v2\/product\/71277","targetHints":{"allow":["GET"]}}],"collection":[{"href":"https:\/\/logistiikkakeskus.net\/kauppa\/wp-json\/wp\/v2\/product"}],"about":[{"href":"https:\/\/logistiikkakeskus.net\/kauppa\/wp-json\/wp\/v2\/types\/product"}],"replies":[{"embeddable":true,"href":"https:\/\/logistiikkakeskus.net\/kauppa\/wp-json\/wp\/v2\/comments?post=71277"}],"wp:attachment":[{"href":"https:\/\/logistiikkakeskus.net\/kauppa\/wp-json\/wp\/v2\/media?parent=71277"}],"wp:term":[{"taxonomy":"product_brand","embeddable":true,"href":"https:\/\/logistiikkakeskus.net\/kauppa\/wp-json\/wp\/v2\/product_brand?post=71277"},{"taxonomy":"product_cat","embeddable":true,"href":"https:\/\/logistiikkakeskus.net\/kauppa\/wp-json\/wp\/v2\/product_cat?post=71277"},{"taxonomy":"product_tag","embeddable":true,"href":"https:\/\/logistiikkakeskus.net\/kauppa\/wp-json\/wp\/v2\/product_tag?post=71277"}],"curies":[{"name":"wp","href":"https:\/\/api.w.org\/{rel}","templated":true}]}}