{"id":71271,"date":"2022-12-01T09:16:13","date_gmt":"2022-12-01T09:16:13","guid":{"rendered":"https:\/\/logistiikkakeskus.net\/kauppa\/tuote\/kertak-varvaslammitin-grabber-1-pr\/"},"modified":"2026-01-20T09:16:40","modified_gmt":"2026-01-20T07:16:40","slug":"kertak-varvaslammitin-grabber-1-pr","status":"publish","type":"product","link":"https:\/\/logistiikkakeskus.net\/kauppa\/tuote\/kertak-varvaslammitin-grabber-1-pr\/","title":{"rendered":"Kertak. varvasl\u00e4mmitin Grabber, 1 pr"},"content":{"rendered":"<p>Grabber kertak\u00e4ytt\u00f6inen varvasl\u00e4mmitin on hyv\u00e4 suoja jalkojenkylmentymist\u00e4 ja paleltumista vastaan. L\u00e4mmitin on muotoiltu p\u00e4ki\u00e4nmuotoiseksi ja se kiinnitet\u00e4\u00e4n pussin takana olevalla tarralla sukanulkopintaan. Ohuen muotonsa ansiosta se mahtuu mainiosti mm.laskettelumonoon. Grabber varvasl\u00e4mmitin on suunniteltu toimimaanv\u00e4h\u00e4isell\u00e4 happim\u00e4\u00e4r\u00e4ll\u00e4, joten se toimii mainiosti jalkineissa.L\u00e4mmitin saavuttaa 38-42 \u00b0C l\u00e4mp\u00f6tilan n. 6 tunnin ajaksi. hakusana:jalanl\u00e4mmitin, l\u00e4mmitystyyny<\/p>\n","protected":false},"excerpt":{"rendered":"<p>Grabber kertak\u00e4ytt\u00f6inen varvasl\u00e4mmitin on hyv\u00e4 suoja jalkojenkylmentymist\u00e4 ja paleltumista vastaan. L\u00e4mmitin on muotoiltu p\u00e4ki\u00e4nmuotoiseksi ja se kiinnitet\u00e4\u00e4n pussin takana olevalla tarralla sukanulkopintaan. Ohuen muotonsa ansiosta se mahtuu mainiosti mm.laskettelumonoon. Grabber varvasl\u00e4mmitin on suunniteltu toimimaanv\u00e4h\u00e4isell\u00e4 happim\u00e4\u00e4r\u00e4ll\u00e4, joten se toimii mainiosti jalkineissa.L\u00e4mmitin saavuttaa 38-42 \u00b0C l\u00e4mp\u00f6tilan n. 6 tunnin ajaksi. hakusana:jalanl\u00e4mmitin, l\u00e4mmitystyyny<\/p>\n","protected":false},"featured_media":102654,"comment_status":"open","ping_status":"closed","template":"","meta":[],"product_brand":[],"product_cat":[3334],"product_tag":[],"class_list":{"0":"post-71271","1":"product","2":"type-product","3":"status-publish","4":"has-post-thumbnail","6":"product_cat-vaatteet-jalkineet-tarvikkeet-ja-kenganhoitotuotteet","8":"first","9":"instock","10":"shipping-taxable","11":"purchasable","12":"product-type-simple"},"_links":{"self":[{"href":"https:\/\/logistiikkakeskus.net\/kauppa\/wp-json\/wp\/v2\/product\/71271","targetHints":{"allow":["GET"]}}],"collection":[{"href":"https:\/\/logistiikkakeskus.net\/kauppa\/wp-json\/wp\/v2\/product"}],"about":[{"href":"https:\/\/logistiikkakeskus.net\/kauppa\/wp-json\/wp\/v2\/types\/product"}],"replies":[{"embeddable":true,"href":"https:\/\/logistiikkakeskus.net\/kauppa\/wp-json\/wp\/v2\/comments?post=71271"}],"wp:featuredmedia":[{"embeddable":true,"href":"https:\/\/logistiikkakeskus.net\/kauppa\/wp-json\/wp\/v2\/media\/102654"}],"wp:attachment":[{"href":"https:\/\/logistiikkakeskus.net\/kauppa\/wp-json\/wp\/v2\/media?parent=71271"}],"wp:term":[{"taxonomy":"product_brand","embeddable":true,"href":"https:\/\/logistiikkakeskus.net\/kauppa\/wp-json\/wp\/v2\/product_brand?post=71271"},{"taxonomy":"product_cat","embeddable":true,"href":"https:\/\/logistiikkakeskus.net\/kauppa\/wp-json\/wp\/v2\/product_cat?post=71271"},{"taxonomy":"product_tag","embeddable":true,"href":"https:\/\/logistiikkakeskus.net\/kauppa\/wp-json\/wp\/v2\/product_tag?post=71271"}],"curies":[{"name":"wp","href":"https:\/\/api.w.org\/{rel}","templated":true}]}}