{"id":71268,"date":"2022-12-01T09:16:12","date_gmt":"2022-12-01T09:16:12","guid":{"rendered":"https:\/\/logistiikkakeskus.net\/kauppa\/tuote\/talvihousut-stara-huomio-l\/"},"modified":"2026-01-20T09:16:39","modified_gmt":"2026-01-20T07:16:39","slug":"talvihousut-stara-huomio-l","status":"publish","type":"product","link":"https:\/\/logistiikkakeskus.net\/kauppa\/tuote\/talvihousut-stara-huomio-l\/","title":{"rendered":"Talvihousut Stara Hi-Vis LK1, L"},"content":{"rendered":"<p>Vain Staran ty\u00f6ntekij\u00f6iden k\u00e4ytt\u00f6\u00f6n.L\u00e4mpim\u00e4t talvihousut korkealla vy\u00f6t\u00e4r\u00f6ll\u00e4. L\u00e4mmin vuori pit\u00e4\u00e4 jalatl\u00e4mp\u00f6isin\u00e4 kovillakin pakkasilla. Fluoresoiva v\u00e4ri n\u00e4kyy kauasp\u00e4iv\u00e4nvalossa ja h\u00e4m\u00e4r\u00e4ss\u00e4. Heijastinnauhat antavat k\u00e4ytt\u00e4j\u00e4lleen turvanpime\u00e4n aikaan.V\u00e4ri: kelt\/sinLuokka: LK1Hakusana: Stara,talvihousu,housu,toppahousu<\/p>\n","protected":false},"excerpt":{"rendered":"<p>Vain Staran ty\u00f6ntekij\u00f6iden k\u00e4ytt\u00f6\u00f6n.L\u00e4mpim\u00e4t talvihousut korkealla vy\u00f6t\u00e4r\u00f6ll\u00e4. L\u00e4mmin vuori pit\u00e4\u00e4 jalatl\u00e4mp\u00f6isin\u00e4 kovillakin pakkasilla. Fluoresoiva v\u00e4ri n\u00e4kyy kauasp\u00e4iv\u00e4nvalossa ja h\u00e4m\u00e4r\u00e4ss\u00e4. Heijastinnauhat antavat k\u00e4ytt\u00e4j\u00e4lleen turvanpime\u00e4n aikaan.V\u00e4ri: kelt\/sinLuokka: LK1Hakusana: Stara,talvihousu,housu,toppahousu<\/p>\n","protected":false},"featured_media":102651,"comment_status":"open","ping_status":"closed","template":"","meta":[],"product_brand":[],"product_cat":[3330],"product_tag":[],"class_list":{"0":"post-71268","1":"product","2":"type-product","3":"status-publish","4":"has-post-thumbnail","6":"product_cat-vaatteet-tyovaatteet-stara-talvivaatteet","8":"first","9":"instock","10":"shipping-taxable","11":"purchasable","12":"product-type-simple"},"_links":{"self":[{"href":"https:\/\/logistiikkakeskus.net\/kauppa\/wp-json\/wp\/v2\/product\/71268","targetHints":{"allow":["GET"]}}],"collection":[{"href":"https:\/\/logistiikkakeskus.net\/kauppa\/wp-json\/wp\/v2\/product"}],"about":[{"href":"https:\/\/logistiikkakeskus.net\/kauppa\/wp-json\/wp\/v2\/types\/product"}],"replies":[{"embeddable":true,"href":"https:\/\/logistiikkakeskus.net\/kauppa\/wp-json\/wp\/v2\/comments?post=71268"}],"wp:featuredmedia":[{"embeddable":true,"href":"https:\/\/logistiikkakeskus.net\/kauppa\/wp-json\/wp\/v2\/media\/102651"}],"wp:attachment":[{"href":"https:\/\/logistiikkakeskus.net\/kauppa\/wp-json\/wp\/v2\/media?parent=71268"}],"wp:term":[{"taxonomy":"product_brand","embeddable":true,"href":"https:\/\/logistiikkakeskus.net\/kauppa\/wp-json\/wp\/v2\/product_brand?post=71268"},{"taxonomy":"product_cat","embeddable":true,"href":"https:\/\/logistiikkakeskus.net\/kauppa\/wp-json\/wp\/v2\/product_cat?post=71268"},{"taxonomy":"product_tag","embeddable":true,"href":"https:\/\/logistiikkakeskus.net\/kauppa\/wp-json\/wp\/v2\/product_tag?post=71268"}],"curies":[{"name":"wp","href":"https:\/\/api.w.org\/{rel}","templated":true}]}}