{"id":71130,"date":"2022-12-01T09:15:21","date_gmt":"2022-12-01T09:15:21","guid":{"rendered":"https:\/\/logistiikkakeskus.net\/kauppa\/tuote\/savytys-27-l-hintaryhma-3-tikkurila\/"},"modified":"2025-10-15T10:16:36","modified_gmt":"2025-10-15T07:16:36","slug":"savytys-27-l-hintaryhma-3-tikkurila","status":"publish","type":"product","link":"https:\/\/logistiikkakeskus.net\/kauppa\/tuote\/savytys-27-l-hintaryhma-3-tikkurila\/","title":{"rendered":"S\u00e4vytys 2,7 L Perus-s\u00e4vyt Sin,Pun Ym"},"content":{"rendered":"<p>KalustonhoitoS\u00e4vytysPerus-s\u00e4vytMusta,Keltainen,Punainen, Sininen, Vihre\u00e4 ymPs tulevat aina C Pohjaan.<\/p>\n","protected":false},"excerpt":{"rendered":"<p>KalustonhoitoS\u00e4vytysPerus-s\u00e4vytMusta,Keltainen,Punainen, Sininen, Vihre\u00e4 ymPs tulevat aina C Pohjaan.<\/p>\n","protected":false},"featured_media":0,"comment_status":"open","ping_status":"closed","template":"","meta":[],"product_brand":[],"product_cat":[3329],"product_tag":[],"class_list":{"0":"post-71130","1":"product","2":"type-product","3":"status-publish","5":"product_cat-rakennustarvikkeet-laastit-ja-sementit-tarvikkeet-ja-lisaaineet","7":"first","8":"instock","9":"shipping-taxable","10":"purchasable","11":"product-type-simple"},"_links":{"self":[{"href":"https:\/\/logistiikkakeskus.net\/kauppa\/wp-json\/wp\/v2\/product\/71130","targetHints":{"allow":["GET"]}}],"collection":[{"href":"https:\/\/logistiikkakeskus.net\/kauppa\/wp-json\/wp\/v2\/product"}],"about":[{"href":"https:\/\/logistiikkakeskus.net\/kauppa\/wp-json\/wp\/v2\/types\/product"}],"replies":[{"embeddable":true,"href":"https:\/\/logistiikkakeskus.net\/kauppa\/wp-json\/wp\/v2\/comments?post=71130"}],"wp:attachment":[{"href":"https:\/\/logistiikkakeskus.net\/kauppa\/wp-json\/wp\/v2\/media?parent=71130"}],"wp:term":[{"taxonomy":"product_brand","embeddable":true,"href":"https:\/\/logistiikkakeskus.net\/kauppa\/wp-json\/wp\/v2\/product_brand?post=71130"},{"taxonomy":"product_cat","embeddable":true,"href":"https:\/\/logistiikkakeskus.net\/kauppa\/wp-json\/wp\/v2\/product_cat?post=71130"},{"taxonomy":"product_tag","embeddable":true,"href":"https:\/\/logistiikkakeskus.net\/kauppa\/wp-json\/wp\/v2\/product_tag?post=71130"}],"curies":[{"name":"wp","href":"https:\/\/api.w.org\/{rel}","templated":true}]}}